
{"id":832,"date":"2021-08-20T06:24:00","date_gmt":"2021-08-20T06:24:00","guid":{"rendered":"https:\/\/arveres.ugeto.com\/?page_id=832"},"modified":"2021-09-25T07:41:06","modified_gmt":"2021-09-25T07:41:06","slug":"etika-m","status":"publish","type":"page","link":"https:\/\/arveres.ugeto.com\/?page_id=832","title":{"rendered":"23. Etika M"},"content":{"rendered":"\n<iframe src=\"https:\/\/arveres.ugeto.com\/arveres_allas4.php?tetel=2021090023\" height=\"40\" width=\"100%\"><\/iframe>\n\n\n\n<table><tr><td width='60%'><div class=\"alignnormal\"><!-- MetaSlider 1263 not found --><\/div><\/td><td  width='40%'><p class=\"has-small-font-size\">Sz\u00fcletett: 2020.03.21.<br>\nSz\u00edne: S\u00f6t\u00e9tpej<br>Neme: Kanca<br>\nApja: Cigar Dan<br>\nAnyja: Chipitita<br>\nRekord:<br>\n\u00c9letnyerem\u00e9ny:<br>\nTulajdonos: Nemzeti M\u00e9nesbirtok \u00e9s Tangazdas\u00e1g Zrt, Mez\u0151hegyes<br>\nTeny\u00e9szt\u0151: Nemzeti M\u00e9nesbirtok \u00e9s Tangazdas\u00e1g Zrt, Mez\u0151hegyes<br>\nKateg\u00f3ria: Yearling<br>\nSz\u00e1rmaz\u00e1sa: <a href=\"http:\/\/www.ugeto.com\/pedigre-loker\/Etika%20M--2020--HU\" target=\"_blank\" rel=\"noopener noreferrer\">Adatb\u00e1zis megtekint\u00e9se &gt;&gt;<\/a><\/p>\n<\/td><\/tr><\/table>\n\n\n\n<p class=\"has-small-font-size\"><table align=\"center\">\n<tr><td style=\"border:none\" width=\"50%\"><form method=\"post\" action=\"ajanlat-tetel.php\" target=\"_blank\">\n              <input type=\"hidden\" name=\"fsz\" value=\"1\"><input type=\"hidden\" name=\"tetel\" value=\"2021090023\">\n    Felhaszn\u00e1l\u00f3 n\u00e9v:<\/td><td style=\"border:none\" width=\"50%\"><input type=\"text\" name=\"user\" value=\"\"><\/td><\/tr>\n    <tr><td style=\"border:none\">Jelsz\u00f3:<\/td><td style=\"border:none\"><input type=\"password\" name=\"adat\" value=\"\"><\/td><\/tr>\n    <tr><td style=\"border:none\">Licit \u00f6sszege:<\/td><td style=\"border:none\"><input type=\"number\" name=\"ajanlat\" value=\"\"><\/td><\/tr>\n    <tr><td style=\"border:none\">Adatokat ellen\u0151riztem:<\/td><td style=\"border:none\"><input type=\"checkbox\" name=\"checked\" value=\"1\"><\/td><\/tr>\n  <tr><td style=\"border:none\"><\/td><td style=\"border:none\">          <input type=\"submit\" value=\"ELK\u00dcLD\u00c9S\"><\/td><\/tr><\/table>\n    \n    <\/form><\/p>\n<br>\n\n\n\n<p><\/p>\n","protected":false},"excerpt":{"rendered":"<p>Sz\u00fcletett: 2020.03.21. Sz\u00edne: S\u00f6t\u00e9tpejNeme: Kanca Apja: Cigar Dan Anyja: Chipitita Rekord: \u00c9letnyerem\u00e9ny: Tulajdonos: Nemzeti M\u00e9nesbirtok \u00e9s Tangazdas\u00e1g Zrt, Mez\u0151hegyes Teny\u00e9szt\u0151: Nemzeti M\u00e9nesbirtok \u00e9s Tangazdas\u00e1g Zrt, Mez\u0151hegyes Kateg\u00f3ria: Yearling Sz\u00e1rmaz\u00e1sa: Adatb\u00e1zis megtekint\u00e9se &gt;&gt; Felhaszn\u00e1l\u00f3 n\u00e9v: Jelsz\u00f3: Licit \u00f6sszege: Adatokat ellen\u0151riztem:<\/p>\n","protected":false},"author":1,"featured_media":0,"parent":0,"menu_order":0,"comment_status":"closed","ping_status":"closed","template":"","meta":[],"_links":{"self":[{"href":"https:\/\/arveres.ugeto.com\/index.php?rest_route=\/wp\/v2\/pages\/832"}],"collection":[{"href":"https:\/\/arveres.ugeto.com\/index.php?rest_route=\/wp\/v2\/pages"}],"about":[{"href":"https:\/\/arveres.ugeto.com\/index.php?rest_route=\/wp\/v2\/types\/page"}],"author":[{"embeddable":true,"href":"https:\/\/arveres.ugeto.com\/index.php?rest_route=\/wp\/v2\/users\/1"}],"replies":[{"embeddable":true,"href":"https:\/\/arveres.ugeto.com\/index.php?rest_route=%2Fwp%2Fv2%2Fcomments&post=832"}],"version-history":[{"count":8,"href":"https:\/\/arveres.ugeto.com\/index.php?rest_route=\/wp\/v2\/pages\/832\/revisions"}],"predecessor-version":[{"id":1562,"href":"https:\/\/arveres.ugeto.com\/index.php?rest_route=\/wp\/v2\/pages\/832\/revisions\/1562"}],"wp:attachment":[{"href":"https:\/\/arveres.ugeto.com\/index.php?rest_route=%2Fwp%2Fv2%2Fmedia&parent=832"}],"curies":[{"name":"wp","href":"https:\/\/api.w.org\/{rel}","templated":true}]}}