
{"id":779,"date":"2021-08-25T13:28:31","date_gmt":"2021-08-25T13:28:31","guid":{"rendered":"https:\/\/arveres.ugeto.com\/?page_id=779"},"modified":"2021-09-25T07:42:13","modified_gmt":"2021-09-25T07:42:13","slug":"elegans-holgy","status":"publish","type":"page","link":"https:\/\/arveres.ugeto.com\/?page_id=779","title":{"rendered":"27. Eleg\u00e1ns H\u00f6lgy*"},"content":{"rendered":"\n<p>*csak futtat\u00e1si jog elad\u00f3<\/p>\n\n\n\n<iframe src=\"https:\/\/arveres.ugeto.com\/arveres_allas4.php?tetel=2021090005\" height=\"40\" width=\"100%\"><\/iframe>\n\n\n\n<table><tr><td width='60%'><div class=\"alignnormal\"><!-- MetaSlider 1226 not found --><\/div><\/td><td  width='40%'><p class=\"has-small-font-size\">Sz\u00fcletett: 2020.05.27<br>\nSz\u00edne: Pej<br>Neme: Kanca<br>\nApja: Maximus Lindy<br>\nAnyja: Elegant Lady<br>\nRekord:<br>\n\u00c9letnyerem\u00e9ny:<br>\nTulajdonos: Kabala-M\u00e9nes Kft, R\u00e1dih\u00e1za<br>\nTeny\u00e9szt\u0151: Kabala-M\u00e9nes Kft, R\u00e1dih\u00e1za<br>\nKateg\u00f3ria: Yearling<br>\nSz\u00e1rmaz\u00e1sa: <a href=\"http:\/\/www.ugeto.com\/pedigre-loker\/140462\" target=\"_blank\" rel=\"noopener noreferrer\">Adatb\u00e1zis megtekint\u00e9se &gt;&gt;<\/a><\/p>\n<\/td><\/tr><\/table>\n\n\n\n<figure class=\"wp-block-embed-youtube wp-block-embed is-type-video is-provider-youtube wp-embed-aspect-16-9 wp-has-aspect-ratio\"><div class=\"wp-block-embed__wrapper\">\n<iframe title=\"Eleg\u00e1ns H\u00f6lgy\" width=\"1200\" height=\"675\" src=\"https:\/\/www.youtube.com\/embed\/jOTsI4k3BFI?feature=oembed\" frameborder=\"0\" allow=\"accelerometer; autoplay; clipboard-write; encrypted-media; gyroscope; picture-in-picture\" allowfullscreen><\/iframe>\n<\/div><\/figure>\n\n\n\n<p class=\"has-small-font-size\"><table align=\"center\">\n<tr><td style=\"border:none\" width=\"50%\"><form method=\"post\" action=\"ajanlat-tetel.php\" target=\"_blank\">\n              <input type=\"hidden\" name=\"fsz\" value=\"1\"><input type=\"hidden\" name=\"tetel\" value=\"2021090005\">\n    Felhaszn\u00e1l\u00f3 n\u00e9v:<\/td><td style=\"border:none\" width=\"50%\"><input type=\"text\" name=\"user\" value=\"\"><\/td><\/tr>\n    <tr><td style=\"border:none\">Jelsz\u00f3:<\/td><td style=\"border:none\"><input type=\"password\" name=\"adat\" value=\"\"><\/td><\/tr>\n    <tr><td style=\"border:none\">Licit \u00f6sszege:<\/td><td style=\"border:none\"><input type=\"number\" name=\"ajanlat\" value=\"\"><\/td><\/tr>\n    <tr><td style=\"border:none\">Adatokat ellen\u0151riztem:<\/td><td style=\"border:none\"><input type=\"checkbox\" name=\"checked\" value=\"1\"><\/td><\/tr>\n  <tr><td style=\"border:none\"><\/td><td style=\"border:none\">          <input type=\"submit\" value=\"ELK\u00dcLD\u00c9S\"><\/td><\/tr><\/table>\n    \n    <\/form><\/p>\n<br>\n\n\n\n<p><\/p>\n","protected":false},"excerpt":{"rendered":"<p>*csak futtat\u00e1si jog elad\u00f3 Sz\u00fcletett: 2020.05.27 Sz\u00edne: PejNeme: Kanca Apja: Maximus Lindy Anyja: Elegant Lady Rekord: \u00c9letnyerem\u00e9ny: Tulajdonos: Kabala-M\u00e9nes Kft, R\u00e1dih\u00e1za Teny\u00e9szt\u0151: Kabala-M\u00e9nes Kft, R\u00e1dih\u00e1za Kateg\u00f3ria: Yearling Sz\u00e1rmaz\u00e1sa: Adatb\u00e1zis megtekint\u00e9se &gt;&gt; Felhaszn\u00e1l\u00f3 n\u00e9v: Jelsz\u00f3: Licit \u00f6sszege: Adatokat ellen\u0151riztem:<\/p>\n","protected":false},"author":1,"featured_media":0,"parent":0,"menu_order":0,"comment_status":"closed","ping_status":"closed","template":"","meta":[],"_links":{"self":[{"href":"https:\/\/arveres.ugeto.com\/index.php?rest_route=\/wp\/v2\/pages\/779"}],"collection":[{"href":"https:\/\/arveres.ugeto.com\/index.php?rest_route=\/wp\/v2\/pages"}],"about":[{"href":"https:\/\/arveres.ugeto.com\/index.php?rest_route=\/wp\/v2\/types\/page"}],"author":[{"embeddable":true,"href":"https:\/\/arveres.ugeto.com\/index.php?rest_route=\/wp\/v2\/users\/1"}],"replies":[{"embeddable":true,"href":"https:\/\/arveres.ugeto.com\/index.php?rest_route=%2Fwp%2Fv2%2Fcomments&post=779"}],"version-history":[{"count":7,"href":"https:\/\/arveres.ugeto.com\/index.php?rest_route=\/wp\/v2\/pages\/779\/revisions"}],"predecessor-version":[{"id":1566,"href":"https:\/\/arveres.ugeto.com\/index.php?rest_route=\/wp\/v2\/pages\/779\/revisions\/1566"}],"wp:attachment":[{"href":"https:\/\/arveres.ugeto.com\/index.php?rest_route=%2Fwp%2Fv2%2Fmedia&parent=779"}],"curies":[{"name":"wp","href":"https:\/\/api.w.org\/{rel}","templated":true}]}}