
{"id":71,"date":"2020-11-27T05:45:02","date_gmt":"2020-11-27T05:45:02","guid":{"rendered":"http:\/\/arveres.ugeto.com\/?page_id=71"},"modified":"2021-09-25T07:32:00","modified_gmt":"2021-09-25T07:32:00","slug":"sanyika-a-lo","status":"publish","type":"page","link":"https:\/\/arveres.ugeto.com\/?page_id=71","title":{"rendered":"TESZT"},"content":{"rendered":"\n<iframe src=\"https:\/\/arveres.ugeto.com\/arveres_allas4.php?tetel=2020120001\" height=\"40\" width=\"100%\"><\/iframe>\n\n\n\n<p class=\"has-text-align-center\"><strong><span class=\"has-inline-color has-black-color\">Ezen az oldalon az \u00faj felhaszn\u00e1l\u00f3k kipr\u00f3b\u00e1lhatj\u00e1k a licit\u00e1l\u00e1s menet\u00e9t az \u00e1rver\u00e9s megkezd\u00e9se el\u0151tt!<\/span><\/strong><\/p>\n\n\n\n<p class=\"has-text-align-center\">Sz\u00fcks\u00e9ges eset\u00e9n r\u00e9szletes le\u00edr\u00e1s az <a href=\"https:\/\/arveres.ugeto.com\/?page_id=199\">\u00datmutat\u00f3 <\/a>-ban.<\/p>\n\n\n\n<div class=\"wp-block-image is-style-default\"><figure class=\"aligncenter size-large is-resized\"><img loading=\"lazy\" src=\"https:\/\/arveres.ugeto.com\/wp-content\/uploads\/2021\/08\/utoe-logo.jpg\" alt=\"\" class=\"wp-image-873\" width=\"252\" height=\"256\"\/><\/figure><\/div>\n\n\n\n<p class=\"has-small-font-size\"><table align=\"center\">\n<tr><td style=\"border:none\" width=\"50%\"><form method=\"post\" action=\"ajanlat-tetel.php\" target=\"_blank\">\n              <input type=\"hidden\" name=\"fsz\" value=\"1\"><input type=\"hidden\" name=\"tetel\" value=\"2020120001\">\n    Felhaszn\u00e1l\u00f3 n\u00e9v:<\/td><td style=\"border:none\" width=\"50%\"><input type=\"text\" name=\"user\" value=\"\"><\/td><\/tr>\n    <tr><td style=\"border:none\">Jelsz\u00f3:<\/td><td style=\"border:none\"><input type=\"password\" name=\"adat\" value=\"\"><\/td><\/tr>\n    <tr><td style=\"border:none\">Licit \u00f6sszege:<\/td><td style=\"border:none\"><input type=\"number\" name=\"ajanlat\" value=\"\"><\/td><\/tr>\n    <tr><td style=\"border:none\">Adatokat ellen\u0151riztem:<\/td><td style=\"border:none\"><input type=\"checkbox\" name=\"checked\" value=\"1\"><\/td><\/tr>\n  <tr><td style=\"border:none\"><\/td><td style=\"border:none\">          <input type=\"submit\" value=\"ELK\u00dcLD\u00c9S\"><\/td><\/tr><\/table>\n    \n    <\/form><\/p>\n<br>\n","protected":false},"excerpt":{"rendered":"<p>Ezen az oldalon az \u00faj felhaszn\u00e1l\u00f3k kipr\u00f3b\u00e1lhatj\u00e1k a licit\u00e1l\u00e1s menet\u00e9t az \u00e1rver\u00e9s megkezd\u00e9se el\u0151tt! Sz\u00fcks\u00e9ges eset\u00e9n r\u00e9szletes le\u00edr\u00e1s az \u00datmutat\u00f3 -ban. Felhaszn\u00e1l\u00f3 n\u00e9v: Jelsz\u00f3: Licit \u00f6sszege: Adatokat ellen\u0151riztem:<\/p>\n","protected":false},"author":1,"featured_media":0,"parent":22,"menu_order":0,"comment_status":"closed","ping_status":"closed","template":"","meta":[],"_links":{"self":[{"href":"https:\/\/arveres.ugeto.com\/index.php?rest_route=\/wp\/v2\/pages\/71"}],"collection":[{"href":"https:\/\/arveres.ugeto.com\/index.php?rest_route=\/wp\/v2\/pages"}],"about":[{"href":"https:\/\/arveres.ugeto.com\/index.php?rest_route=\/wp\/v2\/types\/page"}],"author":[{"embeddable":true,"href":"https:\/\/arveres.ugeto.com\/index.php?rest_route=\/wp\/v2\/users\/1"}],"replies":[{"embeddable":true,"href":"https:\/\/arveres.ugeto.com\/index.php?rest_route=%2Fwp%2Fv2%2Fcomments&post=71"}],"version-history":[{"count":13,"href":"https:\/\/arveres.ugeto.com\/index.php?rest_route=\/wp\/v2\/pages\/71\/revisions"}],"predecessor-version":[{"id":1541,"href":"https:\/\/arveres.ugeto.com\/index.php?rest_route=\/wp\/v2\/pages\/71\/revisions\/1541"}],"up":[{"embeddable":true,"href":"https:\/\/arveres.ugeto.com\/index.php?rest_route=\/wp\/v2\/pages\/22"}],"wp:attachment":[{"href":"https:\/\/arveres.ugeto.com\/index.php?rest_route=%2Fwp%2Fv2%2Fmedia&parent=71"}],"curies":[{"name":"wp","href":"https:\/\/api.w.org\/{rel}","templated":true}]}}