
{"id":4398,"date":"2025-09-26T04:34:52","date_gmt":"2025-09-26T04:34:52","guid":{"rendered":"https:\/\/arveres.ugeto.com\/?page_id=4398"},"modified":"2025-10-09T16:26:27","modified_gmt":"2025-10-09T16:26:27","slug":"arveresi-katalogus-2025_10","status":"publish","type":"page","link":"https:\/\/arveres.ugeto.com\/?page_id=4398","title":{"rendered":"\u00c1rver\u00e9si katal\u00f3gus 2025_10"},"content":{"rendered":"\n<h2 class=\"has-text-align-center\">\u00c1rver\u00e9si katal\u00f3gus<\/h2>\n\n\n\n<table class=\"tablesorter\" width='100%'><tbody><thead><tr><th width='5%'><\/th><th width='20%'>N\u00e9v<\/th><th width='25%'>Aktu\u00e1lis_Licit\u00e1ll\u00e1s<\/th><th width='10%'>Licit<br>lez\u00e1r\u00e1s<\/th width='10%'><th>Neme<\/th><th width='15%'>Sz\u00e1rmaz\u00e1s<\/th><th width='15%'>Tulajdonos<\/th><\/thead><\/tr>\n\n<tr><td>1<\/td><td><a href=\"https:\/\/arveres.ugeto.com\/?page_id=4244\">I LOVE YOU<\/a><\/td><td><iframe src=\"https:\/\/arveres.ugeto.com\/arveres_allas8.php?tetel=2025100001\" height=\"40\" width=\"100%\"><\/iframe><\/td><td>15:00<\/td><td>m\u00e9n<\/td><td>(Amour Rapide &#8211; Ourangel U. R.)<\/td><td>Kurucz Attila<\/td><\/tr>\n\n<tr><td>2<\/td><td><a href=\"https:\/\/arveres.ugeto.com\/?page_id=4247\">IDEAL LINDY<\/a><\/td><td><iframe src=\"https:\/\/arveres.ugeto.com\/arveres_allas8.php?tetel=2025100002\" height=\"40\" width=\"100%\"><\/iframe><\/td><td>15:05<\/td><td>m\u00e9n<\/td><td>(Maximus Lindy &#8211; Night Lady)<\/td><td>Kabala M\u00e9nes Kft<\/td><\/tr>\n\n<tr><td>3<\/td><td><a href=\"https:\/\/arveres.ugeto.com\/?page_id=4250\">IDOM\u00c1R<\/a><\/td><td><iframe src=\"https:\/\/arveres.ugeto.com\/arveres_allas8.php?tetel=2025100003\" height=\"40\" width=\"100%\"><\/iframe><\/td><td>15:10<\/td><td>her\u00e9lt<\/td><td>(Habitat &#8211; Zsozsoka)<\/td><td>Kulik Ferenc<\/td><\/tr>\n\n<tr><td>4<\/td><td><a href=\"https:\/\/arveres.ugeto.com\/?page_id=4253\">IGAZGAT\u00d3 \u00daR<\/a><\/td><td><iframe src=\"https:\/\/arveres.ugeto.com\/arveres_allas8.php?tetel=2025100004\" height=\"40\" width=\"100%\"><\/iframe><\/td><td>15:15<\/td><td>her\u00e9lt<\/td><td>(Habitat &#8211; Med\u00e1lia)<\/td><td>Kulik Ferenc\n<\/td><\/tr>\n\n<tr><td>5<\/td><td><a href=\"https:\/\/arveres.ugeto.com\/?page_id=4269\">\u00cdG\u00c9RD MEG KISL\u00c1NY<\/a><\/td><td><iframe src=\"https:\/\/arveres.ugeto.com\/arveres_allas8.php?tetel=2025100005\" height=\"40\" width=\"100%\"><\/iframe><\/td><td>15:20<\/td><td>kanca<\/td><td>(Beautiful Power &#8211; Bonjour Evo)<\/td><td>Kulik Ferenc\n<\/td><\/tr>\n\n<tr><td>6<\/td><td><a href=\"https:\/\/arveres.ugeto.com\/?page_id=4276\">IGYIS-\u00daGYIS<\/a><\/td><td><iframe src=\"https:\/\/arveres.ugeto.com\/arveres_allas8.php?tetel=2025100006\" height=\"40\" width=\"100%\"><\/iframe><\/td><td>15:25<\/td><td>m\u00e9n<\/td><td>(Nuncio &#8211; Nan\u00e1)<\/td><td>Dombov\u00e1ri M\u00e1rk &#8211;\nKiskir\u00e1lys\u00e1gi M\u00e9nes<\/td><\/tr>\n\n<tr><td>7<\/td><td><a href=\"https:\/\/arveres.ugeto.com\/?page_id=4283\">IKAROSZ<\/a><\/td><td><iframe src=\"https:\/\/arveres.ugeto.com\/arveres_allas8.php?tetel=2025100007\" height=\"40\" width=\"100%\"><\/iframe><\/td><td>15:30<\/td><td>m\u00e9n<\/td><td>(Underpaid Hanover &#8211; Ur\u00e1n Lady)<\/td><td>Kabala M\u00e9nes Kft<\/td><\/tr>\n\n<tr><td>8<\/td><td><a href=\"https:\/\/arveres.ugeto.com\/?page_id=4286\">IL DIVO<\/a><\/td><td><iframe src=\"https:\/\/arveres.ugeto.com\/arveres_allas8.php?tetel=2025100008\" height=\"40\" width=\"100%\"><\/iframe><\/td><td>15:35<\/td><td>m\u00e9n<\/td><td>(Underpaid Hanover &#8211; Urzulina)<\/td><td>Kabala- M\u00e9nes Kft.<\/td><\/tr>\n\n<tr><td>9<\/td><td><a href=\"https:\/\/arveres.ugeto.com\/?page_id=4290\">ILLEG\u00c1LIS<\/a><\/td><td><iframe src=\"https:\/\/arveres.ugeto.com\/arveres_allas8.php?tetel=2025100009\" height=\"40\" width=\"100%\"><\/iframe><\/td><td>15:40<\/td><td>kanca<\/td><td>(Habitat &#8211; Virgi )<\/td><td>Kulik Ferenc<\/td><\/tr>\n\n<tr><td>10<\/td><td><a href=\"https:\/\/arveres.ugeto.com\/?page_id=4294\">INCIKE K<\/a><\/td><td><iframe src=\"https:\/\/arveres.ugeto.com\/arveres_allas8.php?tetel=2025100010\" height=\"40\" width=\"100%\"><\/iframe><\/td><td>15:45<\/td><td>kanca<\/td><td>(Habitat &#8211; Intelligent Star )<\/td><td>Kulik Ferenc<\/td><\/tr>\n\n<tr><td>11<\/td><td><a href=\"https:\/\/arveres.ugeto.com\/?page_id=4308\">INDI\u00c1N L\u00c1NY<\/a><\/td><td><iframe src=\"https:\/\/arveres.ugeto.com\/arveres_allas8.php?tetel=2025100011\" height=\"40\" width=\"100%\"><\/iframe><\/td><td>15:50<\/td><td>kanca<\/td><td>(Underpaid Hanover &#8211; \u00daril\u00e1ny R.)<\/td><td>Kabala M\u00e9nes Kft.<\/td><\/tr>\n\n<tr><td>12<\/td><td><a href=\"https:\/\/arveres.ugeto.com\/?page_id=4311\">INIMITABLEPOWER<\/a><\/td><td><iframe src=\"https:\/\/arveres.ugeto.com\/arveres_allas8.php?tetel=2025100012\" height=\"40\" width=\"100%\"><\/iframe><\/td><td>15:55<\/td><td>kanca<\/td><td>(Mereng\u0151 &#8211; Chippychip G.T. )<\/td><td>Weber Zsolt<\/td><\/tr>\n\n<tr><td>13<\/td><td><a href=\"https:\/\/arveres.ugeto.com\/?page_id=4314\">IRDATLAN BOKO<\/a><\/td><td><iframe src=\"https:\/\/arveres.ugeto.com\/arveres_allas8.php?tetel=2025100013\" height=\"40\" width=\"100%\"><\/iframe><\/td><td>16:00<\/td><td>m\u00e9n<\/td><td>(Chelsea Boko &#8211; Cartier Boko)<\/td><td>Dombov\u00e1ri M\u00e1rk &#8211;\nBoko Stables<\/td><\/tr>\n\n<tr><td>14<\/td><td><a href=\"https:\/\/arveres.ugeto.com\/?page_id=4317\">IRGALMATLAN BOKO<\/a><\/td><td><iframe src=\"https:\/\/arveres.ugeto.com\/arveres_allas8.php?tetel=2025100014\" height=\"40\" width=\"100%\"><\/iframe><\/td><td>16:05<\/td><td>m\u00e9n<\/td><td>(Chelsea Boko &#8211; Alexis Boko)<\/td><td>Dombov\u00e1ri M\u00e1rk &#8211;\nBoko Stables<\/td>\n\n<tr><td>15<\/td><td><a href=\"https:\/\/arveres.ugeto.com\/?page_id=4320\">IRIMI\u00c1S<\/a><\/td><td><iframe src=\"https:\/\/arveres.ugeto.com\/arveres_allas8.php?tetel=2025100015\" height=\"40\" width=\"100%\"><\/iframe><\/td><td>16:10<\/td><td>her\u00e9lt<\/td><td>(Beautiful Power &#8211; Grant Me Glory K)<\/td><td>Kulik Ferenc<\/td><\/tr>\n\n<tr><td>16<\/td><td><a href=\"https:\/\/arveres.ugeto.com\/?page_id=4333\">IRISH MAN<\/a><\/td><td><iframe src=\"https:\/\/arveres.ugeto.com\/arveres_allas8.php?tetel=2025100016\" height=\"40\" width=\"100%\"><\/iframe><\/td><td>16:15<\/td><td>m\u00e9n<\/td><td>(Underpaid Hanover &#8211; White Lady)<\/td><td>Kabala- M\u00e9nes Kft.<\/td><\/tr>\n\n<tr><td>17<\/td><td><a href=\"https:\/\/arveres.ugeto.com\/?page_id=4363\">IRON LADY<\/a><\/td><td><iframe src=\"https:\/\/arveres.ugeto.com\/arveres_allas8.php?tetel=2025100017\" height=\"40\" width=\"100%\"><\/iframe><\/td><td>16:20<\/td><td>kanca<\/td><td>(Maximus Lindy &#8211; Tit\u00e1n Lady K)<\/td><td>Kabala- M\u00e9nes Kft.<\/td><\/tr>\n\n<tr><td>18<\/td><td><a href=\"https:\/\/arveres.ugeto.com\/?page_id=4339\">ISAAC FLING<\/a><\/td><td><iframe src=\"https:\/\/arveres.ugeto.com\/arveres_allas8.php?tetel=2025100018\" height=\"40\" width=\"100%\"><\/iframe><\/td><td>16:25<\/td><td>m\u00e9n<\/td><td>(Underpaid Hanover &#8211; Veronica Fling )<\/td><td>Kabala M\u00e9nes Kft.<\/td>\n\n<tr><td>19<\/td><td><a href=\"https:\/\/arveres.ugeto.com\/?page_id=4342\">ISTEN HOZOTT<\/a><\/td><td><iframe src=\"https:\/\/arveres.ugeto.com\/arveres_allas8.php?tetel=2025100019\" height=\"40\" width=\"100%\"><\/iframe><\/td><td>16:30<\/td><td>kanca<\/td><td>(Habitat &#8211; Daisysine)<\/td><td>Kulik Ferenc<\/td><\/tr>\n\n<tr><td>20<\/td><td><a href=\"https:\/\/arveres.ugeto.com\/?page_id=4345\">ITTRIUM BOY<\/a><\/td><td><iframe src=\"https:\/\/arveres.ugeto.com\/arveres_allas8.php?tetel=2025100020\" height=\"40\" width=\"100%\"><\/iframe><\/td><td>16:35<\/td><td>m\u00e9n<\/td><td>(Mereng\u0151 &#8211; Br\u00f3m Lady)<\/td><td>Zsolnai Endre<\/td><\/tr>\n\n<tr><td>21<\/td><td><a href=\"https:\/\/arveres.ugeto.com\/?page_id=4348\">IVONN<\/a><\/td><td><iframe src=\"https:\/\/arveres.ugeto.com\/arveres_allas8.php?tetel=2025100021\" height=\"40\" width=\"100%\"><\/iframe><\/td><td>16:40<\/td><td>kanca<\/td><td>(Maximus Lindy &#8211; N\u00f3raville)<\/td><td>Kabala M\u00e9nes Kft.<\/td><\/tr>\n\n<tr><td>22<\/td><td><a href=\"https:\/\/arveres.ugeto.com\/?page_id=4562\">I LOVE POKER FACE<\/a><\/td><td><iframe src=\"https:\/\/arveres.ugeto.com\/arveres_allas8.php?tetel=2025100022\" height=\"40\" width=\"100%\"><\/iframe><\/td><td>16:45<\/td><td>m\u00e9n<\/td><td>(Palace Bo &#8211; Golden Opportunity)<\/td><td>Rutkai J\u00f3zsef<\/td><\/tr>\n\n\n\n\n\n<\/tbody><\/table>\n\n\n\n<p><\/p>\n","protected":false},"excerpt":{"rendered":"<p>\u00c1rver\u00e9si katal\u00f3gus N\u00e9v Aktu\u00e1lis_Licit\u00e1ll\u00e1s Licitlez\u00e1r\u00e1s Neme Sz\u00e1rmaz\u00e1s Tulajdonos 1 I LOVE YOU 15:00 m\u00e9n (Amour Rapide &#8211; Ourangel U. R.) Kurucz Attila 2 IDEAL LINDY 15:05 m\u00e9n (Maximus Lindy &#8211; Night Lady) Kabala M\u00e9nes Kft 3 IDOM\u00c1R 15:10 her\u00e9lt (Habitat &#8211; Zsozsoka) Kulik Ferenc 4 IGAZGAT\u00d3 \u00daR 15:15 her\u00e9lt (Habitat &#8211; Med\u00e1lia) Kulik Ferenc 5 &#8230; <a title=\"\u00c1rver\u00e9si katal\u00f3gus 2025_10\" class=\"read-more\" href=\"https:\/\/arveres.ugeto.com\/?page_id=4398\" aria-label=\"More on \u00c1rver\u00e9si katal\u00f3gus 2025_10\">Read more<\/a><\/p>\n","protected":false},"author":1,"featured_media":0,"parent":0,"menu_order":0,"comment_status":"closed","ping_status":"closed","template":"","meta":[],"_links":{"self":[{"href":"https:\/\/arveres.ugeto.com\/index.php?rest_route=\/wp\/v2\/pages\/4398"}],"collection":[{"href":"https:\/\/arveres.ugeto.com\/index.php?rest_route=\/wp\/v2\/pages"}],"about":[{"href":"https:\/\/arveres.ugeto.com\/index.php?rest_route=\/wp\/v2\/types\/page"}],"author":[{"embeddable":true,"href":"https:\/\/arveres.ugeto.com\/index.php?rest_route=\/wp\/v2\/users\/1"}],"replies":[{"embeddable":true,"href":"https:\/\/arveres.ugeto.com\/index.php?rest_route=%2Fwp%2Fv2%2Fcomments&post=4398"}],"version-history":[{"count":30,"href":"https:\/\/arveres.ugeto.com\/index.php?rest_route=\/wp\/v2\/pages\/4398\/revisions"}],"predecessor-version":[{"id":4617,"href":"https:\/\/arveres.ugeto.com\/index.php?rest_route=\/wp\/v2\/pages\/4398\/revisions\/4617"}],"wp:attachment":[{"href":"https:\/\/arveres.ugeto.com\/index.php?rest_route=%2Fwp%2Fv2%2Fmedia&parent=4398"}],"curies":[{"name":"wp","href":"https:\/\/api.w.org\/{rel}","templated":true}]}}