
{"id":4203,"date":"2025-09-02T12:01:01","date_gmt":"2025-09-02T12:01:01","guid":{"rendered":"https:\/\/arveres.ugeto.com\/?page_id=4203"},"modified":"2025-10-10T15:11:59","modified_gmt":"2025-10-10T15:11:59","slug":"online-arveres-2025-oktober-8-10","status":"publish","type":"page","link":"https:\/\/arveres.ugeto.com\/","title":{"rendered":"Online \u00e1rver\u00e9s 2025. okt\u00f3ber 8-10."},"content":{"rendered":"\n<center>Az \u00e1rver\u00e9s lez\u00e1rult <br><strong><p id=\"demo\" class=\"has-text-align-center has-blue-color has-text-color has-medium-font-size\"><\/p><\/strong><\/center>\n\n<script>\n\/\/ Set the date we're counting down to\nvar countDownDate = new Date(\"Oct, 10, 2025 15:00:00\").getTime();\n\n\/\/ Update the count down every 1 second\nvar x = setInterval(function() {\n\n  \/\/ Get today's date and time\n  var now = new Date().getTime();\n    \n  \/\/ Find the distance between now and the count down date\n  var distance = countDownDate - now;\n    \n  \/\/ Time calculations for days, hours, minutes and seconds\n  var days = Math.floor(distance \/ (1000 * 60 * 60 * 24));\n  var hours = Math.floor((distance % (1000 * 60 * 60 * 24)) \/ (1000 * 60 * 60));\n  var minutes = Math.floor((distance % (1000 * 60 * 60)) \/ (1000 * 60));\n  var seconds = Math.floor((distance % (1000 * 60)) \/ 1000);\n    \n  \/\/ Output the result in an element with id=\"demo\"\n  document.getElementById(\"demo\").innerHTML = days + \" nap \" + hours + \" \u00f3ra \" + minutes + \" perc \"\n;\n    \n  \/\/ If the count down is over, write some text \n  if (distance < 0) {\n    clearInterval(x);\n    document.getElementById(\"demo\").innerHTML = \" \";\n  }\n}, 1000);\n<\/script>\n\n\n\n<hr class=\"wp-block-separator is-style-default\"\/>\n\n\n\n<p class=\"has-text-align-center\" style=\"font-size:34px\"><a href=\"https:\/\/arveres.ugeto.com\/?page_id=4398\">\u00c1RVER\u00c9SI KATAL\u00d3GUS<\/a><\/p>\n\n\n\n<hr class=\"wp-block-separator is-style-default\"\/>\n\n\n\n<div class=\"wp-block-columns\">\n<div class=\"wp-block-column\">\n<figure class=\"wp-block-image size-large\"><a href=\"https:\/\/arveres.ugeto.com\/?page_id=4244\"><img loading=\"lazy\" class=\"wp-image-4523 size-full aligncenter\" src=\"https:\/\/arveres.ugeto.com\/wp-content\/uploads\/2025\/09\/A55_3204-400x300-i-Love-you.jpg\" alt=\"\" width=\"400\" height=\"300\" srcset=\"https:\/\/arveres.ugeto.com\/wp-content\/uploads\/2025\/09\/A55_3204-400x300-i-Love-you.jpg 400w, https:\/\/arveres.ugeto.com\/wp-content\/uploads\/2025\/09\/A55_3204-400x300-i-Love-you-300x225.jpg 300w\" sizes=\"(max-width: 400px) 100vw, 400px\" \/><\/a><center><strong>1. I LOVE YOU<\/strong><br>pej m\u00e9n<br>(Amour Rapide \u2013 Ourangel U. R.)<br>Kurucz Attila<\/center><\/figure>\n<\/div>\n\n\n\n<div class=\"wp-block-column\">\n<figure class=\"wp-block-image size-large\"><a href=\"https:\/\/arveres.ugeto.com\/?page_id=4247\"><img loading=\"lazy\" class=\"wp-image-4524 size-full aligncenter\" src=\"https:\/\/arveres.ugeto.com\/wp-content\/uploads\/2025\/09\/U53_1470-400x300-ideal-lindy.jpg\" alt=\"\" width=\"400\" height=\"300\" srcset=\"https:\/\/arveres.ugeto.com\/wp-content\/uploads\/2025\/09\/U53_1470-400x300-ideal-lindy.jpg 400w, https:\/\/arveres.ugeto.com\/wp-content\/uploads\/2025\/09\/U53_1470-400x300-ideal-lindy-300x225.jpg 300w\" sizes=\"(max-width: 400px) 100vw, 400px\" \/><\/a><center><strong>2. IDEAL LINDY<\/strong><br>pej m\u00e9n<br>(Maximus Lindy \u2013 Night Lady)<\/center><center>Kabala M\u00e9nes Kft.<\/center><\/figure>\n<\/div>\n\n\n\n<div class=\"wp-block-column\">\n<figure class=\"wp-block-image size-large\"><a href=\"https:\/\/arveres.ugeto.com\/?page_id=4250\"><img loading=\"lazy\" class=\"wp-image-4525 size-full aligncenter\" src=\"https:\/\/arveres.ugeto.com\/wp-content\/uploads\/2025\/09\/0869-400x300-zsozso-csikoja.jpg\" alt=\"\" width=\"400\" height=\"300\" srcset=\"https:\/\/arveres.ugeto.com\/wp-content\/uploads\/2025\/09\/0869-400x300-zsozso-csikoja.jpg 400w, https:\/\/arveres.ugeto.com\/wp-content\/uploads\/2025\/09\/0869-400x300-zsozso-csikoja-300x225.jpg 300w\" sizes=\"(max-width: 400px) 100vw, 400px\" \/><\/a><center><center><strong>3. IDOM\u00c1R<br><\/strong>pej her\u00e9lt<\/center><center>(Habitat \u2013 Zsozsoka)<\/center><center>Kulik Ferenc<\/center><\/center><\/figure>\n\n\n\n<p><\/p>\n<\/div>\n<\/div>\n\n\n\n<div class=\"wp-block-columns\">\n<div class=\"wp-block-column\">\n<figure class=\"wp-block-image size-large\"><a href=\"https:\/\/arveres.ugeto.com\/?page_id=4253\"><img loading=\"lazy\" class=\"wp-image-4599 size-full aligncenter\" src=\"https:\/\/arveres.ugeto.com\/wp-content\/uploads\/2025\/09\/U52_0583-medalia-aki-igazgato-ur-400x300-1.jpg\" alt=\"\" width=\"400\" height=\"300\" srcset=\"https:\/\/arveres.ugeto.com\/wp-content\/uploads\/2025\/09\/U52_0583-medalia-aki-igazgato-ur-400x300-1.jpg 400w, https:\/\/arveres.ugeto.com\/wp-content\/uploads\/2025\/09\/U52_0583-medalia-aki-igazgato-ur-400x300-1-300x225.jpg 300w\" sizes=\"(max-width: 400px) 100vw, 400px\" \/><\/a><center><center><strong>4. IGAZGAT\u00d3 \u00daR<\/strong><\/center><center>&nbsp;s\u00f6t\u00e9tpej her\u00e9lt<\/center><center>(Habitat \u2013 Med\u00e1lia)<\/center><center>Kulik Ferenc<\/center><\/center><\/figure>\n<\/div>\n\n\n\n<div class=\"wp-block-column\">\n<figure class=\"wp-block-image size-large\"><a href=\"https:\/\/arveres.ugeto.com\/?page_id=4269\"><img loading=\"lazy\" class=\"wp-image-4579 size-full aligncenter\" src=\"https:\/\/arveres.ugeto.com\/wp-content\/uploads\/2025\/09\/U52_0011-bonjour-evo-400x300-1.jpg\" alt=\"\" width=\"400\" height=\"300\" srcset=\"https:\/\/arveres.ugeto.com\/wp-content\/uploads\/2025\/09\/U52_0011-bonjour-evo-400x300-1.jpg 400w, https:\/\/arveres.ugeto.com\/wp-content\/uploads\/2025\/09\/U52_0011-bonjour-evo-400x300-1-300x225.jpg 300w\" sizes=\"(max-width: 400px) 100vw, 400px\" \/><\/a><center><strong>5. \u00cdG\u00c9RD MEG KISL\u00c1NY<\/strong><br>pej kanca<br>(Beautiful Power - Bonjour Evo)<br>Kulik Ferenc<\/center><\/figure>\n<\/div>\n\n\n\n<div class=\"wp-block-column\">\n<figure class=\"wp-block-image size-large\"><a href=\"https:\/\/arveres.ugeto.com\/?page_id=4276\"><img loading=\"lazy\" class=\"wp-image-4529 size-full aligncenter\" src=\"https:\/\/arveres.ugeto.com\/wp-content\/uploads\/2025\/09\/U52_1629-400x300-Igyis-Ugyis.jpg\" alt=\"\" width=\"400\" height=\"300\" srcset=\"https:\/\/arveres.ugeto.com\/wp-content\/uploads\/2025\/09\/U52_1629-400x300-Igyis-Ugyis.jpg 400w, https:\/\/arveres.ugeto.com\/wp-content\/uploads\/2025\/09\/U52_1629-400x300-Igyis-Ugyis-300x225.jpg 300w\" sizes=\"(max-width: 400px) 100vw, 400px\" \/><\/a><center><center><strong>6. IGYIS-\u00daGYIS<\/strong><\/center><center>s\u00f6t\u00e9tpej m\u00e9n<\/center><center>(Nuncio \u2013 Nan\u00e1)<\/center><center>Dombov\u00e1ri M\u00e1rk \u2013 Kiskir\u00e1lys\u00e1gi M\u00e9nes<\/center><\/center><\/figure>\n<\/div>\n<\/div>\n\n\n\n<div class=\"wp-block-columns\">\n<div class=\"wp-block-column\">\n<figure class=\"wp-block-image size-large\"><a href=\"https:\/\/arveres.ugeto.com\/?page_id=4283\"><img loading=\"lazy\" class=\"alignnone wp-image-4531 size-full\" src=\"https:\/\/arveres.ugeto.com\/wp-content\/uploads\/2025\/09\/U53_1559-400x300-ikarosz.jpg\" alt=\"\" width=\"400\" height=\"300\" srcset=\"https:\/\/arveres.ugeto.com\/wp-content\/uploads\/2025\/09\/U53_1559-400x300-ikarosz.jpg 400w, https:\/\/arveres.ugeto.com\/wp-content\/uploads\/2025\/09\/U53_1559-400x300-ikarosz-300x225.jpg 300w\" sizes=\"(max-width: 400px) 100vw, 400px\" \/><\/a><center><center><strong>7. IKAROSZ<br><\/strong>s\u00f6t\u00e9tpej m\u00e9n<\/center><center>(Underpaid Hanover \u2013 Ur\u00e1n Lady)<\/center><center>Kabala M\u00e9nes Kft.<\/center><\/center><\/figure>\n<\/div>\n\n\n\n<div class=\"wp-block-column\">\n<figure class=\"wp-block-image size-large\"><a href=\"https:\/\/arveres.ugeto.com\/?page_id=4286\"><img loading=\"lazy\" class=\"alignnone wp-image-4532 size-full\" src=\"https:\/\/arveres.ugeto.com\/wp-content\/uploads\/2025\/09\/U53_1517-400x300-il-digo.jpg\" alt=\"\" width=\"400\" height=\"300\" srcset=\"https:\/\/arveres.ugeto.com\/wp-content\/uploads\/2025\/09\/U53_1517-400x300-il-digo.jpg 400w, https:\/\/arveres.ugeto.com\/wp-content\/uploads\/2025\/09\/U53_1517-400x300-il-digo-300x225.jpg 300w\" sizes=\"(max-width: 400px) 100vw, 400px\" \/><\/a><center><center><strong>8. IL DIVO<br><\/strong>s\u00f6t\u00e9tpej m\u00e9n<\/center><center>(Underpaid Hanover \u2013 Urzulina)<\/center><center>Kabala M\u00e9nes Kft.<\/center><\/center><\/figure>\n<\/div>\n\n\n\n<div class=\"wp-block-column\">\n<figure class=\"wp-block-image size-large\"><a href=\"https:\/\/arveres.ugeto.com\/?page_id=4290\"><img loading=\"lazy\" class=\"wp-image-4580 size-full aligncenter\" src=\"https:\/\/arveres.ugeto.com\/wp-content\/uploads\/2025\/09\/U52_0347-Virgi-400x300-1.jpg\" alt=\"\" width=\"400\" height=\"300\" srcset=\"https:\/\/arveres.ugeto.com\/wp-content\/uploads\/2025\/09\/U52_0347-Virgi-400x300-1.jpg 400w, https:\/\/arveres.ugeto.com\/wp-content\/uploads\/2025\/09\/U52_0347-Virgi-400x300-1-300x225.jpg 300w\" sizes=\"(max-width: 400px) 100vw, 400px\" \/><\/a><center><center><strong>9. ILLEG\u00c1LIS<br><\/strong>s\u00f6t\u00e9tpej kanca<\/center><center>(Habitat \u2013 Virgi)<\/center><center>Kulik Ferenc<\/center><\/center><\/figure>\n<\/div>\n<\/div>\n\n\n\n<div class=\"wp-block-columns\">\n<div class=\"wp-block-column\">\n<figure class=\"wp-block-image size-large\"><a href=\"https:\/\/arveres.ugeto.com\/?page_id=4294\"><img loading=\"lazy\" class=\"wp-image-4535 size-full aligncenter\" src=\"https:\/\/arveres.ugeto.com\/wp-content\/uploads\/2025\/09\/inteligent-star-0221-400x300-1.jpg\" alt=\"\" width=\"400\" height=\"300\" srcset=\"https:\/\/arveres.ugeto.com\/wp-content\/uploads\/2025\/09\/inteligent-star-0221-400x300-1.jpg 400w, https:\/\/arveres.ugeto.com\/wp-content\/uploads\/2025\/09\/inteligent-star-0221-400x300-1-300x225.jpg 300w\" sizes=\"(max-width: 400px) 100vw, 400px\" \/><\/a><center><strong>10. INCIKE K<br><\/strong>pej kanca<\/center><center>(Habitat - Intelligent Star)<\/center><center>Kulik Ferenc<strong><br><\/strong><\/center><\/figure>\n<\/div>\n\n\n\n<div class=\"wp-block-column\">\n<figure class=\"wp-block-image size-large\"><a href=\"https:\/\/arveres.ugeto.com\/?page_id=4308\"><img loading=\"lazy\" class=\"wp-image-4536 size-full aligncenter\" src=\"https:\/\/arveres.ugeto.com\/wp-content\/uploads\/2025\/09\/U53_1772-400x300-indian-lany.jpg\" alt=\"\" width=\"400\" height=\"300\" srcset=\"https:\/\/arveres.ugeto.com\/wp-content\/uploads\/2025\/09\/U53_1772-400x300-indian-lany.jpg 400w, https:\/\/arveres.ugeto.com\/wp-content\/uploads\/2025\/09\/U53_1772-400x300-indian-lany-300x225.jpg 300w\" sizes=\"(max-width: 400px) 100vw, 400px\" \/><\/a><center><strong>11. INDI\u00c1N L\u00c1NY<br><\/strong>pej kanca<\/center><center>(Underpaid Hanover - \u00daril\u00e1ny R.)<\/center><center>Kabala M\u00e9nes Kft.<strong><br><\/strong><\/center><\/figure>\n<\/div>\n\n\n\n<div class=\"wp-block-column\">\n<figure class=\"wp-block-image size-large\"><a href=\"https:\/\/arveres.ugeto.com\/?page_id=4311\"><img loading=\"lazy\" class=\"wp-image-4537 size-full aligncenter\" src=\"https:\/\/arveres.ugeto.com\/wp-content\/uploads\/2025\/09\/A55_2828-Inmitable-Power-400x300-1.jpg\" alt=\"\" width=\"400\" height=\"300\" srcset=\"https:\/\/arveres.ugeto.com\/wp-content\/uploads\/2025\/09\/A55_2828-Inmitable-Power-400x300-1.jpg 400w, https:\/\/arveres.ugeto.com\/wp-content\/uploads\/2025\/09\/A55_2828-Inmitable-Power-400x300-1-300x225.jpg 300w\" sizes=\"(max-width: 400px) 100vw, 400px\" \/><\/a><center><strong>12. INIMITABLEPOWER<\/strong><\/center><center>pej kanca<\/center><center>(Mereng\u0151 - Chippychip G.T.)<\/center><center>Weber Zsolt<strong><br><\/strong><\/center><\/figure>\n\n\n\n<p><\/p>\n<\/div>\n<\/div>\n\n\n\n<div class=\"wp-block-columns\">\n<div class=\"wp-block-column\">\n<figure class=\"wp-block-image size-large\"><a href=\"https:\/\/arveres.ugeto.com\/?page_id=4314\"><img loading=\"lazy\" class=\"wp-image-4539 size-full aligncenter\" src=\"https:\/\/arveres.ugeto.com\/wp-content\/uploads\/2025\/09\/U52_1762-400x300Irdatlan-Boko.jpg\" alt=\"\" width=\"400\" height=\"300\" srcset=\"https:\/\/arveres.ugeto.com\/wp-content\/uploads\/2025\/09\/U52_1762-400x300Irdatlan-Boko.jpg 400w, https:\/\/arveres.ugeto.com\/wp-content\/uploads\/2025\/09\/U52_1762-400x300Irdatlan-Boko-300x225.jpg 300w\" sizes=\"(max-width: 400px) 100vw, 400px\" \/><\/a><center><strong>13. IRDATLAN BOKO<br><\/strong>s\u00f6t\u00e9tpej m\u00e9n<\/center><center>(Chelsea Boko - Cartier Boko)<\/center><center>Dombov\u00e1ri M\u00e1rk - Boko Stables<strong><br><\/strong><\/center><\/figure>\n<\/div>\n\n\n\n<div class=\"wp-block-column\">\n<figure class=\"wp-block-image size-large\"><a href=\"https:\/\/arveres.ugeto.com\/?page_id=4317\"><img loading=\"lazy\" class=\"wp-image-4540 size-full aligncenter\" src=\"https:\/\/arveres.ugeto.com\/wp-content\/uploads\/2025\/09\/U52_1455-400x300-irgalmatlan-Boko.jpg\" alt=\"\" width=\"400\" height=\"300\" srcset=\"https:\/\/arveres.ugeto.com\/wp-content\/uploads\/2025\/09\/U52_1455-400x300-irgalmatlan-Boko.jpg 400w, https:\/\/arveres.ugeto.com\/wp-content\/uploads\/2025\/09\/U52_1455-400x300-irgalmatlan-Boko-300x225.jpg 300w\" sizes=\"(max-width: 400px) 100vw, 400px\" \/><\/a><center><strong>14. IRGALMATLAN BOKO<br><\/strong>s\u00f6t\u00e9tpej m\u00e9n<\/center><center>(Chelsea Boko - Alexis Boko)<\/center><center>Dombov\u00e1ri M\u00e1rk - Boko Stables<strong><br><\/strong><\/center><\/figure>\n<\/div>\n\n\n\n<div class=\"wp-block-column\">\n<figure class=\"wp-block-image size-large\"><a href=\"https:\/\/arveres.ugeto.com\/?page_id=4320\"><img loading=\"lazy\" class=\"wp-image-4581 size-full aligncenter\" src=\"https:\/\/arveres.ugeto.com\/wp-content\/uploads\/2025\/09\/U52_0546-grant-me-glory-aki-granme-glory-neven-is-fut-400x300-1.jpg\" alt=\"\" width=\"400\" height=\"300\" srcset=\"https:\/\/arveres.ugeto.com\/wp-content\/uploads\/2025\/09\/U52_0546-grant-me-glory-aki-granme-glory-neven-is-fut-400x300-1.jpg 400w, https:\/\/arveres.ugeto.com\/wp-content\/uploads\/2025\/09\/U52_0546-grant-me-glory-aki-granme-glory-neven-is-fut-400x300-1-300x225.jpg 300w\" sizes=\"(max-width: 400px) 100vw, 400px\" \/><\/a><center><strong>15. IRIMI\u00c1S<br><\/strong>pej her\u00e9lt<\/center><center>(Beautiful Power - Grant Me Glory)<\/center><center>Kulik Ferenc<strong><br><\/strong><\/center><\/figure>\n<\/div>\n<\/div>\n\n\n\n<div class=\"wp-block-columns\">\n<div class=\"wp-block-column\">\n<figure class=\"wp-block-image size-large\"><a href=\"https:\/\/arveres.ugeto.com\/?page_id=4333\"><img loading=\"lazy\" class=\"wp-image-4543 size-full aligncenter\" src=\"https:\/\/arveres.ugeto.com\/wp-content\/uploads\/2025\/09\/U53_1847-400x300-irish-man.jpg\" alt=\"\" width=\"400\" height=\"300\" srcset=\"https:\/\/arveres.ugeto.com\/wp-content\/uploads\/2025\/09\/U53_1847-400x300-irish-man.jpg 400w, https:\/\/arveres.ugeto.com\/wp-content\/uploads\/2025\/09\/U53_1847-400x300-irish-man-300x225.jpg 300w\" sizes=\"(max-width: 400px) 100vw, 400px\" \/><\/a><center><strong>16. IRISH MAN<br><\/strong>pej m\u00e9n<\/center><center>(Underpaid Hanover - White Lady)<\/center><center>Kabala M\u00e9nes Kft.<strong><br><\/strong><\/center><\/figure>\n\n\n\n<p><\/p>\n<\/div>\n\n\n\n<div class=\"wp-block-column\">\n<figure class=\"wp-block-image size-large\"><a href=\"https:\/\/arveres.ugeto.com\/?page_id=4363\"><img loading=\"lazy\" class=\"wp-image-4544 size-full aligncenter\" src=\"https:\/\/arveres.ugeto.com\/wp-content\/uploads\/2025\/09\/U53_1664-400x300-irin-lady.jpg\" alt=\"\" width=\"400\" height=\"300\" srcset=\"https:\/\/arveres.ugeto.com\/wp-content\/uploads\/2025\/09\/U53_1664-400x300-irin-lady.jpg 400w, https:\/\/arveres.ugeto.com\/wp-content\/uploads\/2025\/09\/U53_1664-400x300-irin-lady-300x225.jpg 300w\" sizes=\"(max-width: 400px) 100vw, 400px\" \/><\/a><center><strong>17. IRON LADY<br><\/strong>pej kanca<\/center><center>(Maximus Lindy - Tit\u00e1n Lady)<\/center><center>Kabala M\u00e9nes Kft.<strong><br><\/strong><\/center><\/figure>\n<\/div>\n\n\n\n<div class=\"wp-block-column\">\n<figure class=\"wp-block-image size-large\"><a href=\"https:\/\/arveres.ugeto.com\/?page_id=4339\"><img loading=\"lazy\" class=\"wp-image-4545 size-full aligncenter\" src=\"https:\/\/arveres.ugeto.com\/wp-content\/uploads\/2025\/09\/U53_1627-400x300-isac-fling.jpg\" alt=\"\" width=\"400\" height=\"300\" srcset=\"https:\/\/arveres.ugeto.com\/wp-content\/uploads\/2025\/09\/U53_1627-400x300-isac-fling.jpg 400w, https:\/\/arveres.ugeto.com\/wp-content\/uploads\/2025\/09\/U53_1627-400x300-isac-fling-300x225.jpg 300w\" sizes=\"(max-width: 400px) 100vw, 400px\" \/><\/a><center><strong>18. ISAAC FLING<br><\/strong>pej m\u00e9n<\/center><center>(Underpaid Hanover - Veronica Fling)<\/center><center>Kabala M\u00e9nes Kft.<strong><br><\/strong><\/center><\/figure>\n<\/div>\n<\/div>\n\n\n\n<div class=\"wp-block-columns\">\n<div class=\"wp-block-column\">\n<figure class=\"wp-block-image size-large\"><a href=\"https:\/\/arveres.ugeto.com\/?page_id=4342\"><img loading=\"lazy\" class=\"wp-image-4547 size-full aligncenter\" src=\"https:\/\/arveres.ugeto.com\/wp-content\/uploads\/2025\/09\/daisi-shine-0904-400x300-1.jpg\" alt=\"\" width=\"400\" height=\"300\" srcset=\"https:\/\/arveres.ugeto.com\/wp-content\/uploads\/2025\/09\/daisi-shine-0904-400x300-1.jpg 400w, https:\/\/arveres.ugeto.com\/wp-content\/uploads\/2025\/09\/daisi-shine-0904-400x300-1-300x225.jpg 300w\" sizes=\"(max-width: 400px) 100vw, 400px\" \/><\/a><center><strong>19. ISTEN HOZOTT<br><\/strong>pej kanca<\/center><center>(Habitat - Daisysine)<\/center><center>Kulik Ferenc<strong><br><\/strong><\/center><\/figure>\n<\/div>\n\n\n\n<div class=\"wp-block-column\">\n<figure class=\"wp-block-image size-large\"><a href=\"https:\/\/arveres.ugeto.com\/?page_id=4345\"><img loading=\"lazy\" class=\"wp-image-4582 size-full aligncenter\" src=\"https:\/\/arveres.ugeto.com\/wp-content\/uploads\/2025\/09\/A55_2706-kincsemparkos-brom-lady-400x300-1.jpg\" alt=\"\" width=\"400\" height=\"300\" srcset=\"https:\/\/arveres.ugeto.com\/wp-content\/uploads\/2025\/09\/A55_2706-kincsemparkos-brom-lady-400x300-1.jpg 400w, https:\/\/arveres.ugeto.com\/wp-content\/uploads\/2025\/09\/A55_2706-kincsemparkos-brom-lady-400x300-1-300x225.jpg 300w\" sizes=\"(max-width: 400px) 100vw, 400px\" \/><\/a><center><strong>20. ITTRIUM BOY<br><\/strong>pej m\u00e9n<\/center><center>(Mereng\u0151 - Br\u00f3m Lady)<\/center><center>Zsolnai Endre<strong><br><\/strong><\/center><\/figure>\n<\/div>\n\n\n\n<div class=\"wp-block-column\">\n<figure class=\"wp-block-image size-large\"><a href=\"https:\/\/arveres.ugeto.com\/?page_id=4348\"><img loading=\"lazy\" class=\"alignnone wp-image-4549 size-full\" src=\"https:\/\/arveres.ugeto.com\/wp-content\/uploads\/2025\/09\/U53_1745-400x300-ivon.jpg\" alt=\"\" width=\"400\" height=\"300\" srcset=\"https:\/\/arveres.ugeto.com\/wp-content\/uploads\/2025\/09\/U53_1745-400x300-ivon.jpg 400w, https:\/\/arveres.ugeto.com\/wp-content\/uploads\/2025\/09\/U53_1745-400x300-ivon-300x225.jpg 300w\" sizes=\"(max-width: 400px) 100vw, 400px\" \/><\/a><center><strong>21. IVONN<br><\/strong>pej kanca<\/center><center>(Maximus Lindy - N\u00f3raville)<\/center><center>Kabala M\u00e9nes Kft.<strong><br><\/strong><\/center><\/figure>\n<\/div>\n<\/div>\n\n\n\n<div class=\"wp-block-columns\">\n<div class=\"wp-block-column\">\n<figure class=\"wp-block-image size-large\"><a href=\"https:\/\/arveres.ugeto.com\/?page_id=4562\"><img loading=\"lazy\" class=\"wp-image-4550 size-full aligncenter\" src=\"https:\/\/arveres.ugeto.com\/wp-content\/uploads\/2025\/09\/U52_1698-400x300-1.jpg\" alt=\"\" width=\"400\" height=\"300\" srcset=\"https:\/\/arveres.ugeto.com\/wp-content\/uploads\/2025\/09\/U52_1698-400x300-1.jpg 400w, https:\/\/arveres.ugeto.com\/wp-content\/uploads\/2025\/09\/U52_1698-400x300-1-300x225.jpg 300w\" sizes=\"(max-width: 400px) 100vw, 400px\" \/><\/a><center><strong>22. I LOVE POKER FACE<br><\/strong>pej m\u00e9n<\/center><center>(Palace Bo \u2013 Golden Opportunity)<\/center><center>Rutkai J\u00f3zsef<strong><br><\/strong><\/center><\/figure>\n<\/div>\n\n\n\n<div class=\"wp-block-column\"><\/div>\n\n\n\n<div class=\"wp-block-column\"><\/div>\n<\/div>\n\n\n\n<div class=\"wp-block-columns\"><\/div>\n\n\n\n<div class=\"wp-block-columns\">\n<div class=\"wp-block-column\"><\/div>\n<\/div>\n\n\n\n<p class=\"has-text-align-center\"><strong>A&nbsp;<a href=\"https:\/\/arveres.ugeto.com\/?page_id=71\">TESZT<\/a>&nbsp;oldalon az \u00faj felhaszn\u00e1l\u00f3k kipr\u00f3b\u00e1lhatj\u00e1k a licit\u00e1l\u00e1s menet\u00e9t az \u00e1rver\u00e9s megkezd\u00e9se el\u0151tt!<\/strong><\/p>\n\n\n\n<p><\/p>\n","protected":false},"excerpt":{"rendered":"<p>Az \u00e1rver\u00e9s lez\u00e1rult \u00c1RVER\u00c9SI KATAL\u00d3GUS 1. I LOVE YOUpej m\u00e9n(Amour Rapide \u2013 Ourangel U. R.)Kurucz Attila 2. IDEAL LINDYpej m\u00e9n(Maximus Lindy \u2013 Night Lady)Kabala M\u00e9nes Kft. 3. IDOM\u00c1Rpej her\u00e9lt(Habitat \u2013 Zsozsoka)Kulik Ferenc 4. IGAZGAT\u00d3 \u00daR&nbsp;s\u00f6t\u00e9tpej her\u00e9lt(Habitat \u2013 Med\u00e1lia)Kulik Ferenc 5. \u00cdG\u00c9RD MEG KISL\u00c1NYpej kanca(Beautiful Power &#8211; Bonjour Evo)Kulik Ferenc 6. IGYIS-\u00daGYISs\u00f6t\u00e9tpej m\u00e9n(Nuncio \u2013 Nan\u00e1)Dombov\u00e1ri M\u00e1rk &#8230; <a title=\"Online \u00e1rver\u00e9s 2025. okt\u00f3ber 8-10.\" class=\"read-more\" href=\"https:\/\/arveres.ugeto.com\/\" aria-label=\"More on Online \u00e1rver\u00e9s 2025. okt\u00f3ber 8-10.\">Read more<\/a><\/p>\n","protected":false},"author":2,"featured_media":0,"parent":0,"menu_order":0,"comment_status":"closed","ping_status":"closed","template":"","meta":[],"_links":{"self":[{"href":"https:\/\/arveres.ugeto.com\/index.php?rest_route=\/wp\/v2\/pages\/4203"}],"collection":[{"href":"https:\/\/arveres.ugeto.com\/index.php?rest_route=\/wp\/v2\/pages"}],"about":[{"href":"https:\/\/arveres.ugeto.com\/index.php?rest_route=\/wp\/v2\/types\/page"}],"author":[{"embeddable":true,"href":"https:\/\/arveres.ugeto.com\/index.php?rest_route=\/wp\/v2\/users\/2"}],"replies":[{"embeddable":true,"href":"https:\/\/arveres.ugeto.com\/index.php?rest_route=%2Fwp%2Fv2%2Fcomments&post=4203"}],"version-history":[{"count":91,"href":"https:\/\/arveres.ugeto.com\/index.php?rest_route=\/wp\/v2\/pages\/4203\/revisions"}],"predecessor-version":[{"id":4628,"href":"https:\/\/arveres.ugeto.com\/index.php?rest_route=\/wp\/v2\/pages\/4203\/revisions\/4628"}],"wp:attachment":[{"href":"https:\/\/arveres.ugeto.com\/index.php?rest_route=%2Fwp%2Fv2%2Fmedia&parent=4203"}],"curies":[{"name":"wp","href":"https:\/\/api.w.org\/{rel}","templated":true}]}}