
{"id":4097,"date":"2024-10-01T12:05:47","date_gmt":"2024-10-01T12:05:47","guid":{"rendered":"https:\/\/arveres.ugeto.com\/?page_id=4097"},"modified":"2024-10-10T12:36:09","modified_gmt":"2024-10-10T12:36:09","slug":"2024_10-arveresi-katalogus","status":"publish","type":"page","link":"https:\/\/arveres.ugeto.com\/?page_id=4097","title":{"rendered":"2024_10 \u00c1rver\u00e9si katal\u00f3gus"},"content":{"rendered":"\n<h2 class=\"has-text-align-center\">\u00c1rver\u00e9si katal\u00f3gus<\/h2>\n\n\n\n<table class=\"tablesorter\" width='100%'><tbody><thead><tr><th width='5%'><\/th><th width='20%'>N\u00e9v<\/th><th width='25%'>Aktu\u00e1lis_Licit\u00e1ll\u00e1s<\/th><th width='10%'>Licit<br>lez\u00e1r\u00e1s<\/th width='10%'><th>Neme<\/th><th width='15%'>Sz\u00e1rmaz\u00e1s<\/th><th width='15%'>Tulajdonos<\/th><\/thead><\/tr>\n\n<tr><td>1<\/td><td><a href=\"https:\/\/arveres.ugeto.com\/?page_id=3737\">HABCS\u00d3K K<\/a><\/td><td><iframe src=\"https:\/\/arveres.ugeto.com\/arveres_allas8.php?tetel=2024100001\" height=\"40\" width=\"100%\"><\/iframe><\/td><td>15:00<\/td><td>kanca<\/td><td>(Habitat \u2013 Med\u00e1lia)<\/td><td>Kulik Ferenc<\/td><\/tr>\n\n<tr><td>2<\/td><td><a href=\"https:\/\/arveres.ugeto.com\/?page_id=3748\">HABI K<\/a><\/td><td><iframe src=\"https:\/\/arveres.ugeto.com\/arveres_allas8.php?tetel=2024100002\" height=\"40\" width=\"100%\"><\/iframe><\/td><td>15:05<\/td><td>m\u00e9n<\/td><td>(Habitat \u2013 Intelligent Star)<\/td><td>Kulik Ferenc<\/td><\/tr>\n\n<tr><td>3<\/td><td><a href=\"https:\/\/arveres.ugeto.com\/?page_id=3751\">HADNAGY<\/a><\/td><td><iframe src=\"https:\/\/arveres.ugeto.com\/arveres_allas8.php?tetel=2024100003\" height=\"40\" width=\"100%\"><\/iframe><\/td><td>15:10<\/td><td>m\u00e9n<\/td><td>(Broidi \u2013 Seherez\u00e1d\u00e9)<\/td><td>T\u00f3th Ang\u00e9la<\/td><\/tr>\n\n<tr><td>4<\/td><td><a href=\"https:\/\/arveres.ugeto.com\/?page_id=3754\">HAMIDU LOCO<\/a><\/td><td><iframe src=\"https:\/\/arveres.ugeto.com\/arveres_allas8.php?tetel=2024100004\" height=\"40\" width=\"100%\"><\/iframe><\/td><td>15:15<\/td><td>m\u00e9n<\/td><td>(Maximus Lindy \u2013 Kincsem Boko)<\/td><td>Vincze Betti<\/td><\/tr>\n\n<tr><td>5<\/td><td><a href=\"https:\/\/arveres.ugeto.com\/?page_id=3758\">HAPPY HOLIDAY<\/a><\/td><td><iframe src=\"https:\/\/arveres.ugeto.com\/arveres_allas8.php?tetel=2024100005\" height=\"40\" width=\"100%\"><\/iframe><\/td><td>15:20<\/td><td>m\u00e9n<\/td><td>(Gu d\u2019Heripre- Salome\u2019 Bar)<\/td><td>Rutkai J\u00f3zsef<\/td><\/tr>\n\n<tr><td>6<\/td><td><a href=\"https:\/\/arveres.ugeto.com\/?page_id=3681\">HARMATKA R<\/a><\/td><td><iframe src=\"https:\/\/arveres.ugeto.com\/arveres_allas8.php?tetel=2024100006\" height=\"40\" width=\"100%\"><\/iframe><\/td><td>15:25<\/td><td>kanca<\/td><td>(Palomar LB \u2013 Amadora)<\/td><td>Kabala-M\u00e9nes Kft.<\/td><\/tr>\n\n<tr><td>7<\/td><td><a href=\"https:\/\/arveres.ugeto.com\/?page_id=3770\">HEKTOR K<\/a><\/td><td><iframe src=\"https:\/\/arveres.ugeto.com\/arveres_allas8.php?tetel=2024100007\" height=\"40\" width=\"100%\"><\/iframe><\/td><td>15:30<\/td><td>kanca<\/td><td>(Habitat \u2013  Maya Goal)<\/td><td>Kulik Ferenc<\/td><\/tr>\n\n<tr><td>8<\/td><td><a href=\"https:\/\/arveres.ugeto.com\/?page_id=3688\">H\u00c9LIOSZ R<\/a><\/td><td><iframe src=\"https:\/\/arveres.ugeto.com\/arveres_allas8.php?tetel=2024100008\" height=\"40\" width=\"100%\"><\/iframe><\/td><td>15:35<\/td><td>kanca<\/td><td>(Underpaid Hanover \u2013 Rubin Lady)<\/td><td>Kabala- M\u00e9nes Kft.<\/td><\/tr>\n\n<tr><td>9<\/td><td><a href=\"https:\/\/arveres.ugeto.com\/?page_id=3773\">H\u00c9LIUM BOY<\/a><\/td><td><iframe src=\"https:\/\/arveres.ugeto.com\/arveres_allas8.php?tetel=2024100009\" height=\"40\" width=\"100%\"><\/iframe><\/td><td>15:40<\/td><td>m\u00e9n<\/td><td>(Mereng\u0151 \u2013 Br\u00f3m Lady)<\/td><td>Zsolnai Endre<\/td><\/tr>\n\n<tr><td>10<\/td><td><a href=\"https:\/\/arveres.ugeto.com\/?page_id=3824\">HELL ENERGY<\/a><\/td><td><iframe src=\"https:\/\/arveres.ugeto.com\/arveres_allas8.php?tetel=2024100010\" height=\"40\" width=\"100%\"><\/iframe><\/td><td>15:45<\/td><td>m\u00e9n<\/td><td>(Calgary Games \u2013 Eliane Merite)<\/td><td>Rutkai J\u00f3zsef<\/td><\/tr>\n\n<tr><td>11<\/td><td><a href=\"https:\/\/arveres.ugeto.com\/?page_id=3777\">HELLA T BOKO<\/a><\/td><td><iframe src=\"https:\/\/arveres.ugeto.com\/arveres_allas8.php?tetel=2024100011\" height=\"40\" width=\"100%\"><\/iframe><\/td><td>15:50<\/td><td>kanca<\/td><td>(Maximus Lindy \u2013 Jasmine F Boko)<\/td><td>Milan Tisma &#038; Boko Stables Holland B.V.<\/td><\/tr>\n\n<tr><td>12<\/td><td><a href=\"https:\/\/arveres.ugeto.com\/?page_id=3782\">HELYP\u00c9NZ K<\/a><\/td><td><iframe src=\"https:\/\/arveres.ugeto.com\/arveres_allas8.php?tetel=2024100012\" height=\"40\" width=\"100%\"><\/iframe><\/td><td>15:55<\/td><td>m\u00e9n<\/td><td>(Habitat \u2013 Zsozsoka)<\/td><td>Kulik Ferenc<\/td><\/tr>\n\n<tr><td>13<\/td><td><a href=\"https:\/\/arveres.ugeto.com\/?page_id=3691\">HERCEG R<\/a><\/td><td><iframe src=\"https:\/\/arveres.ugeto.com\/arveres_allas8.php?tetel=2024100013\" height=\"40\" width=\"100%\"><\/iframe><\/td><td>16:00<\/td><td>m\u00e9n<\/td><td>(Palomar LB \u2013 \u00daril\u00e1ny R.)<\/td><td>Kabala-M\u00e9nes Kft.<\/td><\/tr>\n\n<tr><td>14<\/td><td><a href=\"https:\/\/arveres.ugeto.com\/?page_id=3786\">HERCEGN\u0150 K<\/a><\/td><td><iframe src=\"https:\/\/arveres.ugeto.com\/arveres_allas8.php?tetel=2024100014\" height=\"40\" width=\"100%\"><\/iframe><\/td><td>16:05<\/td><td>kanca<\/td><td>(Calypso Capar \u2013 Bonjour Evo)<\/td><td>Kulik Ferenc<\/td>\n\n<tr><td>15<\/td><td><a href=\"https:\/\/arveres.ugeto.com\/?page_id=3790\">HERKULES K<\/a><\/td><td><iframe src=\"https:\/\/arveres.ugeto.com\/arveres_allas8.php?tetel=2024100015\" height=\"40\" width=\"100%\"><\/iframe><\/td><td>16:10<\/td><td>m\u00e9n<\/td><td>(Habitat \u2013 Daisysine)<\/td><td>Kulik Ferenc<\/td><\/tr>\n\n<tr><td>16<\/td><td><a href=\"https:\/\/arveres.ugeto.com\/?page_id=3694\">HIGHLAND FLING<\/a><\/td><td><iframe src=\"https:\/\/arveres.ugeto.com\/arveres_allas8.php?tetel=2024100016\" height=\"40\" width=\"100%\"><\/iframe><\/td><td>16:15<\/td><td>m\u00e9n<\/td><td>(Underpaid Hanover \u2013 Veronica Fling)<\/td><td>Kabala- M\u00e9nes Kft.<\/td><\/tr>\n\n<tr><td>17<\/td><td><a href=\"https:\/\/arveres.ugeto.com\/?page_id=3698\">HILARIA FLING<\/a><\/td><td><iframe src=\"https:\/\/arveres.ugeto.com\/arveres_allas8.php?tetel=2024100017\" height=\"40\" width=\"100%\"><\/iframe><\/td><td>16:20<\/td><td>kanca<\/td><td>(Underpaid Hanover \u2013 Cicciolina Fling)<\/td><td>Kabala- M\u00e9nes Kft.<\/td><\/tr>\n\n<tr><td>18<\/td><td><a href=\"https:\/\/arveres.ugeto.com\/?page_id=3795\">HIPPY GLORY K<\/a><\/td><td><iframe src=\"https:\/\/arveres.ugeto.com\/arveres_allas8.php?tetel=2024100018\" height=\"40\" width=\"100%\"><\/iframe><\/td><td>16:25<\/td><td>kanca<\/td><td>(Habitat \u2013 Grant Me Glory)<\/td><td>Kulik Ferenc<\/td>\n\n<tr><td>19<\/td><td><a href=\"https:\/\/arveres.ugeto.com\/?page_id=3798\">HOLDEM POKER<\/a><\/td><td><iframe src=\"https:\/\/arveres.ugeto.com\/arveres_allas8.php?tetel=2024100019\" height=\"40\" width=\"100%\"><\/iframe><\/td><td>16:30<\/td><td>m\u00e9n<\/td><td>(Underpaid Hanover \u2013 Bold Lady)<\/td><td>Rutkai J\u00f3zsef<\/td><\/tr>\n\n<tr><td>20<\/td><td><a href=\"https:\/\/arveres.ugeto.com\/?page_id=3802\">HOLLYWOOD BOY<\/a><\/td><td><iframe src=\"https:\/\/arveres.ugeto.com\/arveres_allas8.php?tetel=2024100020\" height=\"40\" width=\"100%\"><\/iframe><\/td><td>16:35<\/td><td>m\u00e9n<\/td><td>(Maharajah \u2013 Journey Boko)<\/td><td>Rutkai J\u00f3zsef<\/td><\/tr>\n\n<tr><td>21<\/td><td><a href=\"https:\/\/arveres.ugeto.com\/?page_id=3805\">HOOLIGANS<\/a><\/td><td><iframe src=\"https:\/\/arveres.ugeto.com\/arveres_allas8.php?tetel=2024100021\" height=\"40\" width=\"100%\"><\/iframe><\/td><td>16:40<\/td><td>m\u00e9n<\/td><td>(Underpaid Hanover \u2013 Golden Opportunity)<\/td><td>Rutkai J\u00f3zsef<\/td><\/tr>\n\n<tr><td>22<\/td><td><a href=\"https:\/\/arveres.ugeto.com\/?page_id=2454\">HRISTO<\/a><\/td><td><iframe src=\"https:\/\/arveres.ugeto.com\/arveres_allas8.php?tetel=2024100022\" height=\"40\" width=\"100%\"><\/iframe><\/td><td>16:45<\/td><td>m\u00e9n<\/td><td>(Habitat \u2013 Zara Noble BD)<\/td><td>Albisor Marius<\/td><\/tr>\n\n<tr><td>23<\/td><td><a href=\"https:\/\/arveres.ugeto.com\/?page_id=3809\">G-MOLL SZIMF\u00d3NIA<\/a><\/td><td><iframe src=\"https:\/\/arveres.ugeto.com\/arveres_allas8.php?tetel=2024100023\" height=\"40\" width=\"100%\"><\/iframe><\/td><td>16:50<\/td><td>kanca<\/td><td>(Broidi &#8211; Szimf\u00f3nia)<\/td><td>T\u00f3th Ang\u00e9la<\/td><\/tr>\n\n<tr><td>24<\/td><td><a href=\"https:\/\/arveres.ugeto.com\/?page_id=3815\">GOOD BOY<\/a><\/td><td><iframe src=\"https:\/\/arveres.ugeto.com\/arveres_allas8.php?tetel=2024100024\" height=\"40\" width=\"100%\"><\/iframe><\/td><td>16:55<\/td><td>m\u00e9n<\/td><td>(Broidi &#8211; Trotzwo)<\/td><td>Nagy Mih\u00e1ly<\/td><\/tr>\n\n\n\n\n<\/tbody><\/table>\n\n\n\n<p><\/p>\n","protected":false},"excerpt":{"rendered":"<p>\u00c1rver\u00e9si katal\u00f3gus N\u00e9v Aktu\u00e1lis_Licit\u00e1ll\u00e1s Licitlez\u00e1r\u00e1s Neme Sz\u00e1rmaz\u00e1s Tulajdonos 1 HABCS\u00d3K K 15:00 kanca (Habitat \u2013 Med\u00e1lia) Kulik Ferenc 2 HABI K 15:05 m\u00e9n (Habitat \u2013 Intelligent Star) Kulik Ferenc 3 HADNAGY 15:10 m\u00e9n (Broidi \u2013 Seherez\u00e1d\u00e9) T\u00f3th Ang\u00e9la 4 HAMIDU LOCO 15:15 m\u00e9n (Maximus Lindy \u2013 Kincsem Boko) Vincze Betti 5 HAPPY HOLIDAY 15:20 m\u00e9n &#8230; <a title=\"2024_10 \u00c1rver\u00e9si katal\u00f3gus\" class=\"read-more\" href=\"https:\/\/arveres.ugeto.com\/?page_id=4097\" aria-label=\"More on 2024_10 \u00c1rver\u00e9si katal\u00f3gus\">Read more<\/a><\/p>\n","protected":false},"author":1,"featured_media":0,"parent":0,"menu_order":0,"comment_status":"closed","ping_status":"closed","template":"","meta":[],"_links":{"self":[{"href":"https:\/\/arveres.ugeto.com\/index.php?rest_route=\/wp\/v2\/pages\/4097"}],"collection":[{"href":"https:\/\/arveres.ugeto.com\/index.php?rest_route=\/wp\/v2\/pages"}],"about":[{"href":"https:\/\/arveres.ugeto.com\/index.php?rest_route=\/wp\/v2\/types\/page"}],"author":[{"embeddable":true,"href":"https:\/\/arveres.ugeto.com\/index.php?rest_route=\/wp\/v2\/users\/1"}],"replies":[{"embeddable":true,"href":"https:\/\/arveres.ugeto.com\/index.php?rest_route=%2Fwp%2Fv2%2Fcomments&post=4097"}],"version-history":[{"count":24,"href":"https:\/\/arveres.ugeto.com\/index.php?rest_route=\/wp\/v2\/pages\/4097\/revisions"}],"predecessor-version":[{"id":4185,"href":"https:\/\/arveres.ugeto.com\/index.php?rest_route=\/wp\/v2\/pages\/4097\/revisions\/4185"}],"wp:attachment":[{"href":"https:\/\/arveres.ugeto.com\/index.php?rest_route=%2Fwp%2Fv2%2Fmedia&parent=4097"}],"curies":[{"name":"wp","href":"https:\/\/api.w.org\/{rel}","templated":true}]}}