
{"id":3704,"date":"2024-09-06T12:00:09","date_gmt":"2024-09-06T12:00:09","guid":{"rendered":"https:\/\/arveres.ugeto.com\/?page_id=3704"},"modified":"2024-10-09T07:36:16","modified_gmt":"2024-10-09T07:36:16","slug":"az-arveres-idotartama-2024-oktober-10-11","status":"publish","type":"page","link":"https:\/\/arveres.ugeto.com\/?page_id=3704","title":{"rendered":"Online \u00e1rver\u00e9s 2024.10.10-11."},"content":{"rendered":"\n<p class=\"has-text-align-center has-medium-font-size\">Az \u00e1rver\u00e9s kezdete: 2024. okt\u00f3ber 10. 9:00 <\/p>\n\n\n\n<p class=\"has-text-align-center has-medium-font-size\">Lez\u00e1r\u00e1s kezdete: 2024. okt\u00f3ber 11. 15:00<\/p>\n\n\n\n<hr class=\"wp-block-separator is-style-default\"\/>\n\n\n\n<p class=\"has-text-align-center\" style=\"font-size:34px\"><a href=\"https:\/\/arveres.ugeto.com\/?page_id=4097\" data-type=\"page\" data-id=\"4097\">\u00c1RVER\u00c9SI KATAL\u00d3GUS<\/a><\/p>\n\n\n\n<hr class=\"wp-block-separator is-style-default\"\/>\n\n\n\n<div class=\"wp-block-columns\">\n<div class=\"wp-block-column\">\n<figure class=\"wp-block-image size-large\"><a href=\"https:\/\/arveres.ugeto.com\/?page_id=3737\"><img loading=\"lazy\" class=\"size-medium wp-image-3974 aligncenter\" src=\"https:\/\/arveres.ugeto.com\/wp-content\/uploads\/2024\/09\/400x300Habcsok-RH4_2767-masolat-2-300x225.jpg\" alt=\"\" width=\"300\" height=\"225\" srcset=\"https:\/\/arveres.ugeto.com\/wp-content\/uploads\/2024\/09\/400x300Habcsok-RH4_2767-masolat-2-300x225.jpg 300w, https:\/\/arveres.ugeto.com\/wp-content\/uploads\/2024\/09\/400x300Habcsok-RH4_2767-masolat-2.jpg 400w\" sizes=\"(max-width: 300px) 100vw, 300px\" \/><\/a><center><strong>1. HABCS\u00d3K K<\/strong><br>s\u00f6t\u00e9tpej kanca<br>(Habitat &#8211; Med\u00e1lia)<br>Kulik Ferenc<\/center><\/figure>\n<\/div>\n\n\n\n<div class=\"wp-block-column\">\n<figure class=\"wp-block-image size-large\"><a href=\"https:\/\/arveres.ugeto.com\/?page_id=3748\"><img loading=\"lazy\" class=\"size-medium wp-image-3977 aligncenter\" src=\"https:\/\/arveres.ugeto.com\/wp-content\/uploads\/2024\/09\/400x300Habi-RH4_2820-masolat-2-300x225.jpg\" alt=\"\" width=\"300\" height=\"225\" srcset=\"https:\/\/arveres.ugeto.com\/wp-content\/uploads\/2024\/09\/400x300Habi-RH4_2820-masolat-2-300x225.jpg 300w, https:\/\/arveres.ugeto.com\/wp-content\/uploads\/2024\/09\/400x300Habi-RH4_2820-masolat-2.jpg 400w\" sizes=\"(max-width: 300px) 100vw, 300px\" \/><\/a><center><strong>2. HABI K<\/strong><br>s\u00f6t\u00e9tpej m\u00e9n<br>(Habitat &#8211; Intelligent Star)<\/center><center>Kulik Ferenc<\/center><\/figure>\n<\/div>\n\n\n\n<div class=\"wp-block-column\">\n<figure class=\"wp-block-image size-large\"><a href=\"https:\/\/arveres.ugeto.com\/?page_id=3751\"><img loading=\"lazy\" class=\"size-medium wp-image-3981 aligncenter\" src=\"https:\/\/arveres.ugeto.com\/wp-content\/uploads\/2024\/09\/400x300-Hadnagy-RH4_2563-300x225.jpg\" alt=\"\" width=\"300\" height=\"225\" srcset=\"https:\/\/arveres.ugeto.com\/wp-content\/uploads\/2024\/09\/400x300-Hadnagy-RH4_2563-300x225.jpg 300w, https:\/\/arveres.ugeto.com\/wp-content\/uploads\/2024\/09\/400x300-Hadnagy-RH4_2563.jpg 400w\" sizes=\"(max-width: 300px) 100vw, 300px\" \/><\/a><center><strong>3. HADNAGY<\/strong><br>pej m\u00e9n<br>(Broidi &#8211; Seherez\u00e1d\u00e9)<br>T\u00f3th Ang\u00e9la<\/center><\/figure>\n\n\n\n<p><\/p>\n<\/div>\n<\/div>\n\n\n\n<div class=\"wp-block-columns\">\n<div class=\"wp-block-column\">\n<figure class=\"wp-block-image size-large\"><a href=\"https:\/\/arveres.ugeto.com\/?page_id=3754\"><img loading=\"lazy\" class=\"size-medium wp-image-4042 aligncenter\" src=\"https:\/\/arveres.ugeto.com\/wp-content\/uploads\/2024\/09\/400x300-hamidu-Loco-VB4_0782-300x225.jpg\" alt=\"\" width=\"300\" height=\"225\" srcset=\"https:\/\/arveres.ugeto.com\/wp-content\/uploads\/2024\/09\/400x300-hamidu-Loco-VB4_0782-300x225.jpg 300w, https:\/\/arveres.ugeto.com\/wp-content\/uploads\/2024\/09\/400x300-hamidu-Loco-VB4_0782.jpg 400w\" sizes=\"(max-width: 300px) 100vw, 300px\" \/><\/a><center><strong>4. HAMIDU LOCO<\/strong><br>pej m\u00e9n<br>(Maximus Lindy &#8211; Kincsem Boko)<br>Vincze Betti<\/center><\/figure>\n<\/div>\n\n\n\n<div class=\"wp-block-column\">\n<figure class=\"wp-block-image size-large\"><a href=\"https:\/\/arveres.ugeto.com\/?attachment_id=3758#main\"><img loading=\"lazy\" class=\"wp-image-3939 size-medium aligncenter\" src=\"https:\/\/arveres.ugeto.com\/wp-content\/uploads\/2024\/09\/400x300-Happy-Holiday-RH4_0696-300x225.jpg\" alt=\"\" width=\"300\" height=\"225\" srcset=\"https:\/\/arveres.ugeto.com\/wp-content\/uploads\/2024\/09\/400x300-Happy-Holiday-RH4_0696-300x225.jpg 300w, https:\/\/arveres.ugeto.com\/wp-content\/uploads\/2024\/09\/400x300-Happy-Holiday-RH4_0696.jpg 400w\" sizes=\"(max-width: 300px) 100vw, 300px\" \/><\/a><center><strong>5. HAPPY HOLIDAY<\/strong><br>s\u00e1rga m\u00e9n<br>(Gu d&#8217;Heripre- Salome&#8217; Bar)<br>Rutkai J\u00f3zsef<\/center><\/figure>\n<\/div>\n\n\n\n<div class=\"wp-block-column\">\n<figure class=\"wp-block-image size-large\"><a href=\"https:\/\/arveres.ugeto.com\/?page_id=3681\"><img loading=\"lazy\" class=\"size-medium wp-image-3945 aligncenter\" src=\"https:\/\/arveres.ugeto.com\/wp-content\/uploads\/2024\/09\/400x300-harmatka-RH4_0100-300x225.jpg\" alt=\"\" width=\"300\" height=\"225\" srcset=\"https:\/\/arveres.ugeto.com\/wp-content\/uploads\/2024\/09\/400x300-harmatka-RH4_0100-300x225.jpg 300w, https:\/\/arveres.ugeto.com\/wp-content\/uploads\/2024\/09\/400x300-harmatka-RH4_0100.jpg 400w\" sizes=\"(max-width: 300px) 100vw, 300px\" \/><\/a><center><strong>6. HARMATKA R<\/strong><br>pej kanca<br>(Palomar LB &#8211; Amadora)<br>Kabala-M\u00e9nes Kft.<\/center><\/figure>\n<\/div>\n<\/div>\n\n\n\n<div class=\"wp-block-columns\">\n<div class=\"wp-block-column\">\n<figure class=\"wp-block-image size-large\"><a href=\"https:\/\/arveres.ugeto.com\/?page_id=3770\"><img loading=\"lazy\" class=\"size-medium wp-image-3985 aligncenter\" src=\"https:\/\/arveres.ugeto.com\/wp-content\/uploads\/2024\/09\/400x300Hektor-RH4_2959-masolat-2-300x225.jpg\" alt=\"\" width=\"300\" height=\"225\" srcset=\"https:\/\/arveres.ugeto.com\/wp-content\/uploads\/2024\/09\/400x300Hektor-RH4_2959-masolat-2-300x225.jpg 300w, https:\/\/arveres.ugeto.com\/wp-content\/uploads\/2024\/09\/400x300Hektor-RH4_2959-masolat-2.jpg 400w\" sizes=\"(max-width: 300px) 100vw, 300px\" \/><\/a><center><strong>7. HEKTOR K<br><\/strong>pej m\u00e9n<br>(Habitat &#8211;&nbsp; Maya Goal)<br>Kulik Ferenc<\/center><\/figure>\n<\/div>\n\n\n\n<div class=\"wp-block-column\">\n<figure class=\"wp-block-image size-large\"><a href=\"https:\/\/arveres.ugeto.com\/?attachment_id=3688#main\"><img loading=\"lazy\" class=\"wp-image-3952 size-medium aligncenter\" src=\"https:\/\/arveres.ugeto.com\/wp-content\/uploads\/2024\/09\/400x300-Heliosz-RH4_0283-300x225.jpg\" alt=\"\" width=\"300\" height=\"225\" srcset=\"https:\/\/arveres.ugeto.com\/wp-content\/uploads\/2024\/09\/400x300-Heliosz-RH4_0283-300x225.jpg 300w, https:\/\/arveres.ugeto.com\/wp-content\/uploads\/2024\/09\/400x300-Heliosz-RH4_0283.jpg 400w\" sizes=\"(max-width: 300px) 100vw, 300px\" \/><\/a><center><strong>8. H\u00c9LIOSZ R<br><\/strong>pej m\u00e9n<br>(Underpaid Hanover &#8211; Rubin Lady)<br>Kabala- M\u00e9nes Kft.<\/center><\/figure>\n<\/div>\n\n\n\n<div class=\"wp-block-column\">\n<figure class=\"wp-block-image size-large\"><a href=\"https:\/\/arveres.ugeto.com\/?page_id=3773\"><img loading=\"lazy\" class=\"size-medium wp-image-4089 aligncenter\" src=\"https:\/\/arveres.ugeto.com\/wp-content\/uploads\/2024\/09\/4-3-300x225.jpg\" alt=\"\" width=\"300\" height=\"225\" srcset=\"https:\/\/arveres.ugeto.com\/wp-content\/uploads\/2024\/09\/4-3-300x225.jpg 300w, https:\/\/arveres.ugeto.com\/wp-content\/uploads\/2024\/09\/4-3-1024x768.jpg 1024w, https:\/\/arveres.ugeto.com\/wp-content\/uploads\/2024\/09\/4-3-768x576.jpg 768w, https:\/\/arveres.ugeto.com\/wp-content\/uploads\/2024\/09\/4-3.jpg 1500w\" sizes=\"(max-width: 300px) 100vw, 300px\" \/><\/a><center><strong>9. H\u00c9LIUM BOY<br><\/strong>pej m\u00e9n<br>(Mereng\u0151 &#8211; Br\u00f3m Lady)<br>Zsolnai Endre<\/center><\/figure>\n<\/div>\n<\/div>\n\n\n\n<div class=\"wp-block-columns\">\n<div class=\"wp-block-column\">\n<figure class=\"wp-block-image size-large\"><a href=\"https:\/\/arveres.ugeto.com\/?page_id=3824\" data-wplink-edit=\"true\"><img loading=\"lazy\" class=\"size-medium wp-image-3989 aligncenter\" src=\"https:\/\/arveres.ugeto.com\/wp-content\/uploads\/2024\/09\/400x300-Hell-Energy-RH4_0587-300x225.jpg\" alt=\"\" width=\"300\" height=\"225\" srcset=\"https:\/\/arveres.ugeto.com\/wp-content\/uploads\/2024\/09\/400x300-Hell-Energy-RH4_0587-300x225.jpg 300w, https:\/\/arveres.ugeto.com\/wp-content\/uploads\/2024\/09\/400x300-Hell-Energy-RH4_0587.jpg 400w\" sizes=\"(max-width: 300px) 100vw, 300px\" \/><\/a><center><strong>10. HELL ENERGY<br><\/strong>pej m\u00e9n<br>(Calgary Games &#8211; Eliane Merite)<br>Rutkai J\u00f3zsef<\/center><\/figure>\n<\/div>\n\n\n\n<div class=\"wp-block-column\">\n<figure class=\"wp-block-image size-large\"><a href=\"https:\/\/arveres.ugeto.com\/?page_id=3777\"><img loading=\"lazy\" class=\"wp-image-4051 size-medium aligncenter\" src=\"https:\/\/arveres.ugeto.com\/wp-content\/uploads\/2024\/09\/400x300-Hello-T-Boko-RH4_0189-300x225.jpg\" alt=\"\" width=\"300\" height=\"225\" srcset=\"https:\/\/arveres.ugeto.com\/wp-content\/uploads\/2024\/09\/400x300-Hello-T-Boko-RH4_0189-300x225.jpg 300w, https:\/\/arveres.ugeto.com\/wp-content\/uploads\/2024\/09\/400x300-Hello-T-Boko-RH4_0189.jpg 400w\" sizes=\"(max-width: 300px) 100vw, 300px\" \/><\/a><center><strong>11. HELLA T BOKO<br><\/strong>pej kanca<br>(Maximus Lindy &#8211; Jasmine F Boko)<br>Milan Tisma &amp; Boko Stables Holland B.V.<\/center><\/figure>\n<\/div>\n\n\n\n<div class=\"wp-block-column\">\n<figure class=\"wp-block-image size-large\"><a href=\"https:\/\/arveres.ugeto.com\/?page_id=3782\"><img loading=\"lazy\" class=\"size-medium wp-image-3997 aligncenter\" src=\"https:\/\/arveres.ugeto.com\/wp-content\/uploads\/2024\/09\/400x300Helypenz-RH4_2940-masolat-2-300x225.jpg\" alt=\"\" width=\"300\" height=\"225\" srcset=\"https:\/\/arveres.ugeto.com\/wp-content\/uploads\/2024\/09\/400x300Helypenz-RH4_2940-masolat-2-300x225.jpg 300w, https:\/\/arveres.ugeto.com\/wp-content\/uploads\/2024\/09\/400x300Helypenz-RH4_2940-masolat-2.jpg 400w\" sizes=\"(max-width: 300px) 100vw, 300px\" \/><\/a><center><strong>12. HELYP\u00c9NZ K<br><\/strong>pej m\u00e9n<br>(Habitat &#8211; Zsozsoka)<br>Kulik Ferenc<\/center><\/figure>\n<\/div>\n<\/div>\n\n\n\n<div class=\"wp-block-columns\">\n<div class=\"wp-block-column\">\n<figure class=\"wp-block-image size-large\"><a href=\"https:\/\/arveres.ugeto.com\/?page_id=3691\"><img loading=\"lazy\" class=\"size-medium wp-image-3958 aligncenter\" src=\"https:\/\/arveres.ugeto.com\/wp-content\/uploads\/2024\/09\/400x300-Herceg-RH4_0243-300x225.jpg\" alt=\"\" width=\"300\" height=\"225\" srcset=\"https:\/\/arveres.ugeto.com\/wp-content\/uploads\/2024\/09\/400x300-Herceg-RH4_0243-300x225.jpg 300w, https:\/\/arveres.ugeto.com\/wp-content\/uploads\/2024\/09\/400x300-Herceg-RH4_0243.jpg 400w\" sizes=\"(max-width: 300px) 100vw, 300px\" \/><\/a><center><strong>13. HERCEG R<br><\/strong>pej m\u00e9n<br>(Palomar LB &#8211; \u00daril\u00e1ny R.)<br>Kabala- M\u00e9nes Kft.<\/center><\/figure>\n<\/div>\n\n\n\n<div class=\"wp-block-column\">\n<figure class=\"wp-block-image size-large\"><a href=\"https:\/\/arveres.ugeto.com\/?page_id=3786\"><img loading=\"lazy\" class=\"size-medium wp-image-4003 aligncenter\" src=\"https:\/\/arveres.ugeto.com\/wp-content\/uploads\/2024\/09\/400x300Hercegno-RH4_2686-masolat-2-300x225.jpg\" alt=\"\" width=\"300\" height=\"225\" srcset=\"https:\/\/arveres.ugeto.com\/wp-content\/uploads\/2024\/09\/400x300Hercegno-RH4_2686-masolat-2-300x225.jpg 300w, https:\/\/arveres.ugeto.com\/wp-content\/uploads\/2024\/09\/400x300Hercegno-RH4_2686-masolat-2.jpg 400w\" sizes=\"(max-width: 300px) 100vw, 300px\" \/><\/a><center><strong>14. HERCEGN\u0150 K<br><\/strong>pej kanca<br>(Calypso Capar &#8211; Bonjour Evo)<br>Kulik Ferenc<\/center><\/figure>\n<\/div>\n\n\n\n<div class=\"wp-block-column\">\n<figure class=\"wp-block-image size-large\"><a href=\"https:\/\/arveres.ugeto.com\/?page_id=3790\"><img loading=\"lazy\" class=\"size-medium wp-image-4008 aligncenter\" src=\"https:\/\/arveres.ugeto.com\/wp-content\/uploads\/2024\/09\/400x300Herkules-RH4_2990-masolat-2-300x225.jpg\" alt=\"\" width=\"300\" height=\"225\" srcset=\"https:\/\/arveres.ugeto.com\/wp-content\/uploads\/2024\/09\/400x300Herkules-RH4_2990-masolat-2-300x225.jpg 300w, https:\/\/arveres.ugeto.com\/wp-content\/uploads\/2024\/09\/400x300Herkules-RH4_2990-masolat-2.jpg 400w\" sizes=\"(max-width: 300px) 100vw, 300px\" \/><\/a><center><strong>15. HERKULES K<br><\/strong>s\u00f6t\u00e9tpej m\u00e9n<br>(Habitat &#8211; Daisysine)<br>Kulik Ferenc<\/center><\/figure>\n<\/div>\n<\/div>\n\n\n\n<div class=\"wp-block-columns\">\n<div class=\"wp-block-column\">\n<figure class=\"wp-block-image size-large\"><a href=\"https:\/\/arveres.ugeto.com\/?page_id=3694\"><img loading=\"lazy\" class=\"size-medium wp-image-3963 aligncenter\" src=\"https:\/\/arveres.ugeto.com\/wp-content\/uploads\/2024\/09\/400x300-Highland-fling-RH4_0341-300x225.jpg\" alt=\"\" width=\"300\" height=\"225\" srcset=\"https:\/\/arveres.ugeto.com\/wp-content\/uploads\/2024\/09\/400x300-Highland-fling-RH4_0341-300x225.jpg 300w, https:\/\/arveres.ugeto.com\/wp-content\/uploads\/2024\/09\/400x300-Highland-fling-RH4_0341.jpg 400w\" sizes=\"(max-width: 300px) 100vw, 300px\" \/><\/a><center><strong>16. HIGHLAND FLING<br><\/strong>s\u00f6t\u00e9tpej m\u00e9n<br>(Underpaid Hanover &#8211; Veronica Fling)<br>Kabala- M\u00e9nes Kft.<\/center><\/figure>\n\n\n\n<p><\/p>\n<\/div>\n\n\n\n<div class=\"wp-block-column\">\n<figure class=\"wp-block-image size-large\"><a href=\"https:\/\/arveres.ugeto.com\/?page_id=3698\"><img loading=\"lazy\" class=\"size-medium wp-image-3967 aligncenter\" src=\"https:\/\/arveres.ugeto.com\/wp-content\/uploads\/2024\/09\/400x300-Hilaria-Fling-RH4_0020-300x225.jpg\" alt=\"\" width=\"300\" height=\"225\" srcset=\"https:\/\/arveres.ugeto.com\/wp-content\/uploads\/2024\/09\/400x300-Hilaria-Fling-RH4_0020-300x225.jpg 300w, https:\/\/arveres.ugeto.com\/wp-content\/uploads\/2024\/09\/400x300-Hilaria-Fling-RH4_0020.jpg 400w\" sizes=\"(max-width: 300px) 100vw, 300px\" \/><\/a><center><strong>17. HILARIA FLING<br \/><\/strong>s\u00f6t\u00e9tpej kanca<br \/>(Underpaid Hanover &#8211; Cicciolina Fling)<br \/>Kabala- M\u00e9nes Kft.<\/center><\/figure>\n<\/div>\n\n\n\n<div class=\"wp-block-column\">\n<figure class=\"wp-block-image size-large\"><a href=\"https:\/\/arveres.ugeto.com\/?page_id=3795\"><img loading=\"lazy\" class=\"size-medium wp-image-4037 aligncenter\" src=\"https:\/\/arveres.ugeto.com\/wp-content\/uploads\/2024\/09\/400x300Hippy-Glory-RH4_2639-masolat-2-300x225.jpg\" alt=\"\" width=\"300\" height=\"225\" srcset=\"https:\/\/arveres.ugeto.com\/wp-content\/uploads\/2024\/09\/400x300Hippy-Glory-RH4_2639-masolat-2-300x225.jpg 300w, https:\/\/arveres.ugeto.com\/wp-content\/uploads\/2024\/09\/400x300Hippy-Glory-RH4_2639-masolat-2.jpg 400w\" sizes=\"(max-width: 300px) 100vw, 300px\" \/><\/a><center><strong>18. HIPPY GLORY K<br \/><\/strong>s\u00f6t\u00e9tpej kanca<br \/>(Habitat &#8211; Grant Me Glory)<br \/>Kulik Ferenc<\/center><\/figure>\n<\/div>\n<\/div>\n\n\n\n<div class=\"wp-block-columns\">\n<div class=\"wp-block-column\">\n<figure class=\"wp-block-image size-large\"><a href=\"https:\/\/arveres.ugeto.com\/?page_id=3798\"><img loading=\"lazy\" class=\"size-medium wp-image-4034 aligncenter\" src=\"https:\/\/arveres.ugeto.com\/wp-content\/uploads\/2024\/09\/400x300-Holdem-Poker-RH4_0428-masolat-300x225.jpg\" alt=\"\" width=\"300\" height=\"225\" srcset=\"https:\/\/arveres.ugeto.com\/wp-content\/uploads\/2024\/09\/400x300-Holdem-Poker-RH4_0428-masolat-300x225.jpg 300w, https:\/\/arveres.ugeto.com\/wp-content\/uploads\/2024\/09\/400x300-Holdem-Poker-RH4_0428-masolat.jpg 400w\" sizes=\"(max-width: 300px) 100vw, 300px\" \/><\/a><center><strong>19. HOLDEM POKER<br><\/strong>pej m\u00e9n<br>(Underpaid Hanover &#8211; Bold Lady)<br>Rutkai J\u00f3zsef<\/center><\/figure>\n<\/div>\n\n\n\n<div class=\"wp-block-column\">\n<figure class=\"wp-block-image size-large\"><a href=\"https:\/\/arveres.ugeto.com\/?page_id=3802\"><img loading=\"lazy\" class=\"size-medium wp-image-4063 aligncenter\" src=\"https:\/\/arveres.ugeto.com\/wp-content\/uploads\/2024\/09\/400x300-hollywood-Boy-RH4_0514-masolat-300x225.jpg\" alt=\"\" width=\"300\" height=\"225\" srcset=\"https:\/\/arveres.ugeto.com\/wp-content\/uploads\/2024\/09\/400x300-hollywood-Boy-RH4_0514-masolat-300x225.jpg 300w, https:\/\/arveres.ugeto.com\/wp-content\/uploads\/2024\/09\/400x300-hollywood-Boy-RH4_0514-masolat.jpg 400w\" sizes=\"(max-width: 300px) 100vw, 300px\" \/><\/a><center><strong>20. HOLLYWOOD BOY<br><\/strong>pej m\u00e9n<br>(Maharajah &#8211; Journey Boko)<br>Rutkai J\u00f3zsef<\/center><\/figure>\n<\/div>\n\n\n\n<div class=\"wp-block-column\">\n<figure class=\"wp-block-image size-large\"><a href=\"https:\/\/arveres.ugeto.com\/?page_id=3805\"><img loading=\"lazy\" class=\"size-medium wp-image-4029 aligncenter\" src=\"https:\/\/arveres.ugeto.com\/wp-content\/uploads\/2024\/09\/400x300-Holigans-RH4_0656-masolat-300x225.jpg\" alt=\"\" width=\"300\" height=\"225\" srcset=\"https:\/\/arveres.ugeto.com\/wp-content\/uploads\/2024\/09\/400x300-Holigans-RH4_0656-masolat-300x225.jpg 300w, https:\/\/arveres.ugeto.com\/wp-content\/uploads\/2024\/09\/400x300-Holigans-RH4_0656-masolat.jpg 400w\" sizes=\"(max-width: 300px) 100vw, 300px\" \/><\/a><center><strong>21. HOOLIGANS<br><\/strong>pej m\u00e9n<br>(Underpaid Hanover &#8211; Golden Opportunity)<br>Rutkai J\u00f3zsef<\/center><\/figure>\n<\/div>\n<\/div>\n\n\n\n<div class=\"wp-block-columns\">\n<div class=\"wp-block-column\">\n<figure class=\"wp-block-image size-large\"><a href=\"https:\/\/arveres.ugeto.com\/?page_id=2454\"><img loading=\"lazy\" class=\"size-medium wp-image-4021 aligncenter\" src=\"https:\/\/arveres.ugeto.com\/wp-content\/uploads\/2024\/09\/400x300Hristo-RH4_3113-masolat-2-300x225.jpg\" alt=\"\" width=\"300\" height=\"225\" srcset=\"https:\/\/arveres.ugeto.com\/wp-content\/uploads\/2024\/09\/400x300Hristo-RH4_3113-masolat-2-300x225.jpg 300w, https:\/\/arveres.ugeto.com\/wp-content\/uploads\/2024\/09\/400x300Hristo-RH4_3113-masolat-2.jpg 400w\" sizes=\"(max-width: 300px) 100vw, 300px\" \/><\/a><center><strong>22. HRISTO<br><\/strong>s\u00f6t\u00e9tpej m\u00e9n<br>(Habitat &#8211; Zara Noble BD)<br>Albisor Marius<\/center><\/figure>\n<\/div>\n\n\n\n<div class=\"wp-block-column\">\n<figure class=\"wp-block-image size-large\"><a href=\"https:\/\/arveres.ugeto.com\/?page_id=3809\"><img loading=\"lazy\" class=\"size-medium wp-image-4054 aligncenter\" src=\"https:\/\/arveres.ugeto.com\/wp-content\/uploads\/2024\/09\/400x300-G-Moll-szimfonia-RH4_2500-300x225.jpg\" alt=\"\" width=\"300\" height=\"225\" srcset=\"https:\/\/arveres.ugeto.com\/wp-content\/uploads\/2024\/09\/400x300-G-Moll-szimfonia-RH4_2500-300x225.jpg 300w, https:\/\/arveres.ugeto.com\/wp-content\/uploads\/2024\/09\/400x300-G-Moll-szimfonia-RH4_2500.jpg 400w\" sizes=\"(max-width: 300px) 100vw, 300px\" \/><\/a><center><strong>23. G-MOLL SZIMF\u00d3NIA<br><\/strong>s\u00f6t\u00e9tpej kanca<br>(Broidi &#8211; Szimf\u00f3nia)<br>T\u00f3th Ang\u00e9la<\/center><\/figure>\n<\/div>\n\n\n\n<div class=\"wp-block-column\">\n<figure class=\"wp-block-image size-large\"><a href=\"https:\/\/arveres.ugeto.com\/?page_id=3815\"><img loading=\"lazy\" class=\"size-medium wp-image-4025 aligncenter\" src=\"https:\/\/arveres.ugeto.com\/wp-content\/uploads\/2024\/09\/400x300-Good-Boy-RH4_2374-300x225.jpg\" alt=\"\" width=\"300\" height=\"225\" srcset=\"https:\/\/arveres.ugeto.com\/wp-content\/uploads\/2024\/09\/400x300-Good-Boy-RH4_2374-300x225.jpg 300w, https:\/\/arveres.ugeto.com\/wp-content\/uploads\/2024\/09\/400x300-Good-Boy-RH4_2374.jpg 400w\" sizes=\"(max-width: 300px) 100vw, 300px\" \/><\/a><center><strong>24. GOOD BOY<br><\/strong>s\u00f6t\u00e9tpej m\u00e9n<br>(Broidi &#8211; Trotzwo)<br>Nagy Mih\u00e1ly<\/center><\/figure>\n<\/div>\n<\/div>\n\n\n\n<div class=\"wp-block-columns\">\n<div class=\"wp-block-column\"><\/div>\n<\/div>\n\n\n\n<p class=\"has-text-align-center\"><strong>A&nbsp;<a href=\"https:\/\/arveres.ugeto.com\/?page_id=71\">TESZT<\/a>&nbsp;oldalon az \u00faj felhaszn\u00e1l\u00f3k kipr\u00f3b\u00e1lhatj\u00e1k a licit\u00e1l\u00e1s menet\u00e9t az \u00e1rver\u00e9s megkezd\u00e9se el\u0151tt!<\/strong><\/p>\n\n\n\n<p><\/p>\n","protected":false},"excerpt":{"rendered":"<p>Az \u00e1rver\u00e9s kezdete: 2024. okt\u00f3ber 10. 9:00 Lez\u00e1r\u00e1s kezdete: 2024. okt\u00f3ber 11. 15:00 \u00c1RVER\u00c9SI KATAL\u00d3GUS 1. HABCS\u00d3K Ks\u00f6t\u00e9tpej kanca(Habitat &#8211; Med\u00e1lia)Kulik Ferenc 2. HABI Ks\u00f6t\u00e9tpej m\u00e9n(Habitat &#8211; Intelligent Star)Kulik Ferenc 3. HADNAGYpej m\u00e9n(Broidi &#8211; Seherez\u00e1d\u00e9)T\u00f3th Ang\u00e9la 4. HAMIDU LOCOpej m\u00e9n(Maximus Lindy &#8211; Kincsem Boko)Vincze Betti 5. HAPPY HOLIDAYs\u00e1rga m\u00e9n(Gu d&#8217;Heripre- Salome&#8217; Bar)Rutkai J\u00f3zsef 6. HARMATKA &#8230; <a title=\"Online \u00e1rver\u00e9s 2024.10.10-11.\" class=\"read-more\" href=\"https:\/\/arveres.ugeto.com\/?page_id=3704\" aria-label=\"More on Online \u00e1rver\u00e9s 2024.10.10-11.\">Read more<\/a><\/p>\n","protected":false},"author":2,"featured_media":0,"parent":0,"menu_order":0,"comment_status":"closed","ping_status":"closed","template":"","meta":[],"_links":{"self":[{"href":"https:\/\/arveres.ugeto.com\/index.php?rest_route=\/wp\/v2\/pages\/3704"}],"collection":[{"href":"https:\/\/arveres.ugeto.com\/index.php?rest_route=\/wp\/v2\/pages"}],"about":[{"href":"https:\/\/arveres.ugeto.com\/index.php?rest_route=\/wp\/v2\/types\/page"}],"author":[{"embeddable":true,"href":"https:\/\/arveres.ugeto.com\/index.php?rest_route=\/wp\/v2\/users\/2"}],"replies":[{"embeddable":true,"href":"https:\/\/arveres.ugeto.com\/index.php?rest_route=%2Fwp%2Fv2%2Fcomments&post=3704"}],"version-history":[{"count":112,"href":"https:\/\/arveres.ugeto.com\/index.php?rest_route=\/wp\/v2\/pages\/3704\/revisions"}],"predecessor-version":[{"id":4159,"href":"https:\/\/arveres.ugeto.com\/index.php?rest_route=\/wp\/v2\/pages\/3704\/revisions\/4159"}],"wp:attachment":[{"href":"https:\/\/arveres.ugeto.com\/index.php?rest_route=%2Fwp%2Fv2%2Fmedia&parent=3704"}],"curies":[{"name":"wp","href":"https:\/\/api.w.org\/{rel}","templated":true}]}}