
{"id":3531,"date":"2024-05-24T09:51:29","date_gmt":"2024-05-24T09:51:29","guid":{"rendered":"https:\/\/arveres.ugeto.com\/?page_id=3531"},"modified":"2025-10-10T15:11:31","modified_gmt":"2025-10-10T15:11:31","slug":"bevezeto_uj","status":"publish","type":"page","link":"https:\/\/arveres.ugeto.com\/?page_id=3531","title":{"rendered":"Bevezet\u0151_\u00faj"},"content":{"rendered":"\n<center> <br><strong><p id=\"demo\" class=\"has-text-align-center has-blue-color has-text-color has-medium-font-size\"><\/p><\/strong><\/center>\n\n<script>\n\/\/ Set the date we're counting down to\nvar countDownDate = new Date(\"Oct, 8, 2025 10:00:00\").getTime();\n\n\/\/ Update the count down every 1 second\nvar x = setInterval(function() {\n\n  \/\/ Get today's date and time\n  var now = new Date().getTime();\n    \n  \/\/ Find the distance between now and the count down date\n  var distance = countDownDate - now;\n    \n  \/\/ Time calculations for days, hours, minutes and seconds\n  var days = Math.floor(distance \/ (1000 * 60 * 60 * 24));\n  var hours = Math.floor((distance % (1000 * 60 * 60 * 24)) \/ (1000 * 60 * 60));\n  var minutes = Math.floor((distance % (1000 * 60 * 60)) \/ (1000 * 60));\n  var seconds = Math.floor((distance % (1000 * 60)) \/ 1000);\n    \n  \/\/ Output the result in an element with id=\"demo\"\n  document.getElementById(\"demo\").innerHTML = days + \" nap \" + hours + \" \u00f3ra \" + minutes + \" perc \"\n;\n    \n  \/\/ If the count down is over, write some text \n  if (distance < 0) {\n    clearInterval(x);\n    document.getElementById(\"demo\").innerHTML = \" \";\n  }\n}, 1000);\n<\/script>\n\n\n\n<div class=\"wp-block-columns are-vertically-aligned-center\">\n<div class=\"wp-block-column is-vertically-aligned-center\">\n<p class=\"has-text-align-left\">Az idei \u00e9vben ism\u00e9t megrendez\u00e9sre ker\u00fcl az \u0151szi yearling \u00e1rver\u00e9s, amely kiz\u00e1r\u00f3lag online form\u00e1ban zajlik. <\/p>\n\n\n\n<p class=\"has-text-align-left has-black-color has-text-color\"><strong>Id\u0151pont: 2025. okt\u00f3ber 8-10.<\/strong><\/p>\n\n\n\n<p class=\"has-text-align-left\">Ezzel a megold\u00e1ssal k\u00f6nnyebb\u00e9 tessz\u00fck az \u00e9rdekl\u0151d\u0151k sz\u00e1m\u00e1ra a licit\u00e1l\u00e1st \u00e9s v\u00e1s\u00e1rl\u00e1st. Az \u00e1rver\u00e9sen megv\u00e1s\u00e1rolt yearlingekre k\u00fcl\u00f6nleges kedvezm\u00e9nyek vonatkoznak.<\/p>\n\n\n\n<p> <a href=\"https:\/\/arveres.ugeto.com\/?page_id=2958\"><strong>Idom\u00e1ri tan\u00e1csok a csik\u00f3 v\u00e1s\u00e1rl\u00e1shoz<\/strong>&nbsp;(vide\u00f3)<\/a><\/p>\n<\/div>\n\n\n\n<div class=\"wp-block-column is-vertically-aligned-center\">\n<div class=\"wp-block-image is-style-rounded\"><figure class=\"alignright size-large is-resized\"><img loading=\"lazy\" src=\"https:\/\/arveres.ugeto.com\/wp-content\/uploads\/2023\/10\/B36_6968-Golden-Boy-1024x698.jpg\" alt=\"\" width=\"439\" height=\"300\"\/><\/figure><\/div>\n\n\n\n<p><\/p>\n<\/div>\n<\/div>\n\n\n\n<div class=\"wp-block-group\"><div class=\"wp-block-group__inner-container\">\n<div class=\"wp-block-columns alignwide are-vertically-aligned-center\">\n<div class=\"wp-block-column is-vertically-aligned-center\" style=\"flex-basis:70%\">\n<div class=\"wp-block-image is-style-rounded\"><figure class=\"alignleft size-large is-resized\"><img loading=\"lazy\" src=\"https:\/\/arveres.ugeto.com\/wp-content\/uploads\/2024\/05\/441910314_1113814989812397_8636877685992984934_n-1024x625.jpg\" alt=\"\" class=\"wp-image-3533\" width=\"500\" height=\"300\"\/><\/figure><\/div>\n<\/div>\n\n\n\n<div class=\"wp-block-column is-vertically-aligned-center\" style=\"flex-basis:50%\">\n<p class=\"has-text-align-right\">Nagy \u00f6r\u00f6mmel jelentj\u00fck be, hogy mostant\u00f3l eg\u00e9sz \u00e9vben lehet\u0151s\u00e9g van \u00fcget\u0151lovak v\u00e1s\u00e1rl\u00e1s\u00e1ra az oldalunkon kereszt\u00fcl. Folyamatosan friss\u00edtj\u00fck az aktu\u00e1lis elad\u00f3 lovak katal\u00f3gus\u00e1t, ahol versenylovak \u00e9s anyakanc\u00e1k is \u00faj tulajdonosokat keresnek. Az \u00e9rdekl\u0151d\u0151k k\u00f6zvetlen\u00fcl felvehetik a kapcsolatot az elad\u00f3kkal, az egyes hirdet\u00e9sekben tal\u00e1lhat\u00f3 el\u00e9rhet\u0151s\u00e9geken.<\/p>\n<\/div>\n<\/div>\n<\/div><\/div>\n\n\n\n<p class=\"has-normal-font-size\"><strong>K\u00edv\u00e1nunk minden \u00e9rdekl\u0151d\u0151nek sikeres v\u00e1s\u00e1rl\u00e1st! <\/strong><\/p>\n\n\n\n<p class=\"has-text-align-left has-normal-font-size\">Rem\u00e9lj\u00fck, hogy az \u00e1rver\u00e9s \u00e9s az \u00faj szolg\u00e1ltat\u00e1saink hasznosak lesznek az \u00e1gazat szerepl\u0151i sz\u00e1m\u00e1ra. K\u00edv\u00e1njuk, hogy az elad\u00f3k \u00e9s a vev\u0151k egyar\u00e1nt sikeresek legyenek, \u00e9s az \u00faj lovak sok \u00f6r\u00f6m\u00f6t okozzanak gazd\u00e1iknak.<\/p>\n\n\n\n<div style=\"height:22px\" aria-hidden=\"true\" class=\"wp-block-spacer\"><\/div>\n\n\n\n<div class=\"wp-block-columns alignwide are-vertically-aligned-center\">\n<div class=\"wp-block-column is-vertically-aligned-center\">\n<div class=\"wp-block-image is-style-rounded\"><figure class=\"alignright size-medium is-resized\"><img loading=\"lazy\" src=\"https:\/\/arveres.ugeto.com\/wp-content\/uploads\/2024\/05\/436209994_1092472758613287_4037773981819147276_n-edited-2-300x188.jpg\" alt=\"\" class=\"wp-image-3570\" width=\"399\" height=\"250\" srcset=\"https:\/\/arveres.ugeto.com\/wp-content\/uploads\/2024\/05\/436209994_1092472758613287_4037773981819147276_n-edited-2-300x188.jpg 300w, https:\/\/arveres.ugeto.com\/wp-content\/uploads\/2024\/05\/436209994_1092472758613287_4037773981819147276_n-edited-2-1024x640.jpg 1024w, https:\/\/arveres.ugeto.com\/wp-content\/uploads\/2024\/05\/436209994_1092472758613287_4037773981819147276_n-edited-2-768x480.jpg 768w, https:\/\/arveres.ugeto.com\/wp-content\/uploads\/2024\/05\/436209994_1092472758613287_4037773981819147276_n-edited-2.jpg 1350w\" sizes=\"(max-width: 399px) 100vw, 399px\" \/><\/figure><\/div>\n<\/div>\n\n\n\n<div class=\"wp-block-column is-vertically-aligned-center\" style=\"flex-basis:50%\">\n<div class=\"wp-block-image is-style-rounded\"><figure class=\"alignleft size-medium is-resized\"><img loading=\"lazy\" src=\"https:\/\/arveres.ugeto.com\/wp-content\/uploads\/2024\/05\/Gyoztesek-kore-edited.jpg\" alt=\"\" class=\"wp-image-3569\" width=\"401\" height=\"250\" srcset=\"https:\/\/arveres.ugeto.com\/wp-content\/uploads\/2024\/05\/Gyoztesek-kore-edited.jpg 2048w, https:\/\/arveres.ugeto.com\/wp-content\/uploads\/2024\/05\/Gyoztesek-kore-edited-300x188.jpg 300w, https:\/\/arveres.ugeto.com\/wp-content\/uploads\/2024\/05\/Gyoztesek-kore-edited-1024x640.jpg 1024w, https:\/\/arveres.ugeto.com\/wp-content\/uploads\/2024\/05\/Gyoztesek-kore-edited-768x480.jpg 768w, https:\/\/arveres.ugeto.com\/wp-content\/uploads\/2024\/05\/Gyoztesek-kore-edited-1536x960.jpg 1536w\" sizes=\"(max-width: 401px) 100vw, 401px\" \/><\/figure><\/div>\n<\/div>\n<\/div>\n","protected":false},"excerpt":{"rendered":"<p>Az idei \u00e9vben ism\u00e9t megrendez\u00e9sre ker\u00fcl az \u0151szi yearling \u00e1rver\u00e9s, amely kiz\u00e1r\u00f3lag online form\u00e1ban zajlik. Id\u0151pont: 2025. okt\u00f3ber 8-10. Ezzel a megold\u00e1ssal k\u00f6nnyebb\u00e9 tessz\u00fck az \u00e9rdekl\u0151d\u0151k sz\u00e1m\u00e1ra a licit\u00e1l\u00e1st \u00e9s v\u00e1s\u00e1rl\u00e1st. Az \u00e1rver\u00e9sen megv\u00e1s\u00e1rolt yearlingekre k\u00fcl\u00f6nleges kedvezm\u00e9nyek vonatkoznak. Idom\u00e1ri tan\u00e1csok a csik\u00f3 v\u00e1s\u00e1rl\u00e1shoz&nbsp;(vide\u00f3) K\u00edv\u00e1nunk minden \u00e9rdekl\u0151d\u0151nek sikeres v\u00e1s\u00e1rl\u00e1st! Rem\u00e9lj\u00fck, hogy az \u00e1rver\u00e9s \u00e9s az \u00faj &#8230; <a title=\"Bevezet\u0151_\u00faj\" class=\"read-more\" href=\"https:\/\/arveres.ugeto.com\/?page_id=3531\" aria-label=\"More on Bevezet\u0151_\u00faj\">Read more<\/a><\/p>\n","protected":false},"author":2,"featured_media":0,"parent":0,"menu_order":0,"comment_status":"closed","ping_status":"closed","template":"","meta":[],"_links":{"self":[{"href":"https:\/\/arveres.ugeto.com\/index.php?rest_route=\/wp\/v2\/pages\/3531"}],"collection":[{"href":"https:\/\/arveres.ugeto.com\/index.php?rest_route=\/wp\/v2\/pages"}],"about":[{"href":"https:\/\/arveres.ugeto.com\/index.php?rest_route=\/wp\/v2\/types\/page"}],"author":[{"embeddable":true,"href":"https:\/\/arveres.ugeto.com\/index.php?rest_route=\/wp\/v2\/users\/2"}],"replies":[{"embeddable":true,"href":"https:\/\/arveres.ugeto.com\/index.php?rest_route=%2Fwp%2Fv2%2Fcomments&post=3531"}],"version-history":[{"count":49,"href":"https:\/\/arveres.ugeto.com\/index.php?rest_route=\/wp\/v2\/pages\/3531\/revisions"}],"predecessor-version":[{"id":4626,"href":"https:\/\/arveres.ugeto.com\/index.php?rest_route=\/wp\/v2\/pages\/3531\/revisions\/4626"}],"wp:attachment":[{"href":"https:\/\/arveres.ugeto.com\/index.php?rest_route=%2Fwp%2Fv2%2Fmedia&parent=3531"}],"curies":[{"name":"wp","href":"https:\/\/api.w.org\/{rel}","templated":true}]}}