
{"id":3483,"date":"2024-04-15T18:28:07","date_gmt":"2024-04-15T18:28:07","guid":{"rendered":"https:\/\/arveres.ugeto.com\/?page_id=3483"},"modified":"2024-04-16T17:20:03","modified_gmt":"2024-04-16T17:20:03","slug":"cart","status":"publish","type":"page","link":"https:\/\/arveres.ugeto.com\/?page_id=3483","title":{"rendered":"Kedvenceim"},"content":{"rendered":"<div class=\"ec_cart_page\">\n\n\n\n\n\n<div class=\"ec_cart_empty\">\n\tNem helyezett be m\u00e9g term\u00e9ket a kos\u00e1rba.<\/div>\n\n<div class=\"ec_cart_empty_button_row\">\n\t<a href=\"https:\/\/arveres.ugeto.com\/?page_id=3482\" class=\"ec_cart_empty_button\">B\u00f6ng\u00e9sz\u00e9s tov\u00e1bb folytat\u00e1sa...<\/a>\n<\/div>\n\n<\/div>\n","protected":false},"excerpt":{"rendered":"","protected":false},"author":1,"featured_media":0,"parent":0,"menu_order":0,"comment_status":"closed","ping_status":"closed","template":"","meta":[],"_links":{"self":[{"href":"https:\/\/arveres.ugeto.com\/index.php?rest_route=\/wp\/v2\/pages\/3483"}],"collection":[{"href":"https:\/\/arveres.ugeto.com\/index.php?rest_route=\/wp\/v2\/pages"}],"about":[{"href":"https:\/\/arveres.ugeto.com\/index.php?rest_route=\/wp\/v2\/types\/page"}],"author":[{"embeddable":true,"href":"https:\/\/arveres.ugeto.com\/index.php?rest_route=\/wp\/v2\/users\/1"}],"replies":[{"embeddable":true,"href":"https:\/\/arveres.ugeto.com\/index.php?rest_route=%2Fwp%2Fv2%2Fcomments&post=3483"}],"version-history":[{"count":2,"href":"https:\/\/arveres.ugeto.com\/index.php?rest_route=\/wp\/v2\/pages\/3483\/revisions"}],"predecessor-version":[{"id":3491,"href":"https:\/\/arveres.ugeto.com\/index.php?rest_route=\/wp\/v2\/pages\/3483\/revisions\/3491"}],"wp:attachment":[{"href":"https:\/\/arveres.ugeto.com\/index.php?rest_route=%2Fwp%2Fv2%2Fmedia&parent=3483"}],"curies":[{"name":"wp","href":"https:\/\/api.w.org\/{rel}","templated":true}]}}