
{"id":3482,"date":"2024-04-15T18:28:07","date_gmt":"2024-04-15T18:28:07","guid":{"rendered":"https:\/\/arveres.ugeto.com\/?page_id=3482"},"modified":"2024-04-15T18:59:01","modified_gmt":"2024-04-15T18:59:01","slug":"store","status":"publish","type":"page","link":"https:\/\/arveres.ugeto.com\/?page_id=3482","title":{"rendered":"Elad\u00f3 lovak"},"content":{"rendered":"\n\n\n<section class=\"ec_product_page ec_product_shortcode_no_borders\" id=\"ec_product_page\">\n\n\t\n\t\n\t\n\t<div class=\"ec_product_page_sort\">\n\n\t\t\n\t\t\n\t\t\n\t\t\n\t\t\n\t\t\t\t<span class=\"ec_product_page_perpage\">\n\t\t\t<span>Megtekint\u00e9s <\/span> \n\t\t\t\t\t\t\t<a href=\"?perpage=10\">10<\/a>\n\t\t\t\t\t\t\t<a href=\"?perpage=25\" class=\"ec_selected\">25<\/a>\n\t\t\t\t\t\t\t<a href=\"?perpage=50\">50<\/a>\n\t\t\t\t\t<\/span>\n\t\t\t\t<span class=\"ec_product_page_showing\">\n\t\t\tA term\u00e9kek sz\u00e1ma  :  5 darab\t\t<\/span>\n\n\t\t\n\t\t\t\t<select name=\"sortfield\" id=\"sortfield\" onchange=\"change_product_sort('0', '0', '0', '0', '0', '0', '0', '0', '1', '25', 'https:\/\/arveres.ugeto.com\/index.php', '?', '');\" class=\"ec_sort_menu no_wrap\">\n\n<option value=\"0\" selected=\"selected\">Alap\u00e9rtelmezett<\/option>\n\n<option value=\"1\">N\u00f6vekv\u0151<\/option>\n\n<option value=\"2\">Cs\u00f6kken\u0151<\/option>\n\n<option value=\"3\">N\u00e9v szerint n\u00f6vekv\u0151<\/option>\n\n<option value=\"4\">N\u00e9v szerint cs\u00f6kken\u0151<\/option>\n\n<option value=\"5\">Leg\u00fajabb<\/option>\n\n<option value=\"8\">Legr\u00e9gebbi<\/option>\n\n<option value=\"6\">Legjobb<\/option>\n\n<option value=\"7\">Megtekintett<\/option>\n\n<\/select>\n\n\t\t\n\t<\/div>\n\n\t<div class=\"ec_product_added_to_cart\">\n\t\t<div class=\"ec_product_added_icon\"><\/div>Term\u00e9k hozz\u00e1adva a kos\u00e1rhoz. <a href=\"https:\/\/arveres.ugeto.com\/?page_id=3483\" title=\"Kos\u00e1r megtekint\u00e9se\">Kos\u00e1r megtekint\u00e9se<\/a>\n\t<\/div>\n\t<ul  id=\"ec_store_product_list\">\n<li class=\"ec_product_li\" id=\"ec_product_li_7\" data-wpec-cats=\"2,5,8,13,19\">\n\n\n\n\n\t<span class=\"ec_tag1\" style=\"color:#2533F4; background: #F3D930 !important;\">Versenyl\u00f3<\/span>\n\n\n\n\n\t<div style=\"padding:0px; margin:auto; vertical-align:middle;\" class=\"ec_product_type1\" id=\"ec_product_image_7\">\n\n\t\t\t\t<div id=\"ec_product_image_effect_7\" class=\"ec_image_container_none ec_dynamic_image_height dynamic_height_rule\">\n\t\t\t\t\t\t<a href=\"https:\/\/arveres.ugeto.com\/?ec_store=pageid3482modelnumber7\" class=\"ec_image_link_cover\"><\/a>\n\n\t\t\t\t\t\t\t\t\t<div class=\"ec_product_image_display_type ec_single_fade_container ec_dynamic_image_height dynamic_height_rule\">\n\n\t\t\t\t\n\t\t\t\t\t\t\t\t<div class=\"ec_dynamic_image_height ec_product_image_container  dynamic_height_rule\">\n\n\t\t\t\t\t\n\t\t\t\t\t<div class=\"ec_dynamic_image_height ec_product_image_1  dynamic_height_rule\"><img src=\"https:\/\/arveres.ugeto.com\/wp-content\/uploads\/2024\/07\/450372135_1143732823487280_5606758587275996426_n-1.jpg\" alt=\"Fast Track\" class=\"skip-lazy\" \/><\/div>\n\n\t\t\t\t\t\n\t\t\t\t<\/div>\n\t\t\t\t\t\t\t<\/div>\n\t\t\t\t\t<\/div>\n\n\t\t\t\t<div class=\"ec_product_meta_type6\">\n\t\t\t\t\t\t<h3 class=\"ec_product_title\"><a href=\"https:\/\/arveres.ugeto.com\/?ec_store=pageid3482modelnumber7\" class=\"ec_image_link_cover\">Fast Track<\/a><\/h3>\n\t\t\t\t\t\t\t\t\t\t\t\t\t\t\t\t\t\t\t\t\t<div class=\"ec_price_container1\">\n\t\t\t\t\t\t\t\t\t\t\t\t<span class=\"ec_price\">1 900 000&#070;&#116;<\/span>\n\t\t\t\t\t<\/div>\n\t\t\t\t\t\t\t\t\t\t\t\t\t\n\t\t\t\n\t\t\t\t\t<\/div>\n\n\t\t\n\t\t\t\t<h3 class=\"ec_product_title_type1\"><a href=\"https:\/\/arveres.ugeto.com\/?ec_store=pageid3482modelnumber7\" class=\"ec_image_link_cover\">Fast Track<\/a><\/h3>\n\t\t\t\t\t\t\t\t\n\t\t\t\t\t\t<div class=\"ec_price_container_type1\">\n\t\t\t\t\t\t<span class=\"ec_price_type1\">1 900 000&#070;&#116;<\/span>\n\t\t\t\t\t<\/div>\n\t\t\t\t\n\t\t\n\t\t\t\t\n\t\t<div class=\"ec_product_successfully_added_container\" id=\"ec_product_added_7\"><div class=\"ec_product_successfully_added\"><div>Sikeres hozz\u00e1ad\u00e1s<\/div><\/div><\/div>\n\n\t\t<div class=\"ec_product_loader_container\" id=\"ec_product_loader_7\"><div class=\"ec_product_loader\"><div>Kos\u00e1rba helyez\u00e9s...<\/div><\/div><\/div>\n\n\t<\/div>\n\n<\/li>\n<li class=\"ec_product_li\" id=\"ec_product_li_8\" data-wpec-cats=\"19,8,1\">\n\n\n\n\n\t<span class=\"ec_tag1\" style=\"color:#2533F4; background: #F3D930 !important;\">Versenyl\u00f3<\/span>\n\n\n\n\n\t<div style=\"padding:0px; margin:auto; vertical-align:middle;\" class=\"ec_product_type1\" id=\"ec_product_image_8\">\n\n\t\t\t\t<div id=\"ec_product_image_effect_8\" class=\"ec_image_container_none ec_dynamic_image_height dynamic_height_rule\">\n\t\t\t\t\t\t<a href=\"https:\/\/arveres.ugeto.com\/?ec_store=pageid3482038modelnumber8\" class=\"ec_image_link_cover\"><\/a>\n\n\t\t\t\t\t\t\t\t\t<div class=\"ec_product_image_display_type ec_single_fade_container ec_dynamic_image_height dynamic_height_rule\">\n\n\t\t\t\t\n\t\t\t\t\t\t\t\t<div class=\"ec_dynamic_image_height ec_product_image_container  dynamic_height_rule\">\n\n\t\t\t\t\t\n\t\t\t\t\t<div class=\"ec_dynamic_image_height ec_product_image_1  dynamic_height_rule\"><img src=\"https:\/\/arveres.ugeto.com\/wp-content\/uploads\/2024\/08\/5c14c4b7-1ac2-4a15-a5ec-aca126058a76.jpg\" alt=\"Fortune\" class=\"skip-lazy\" \/><\/div>\n\n\t\t\t\t\t\n\t\t\t\t<\/div>\n\t\t\t\t\t\t\t<\/div>\n\t\t\t\t\t<\/div>\n\n\t\t\t\t<div class=\"ec_product_meta_type6\">\n\t\t\t\t\t\t<h3 class=\"ec_product_title\"><a href=\"https:\/\/arveres.ugeto.com\/?ec_store=pageid3482038modelnumber8\" class=\"ec_image_link_cover\">Fortune<\/a><\/h3>\n\t\t\t\t\t\t\t\t\t\t\t\t\t\t\t\t\t\t\t\t\t<div class=\"ec_price_container1\">\n\t\t\t\t\t\t\t\t\t\t\t\t<span class=\"ec_price\">1 600 000&#070;&#116;<\/span>\n\t\t\t\t\t<\/div>\n\t\t\t\t\t\t\t\t\t\t\t\t\t\n\t\t\t\n\t\t\t\t\t<\/div>\n\n\t\t\n\t\t\t\t<h3 class=\"ec_product_title_type1\"><a href=\"https:\/\/arveres.ugeto.com\/?ec_store=pageid3482038modelnumber8\" class=\"ec_image_link_cover\">Fortune<\/a><\/h3>\n\t\t\t\t\t\t\t\t\n\t\t\t\t\t\t<div class=\"ec_price_container_type1\">\n\t\t\t\t\t\t<span class=\"ec_price_type1\">1 600 000&#070;&#116;<\/span>\n\t\t\t\t\t<\/div>\n\t\t\t\t\n\t\t\n\t\t\t\t\n\t\t<div class=\"ec_product_successfully_added_container\" id=\"ec_product_added_8\"><div class=\"ec_product_successfully_added\"><div>Sikeres hozz\u00e1ad\u00e1s<\/div><\/div><\/div>\n\n\t\t<div class=\"ec_product_loader_container\" id=\"ec_product_loader_8\"><div class=\"ec_product_loader\"><div>Kos\u00e1rba helyez\u00e9s...<\/div><\/div><\/div>\n\n\t<\/div>\n\n<\/li>\n<li class=\"ec_product_li\" id=\"ec_product_li_2790610\" data-wpec-cats=\"2,5,11,12,13\">\n\n\n\n\n\t<span class=\"ec_tag1\" style=\"color:#2533F4; background: #F3D930 !important;\">Versenyl\u00f3<\/span>\n\n\n\n\n\t<div style=\"padding:0px; margin:auto; vertical-align:middle;\" class=\"ec_product_type1\" id=\"ec_product_image_2790610\">\n\n\t\t\t\t<div id=\"ec_product_image_effect_2790610\" class=\"ec_image_container_none ec_dynamic_image_height dynamic_height_rule\">\n\t\t\t\t\t\t<a href=\"https:\/\/arveres.ugeto.com\/?ec_store=adamo-fling\" class=\"ec_image_link_cover\"><\/a>\n\n\t\t\t\t\t\t\t\t\t<div class=\"ec_product_image_display_type ec_single_fade_container ec_dynamic_image_height dynamic_height_rule\">\n\n\t\t\t\t\n\t\t\t\t\t\t\t\t<div class=\"ec_dynamic_image_height ec_product_image_container  dynamic_height_rule\">\n\n\t\t\t\t\t\n\t\t\t\t\t<div class=\"ec_dynamic_image_height ec_product_image_1  dynamic_height_rule\"><img src=\"https:\/\/arveres.ugeto.com\/wp-content\/uploads\/2024\/07\/450223315_1143743343486228_4959397293404470915_n.jpg\" alt=\"Adamo Fling\" class=\"skip-lazy\" \/><\/div>\n\n\t\t\t\t\t\n\t\t\t\t<\/div>\n\t\t\t\t\t\t\t<\/div>\n\t\t\t\t\t<\/div>\n\n\t\t\t\t<div class=\"ec_product_meta_type6\">\n\t\t\t\t\t\t<h3 class=\"ec_product_title\"><a href=\"https:\/\/arveres.ugeto.com\/?ec_store=adamo-fling\" class=\"ec_image_link_cover\">Adamo Fling<\/a><\/h3>\n\t\t\t\t\t\t\t\t\t\t\t\t\t\t\t\t\t\t\t\t\t<div class=\"ec_price_container1\">\n\t\t\t\t\t\t\t\t\t\t\t\t<span class=\"ec_price\">1 700 000&#070;&#116;<\/span>\n\t\t\t\t\t<\/div>\n\t\t\t\t\t\t\t\t\t\t\t\t\t\n\t\t\t\n\t\t\t\t\t<\/div>\n\n\t\t\n\t\t\t\t<h3 class=\"ec_product_title_type1\"><a href=\"https:\/\/arveres.ugeto.com\/?ec_store=adamo-fling\" class=\"ec_image_link_cover\">Adamo Fling<\/a><\/h3>\n\t\t\t\t\t\t\t\t\n\t\t\t\t\t\t<div class=\"ec_price_container_type1\">\n\t\t\t\t\t\t<span class=\"ec_price_type1\">1 700 000&#070;&#116;<\/span>\n\t\t\t\t\t<\/div>\n\t\t\t\t\n\t\t\n\t\t\t\t\n\t\t<div class=\"ec_product_successfully_added_container\" id=\"ec_product_added_2790610\"><div class=\"ec_product_successfully_added\"><div>Sikeres hozz\u00e1ad\u00e1s<\/div><\/div><\/div>\n\n\t\t<div class=\"ec_product_loader_container\" id=\"ec_product_loader_2790610\"><div class=\"ec_product_loader\"><div>Kos\u00e1rba helyez\u00e9s...<\/div><\/div><\/div>\n\n\t<\/div>\n\n<\/li>\n<li class=\"ec_product_li\" id=\"ec_product_li_2\" data-wpec-cats=\"1,3,5,7\">\n\n\n\n\n\t<span class=\"ec_tag1\" style=\"color:#2533F4; background: #F3D930 !important;\">Versenyl\u00f3<\/span>\n\n\n\n\n\t<div style=\"padding:0px; margin:auto; vertical-align:middle;\" class=\"ec_product_type1\" id=\"ec_product_image_2\">\n\n\t\t\t\t<div id=\"ec_product_image_effect_2\" class=\"ec_image_container_none ec_dynamic_image_height dynamic_height_rule\">\n\t\t\t\t\t\t<a href=\"https:\/\/arveres.ugeto.com\/?ec_store=pageid3482modelnumber2\" class=\"ec_image_link_cover\"><\/a>\n\n\t\t\t\t\t\t\t\t\t<div class=\"ec_product_image_display_type ec_single_fade_container ec_dynamic_image_height dynamic_height_rule\">\n\n\t\t\t\t\n\t\t\t\t\t\t\t\t<div class=\"ec_dynamic_image_height ec_product_image_container  dynamic_height_rule\">\n\n\t\t\t\t\t\n\t\t\t\t\t<div class=\"ec_dynamic_image_height ec_product_image_1  dynamic_height_rule\"><img src=\"https:\/\/arveres.ugeto.com\/wp-content\/uploads\/2024\/06\/445181503_1118176872709542_8818978517108610323_n.jpg\" alt=\"Emoji\" class=\"skip-lazy\" \/><\/div>\n\n\t\t\t\t\t\n\t\t\t\t<\/div>\n\t\t\t\t\t\t\t<\/div>\n\t\t\t\t\t<\/div>\n\n\t\t\t\t<div class=\"ec_product_meta_type6\">\n\t\t\t\t\t\t<h3 class=\"ec_product_title\"><a href=\"https:\/\/arveres.ugeto.com\/?ec_store=pageid3482modelnumber2\" class=\"ec_image_link_cover\">Emoji<\/a><\/h3>\n\t\t\t\t\t\t\t\t\t\t\t\t\t\t\t\t\t\t\t\t\t<div class=\"ec_price_container1\">\n\t\t\t\t\t\t\t\t\t\t\t\t<span class=\"ec_price\">1 500 000&#070;&#116;<\/span>\n\t\t\t\t\t<\/div>\n\t\t\t\t\t\t\t\t\t\t\t\t\t\n\t\t\t\n\t\t\t\t\t<\/div>\n\n\t\t\n\t\t\t\t<h3 class=\"ec_product_title_type1\"><a href=\"https:\/\/arveres.ugeto.com\/?ec_store=pageid3482modelnumber2\" class=\"ec_image_link_cover\">Emoji<\/a><\/h3>\n\t\t\t\t\t\t\t\t\n\t\t\t\t\t\t<div class=\"ec_price_container_type1\">\n\t\t\t\t\t\t<span class=\"ec_price_type1\">1 500 000&#070;&#116;<\/span>\n\t\t\t\t\t<\/div>\n\t\t\t\t\n\t\t\n\t\t\t\t\n\t\t<div class=\"ec_product_successfully_added_container\" id=\"ec_product_added_2\"><div class=\"ec_product_successfully_added\"><div>Sikeres hozz\u00e1ad\u00e1s<\/div><\/div><\/div>\n\n\t\t<div class=\"ec_product_loader_container\" id=\"ec_product_loader_2\"><div class=\"ec_product_loader\"><div>Kos\u00e1rba helyez\u00e9s...<\/div><\/div><\/div>\n\n\t<\/div>\n\n<\/li>\n<li class=\"ec_product_li\" id=\"ec_product_li_1\" data-wpec-cats=\"1,4,5,8\">\n\n\n\n\n\t<span class=\"ec_tag1\" style=\"color:#2533F4; background: #F3D930 !important;\">Versenyl\u00f3<\/span>\n\n\n\n\n\t<div style=\"padding:0px; margin:auto; vertical-align:middle;\" class=\"ec_product_type1\" id=\"ec_product_image_1\">\n\n\t\t\t\t<div id=\"ec_product_image_effect_1\" class=\"ec_image_container_none ec_dynamic_image_height dynamic_height_rule\">\n\t\t\t\t\t\t<a href=\"https:\/\/arveres.ugeto.com\/?ec_store=pageid3482modelnumber1\" class=\"ec_image_link_cover\"><\/a>\n\n\t\t\t\t\t\t\t\t\t<div class=\"ec_product_image_display_type ec_single_fade_container ec_dynamic_image_height dynamic_height_rule\">\n\n\t\t\t\t\n\t\t\t\t\t\t\t\t<div class=\"ec_dynamic_image_height ec_product_image_container  dynamic_height_rule\">\n\n\t\t\t\t\t\n\t\t\t\t\t<div class=\"ec_dynamic_image_height ec_product_image_1  dynamic_height_rule\"><img src=\"https:\/\/arveres.ugeto.com\/wp-content\/uploads\/2024\/06\/448792332_1134761171051112_4072692386045521487_n.jpg\" alt=\"Fizet\u0151\" class=\"skip-lazy\" \/><\/div>\n\n\t\t\t\t\t\n\t\t\t\t<\/div>\n\t\t\t\t\t\t\t<\/div>\n\t\t\t\t\t<\/div>\n\n\t\t\t\t<div class=\"ec_product_meta_type6\">\n\t\t\t\t\t\t<h3 class=\"ec_product_title\"><a href=\"https:\/\/arveres.ugeto.com\/?ec_store=pageid3482modelnumber1\" class=\"ec_image_link_cover\">Fizet\u0151<\/a><\/h3>\n\t\t\t\t\t\t\t\t\t\t\t\t\t\t\t\t\t\t\t\t\t<div class=\"ec_price_container1\">\n\t\t\t\t\t\t\t\t\t\t\t\t<span class=\"ec_price\">1 500 000&#070;&#116;<\/span>\n\t\t\t\t\t<\/div>\n\t\t\t\t\t\t\t\t\t\t\t\t\t\n\t\t\t\n\t\t\t\t\t<\/div>\n\n\t\t\n\t\t\t\t<h3 class=\"ec_product_title_type1\"><a href=\"https:\/\/arveres.ugeto.com\/?ec_store=pageid3482modelnumber1\" class=\"ec_image_link_cover\">Fizet\u0151<\/a><\/h3>\n\t\t\t\t\t\t\t\t\n\t\t\t\t\t\t<div class=\"ec_price_container_type1\">\n\t\t\t\t\t\t<span class=\"ec_price_type1\">1 500 000&#070;&#116;<\/span>\n\t\t\t\t\t<\/div>\n\t\t\t\t\n\t\t\n\t\t\t\t\n\t\t<div class=\"ec_product_successfully_added_container\" id=\"ec_product_added_1\"><div class=\"ec_product_successfully_added\"><div>Sikeres hozz\u00e1ad\u00e1s<\/div><\/div><\/div>\n\n\t\t<div class=\"ec_product_loader_container\" id=\"ec_product_loader_1\"><div class=\"ec_product_loader\"><div>Kos\u00e1rba helyez\u00e9s...<\/div><\/div><\/div>\n\n\t<\/div>\n\n<\/li><\/ul>\n\t\t<div style=\"clear:both\"><\/div>\n\n\t\n\t<\/section>\n","protected":false},"excerpt":{"rendered":"","protected":false},"author":1,"featured_media":0,"parent":0,"menu_order":0,"comment_status":"closed","ping_status":"closed","template":"","meta":[],"_links":{"self":[{"href":"https:\/\/arveres.ugeto.com\/index.php?rest_route=\/wp\/v2\/pages\/3482"}],"collection":[{"href":"https:\/\/arveres.ugeto.com\/index.php?rest_route=\/wp\/v2\/pages"}],"about":[{"href":"https:\/\/arveres.ugeto.com\/index.php?rest_route=\/wp\/v2\/types\/page"}],"author":[{"embeddable":true,"href":"https:\/\/arveres.ugeto.com\/index.php?rest_route=\/wp\/v2\/users\/1"}],"replies":[{"embeddable":true,"href":"https:\/\/arveres.ugeto.com\/index.php?rest_route=%2Fwp%2Fv2%2Fcomments&post=3482"}],"version-history":[{"count":3,"href":"https:\/\/arveres.ugeto.com\/index.php?rest_route=\/wp\/v2\/pages\/3482\/revisions"}],"predecessor-version":[{"id":3493,"href":"https:\/\/arveres.ugeto.com\/index.php?rest_route=\/wp\/v2\/pages\/3482\/revisions\/3493"}],"wp:attachment":[{"href":"https:\/\/arveres.ugeto.com\/index.php?rest_route=%2Fwp%2Fv2%2Fmedia&parent=3482"}],"curies":[{"name":"wp","href":"https:\/\/api.w.org\/{rel}","templated":true}]}}