
{"id":19,"date":"2020-11-20T21:16:20","date_gmt":"2020-11-20T21:16:20","guid":{"rendered":"http:\/\/arveres.ugeto.com\/?page_id=19"},"modified":"2024-09-06T12:36:16","modified_gmt":"2024-09-06T12:36:16","slug":"szabalyzat","status":"publish","type":"page","link":"https:\/\/arveres.ugeto.com\/?page_id=19","title":{"rendered":"Szab\u00e1lyzat"},"content":{"rendered":"\n<p>Online \u00e1rver\u00e9s<\/p>\n\n\n\n<p>\u00c1ltal\u00e1nos szerz\u0151d\u00e9si felt\u00e9telek \u2013 Elad\u00f3k \u00e9s Vev\u0151k r\u00e9sz\u00e9re<br>Az \u00dcget\u0151 Teny\u00e9szt\u0151k Orsz\u00e1gos Egyes\u00fclete \u00e1ltal szervezett \u00e1rver\u00e9sen.<\/p>\n\n\n\n<ul type=\"1\"><li><strong><u>Szervez\u0151:<\/u><\/strong> <ul><li>Az \u00e1rver\u00e9s szervez\u0151je az \u00dcget\u0151 Teny\u00e9szt\u0151k Orsz\u00e1gos Egyes\u00fclete (Ad\u00f3sz\u00e1m: 18154300-2-42, Sz\u00e9khely: 1101 Budapest, Albertirsai \u00fat 2-4.) (tov\u00e1bbiakban: \u00dcTOE).<\/li><\/ul><\/li><\/ul>\n\n\n\n<ul><li><strong><u>Az Szervez\u0151 felel\u0151ss\u00e9ge:<\/u><\/strong><ul><li>Az \u00dcget\u0151 Teny\u00e9szt\u0151k Orsz\u00e1gos Egyes\u00fclete az \u00e1rver\u00e9s szervez\u0151je, el\u0151k\u00e9sz\u00edt\u0151je \u00e9s lebonyol\u00edt\u00f3ja. Az ad\u00e1s-v\u00e9tel t\u00e1rgy\u00e1ban sem az Elad\u00f3val, sem a Vev\u0151vel nem \u00e1ll jogviszonyban, az \u00e9rt\u00e9kes\u00edt\u00e9s\u00e9rt semmilyen felel\u0151ss\u00e9g nem terheli. Az \u00fcget\u0151k \u00e1llapot\u00e1\u00e9rt, rejtett hib\u00e1i\u00e9rt felel\u0151ss\u00e9get nem v\u00e1llal.<\/li><\/ul><ul><li>A weboldalon tal\u00e1lhat\u00f3 inform\u00e1ci\u00f3k, a lovak adatai t\u00f6bbsz\u00f6r\u00f6s ellen\u0151rz\u00e9sre ker\u00fcltek, ennek ellen\u00e9re el\u0151fordulhatnak hib\u00e1k, a vide\u00f3k inform\u00e1ci\u00f3i t\u00e1j\u00e9koztat\u00f3 jelleg\u0171ek, melyek\u00e9rt a Szervez\u0151 felel\u0151ss\u00e9get nem v\u00e1llal.<\/li><\/ul><ul><li>A Szervez\u0151 a rendezv\u00e9ny szab\u00e1lyait alak\u00edtja, melynek megszeg\u00e9se est\u00e9n m\u00e9rlegeli a szab\u00e1lys\u00e9rt\u0151 kiz\u00e1r\u00e1s\u00e1t rendezv\u00e9nyeir\u0151l.<\/li><\/ul><\/li><\/ul>\n\n\n\n<ul><li><strong><u>Regisztr\u00e1ci\u00f3:<\/u><\/strong><ul><li>Az \u00fcget\u0151 (mely alatt a tov\u00e1bbiakban a licit t\u00e1rgy\u00e1t k\u00e9pez\u0151 lovat kell \u00e9rteni) tulajdonos\u00e1nak (tov\u00e1bbiakban: Elad\u00f3) \/ v\u00e1s\u00e1rl\u00f3nak (tov\u00e1bbiakban: Vev\u0151) az \u00e1rver\u00e9sen val\u00f3 r\u00e9szv\u00e9telhez<strong>\u00a0regisztr\u00e1lnia kell\u00a0<\/strong>az oldalon. Az Elad\u00f3 \u00e9s a Vev\u0151 a regisztr\u00e1ci\u00f3val felt\u00e9tel n\u00e9lk\u00fcl elfogadja a jelen \u00c1ltal\u00e1nos Szerz\u0151d\u00e9si Felt\u00e9teleket (tov\u00e1bbiakban: \u00c1SZF) \u00e9s az Adatv\u00e9delmi Nyilatkozatot.<\/li><li>A Vev\u0151 a regisztr\u00e1ci\u00f3t k\u00f6vet\u0151en a 100.000 Ft kauci\u00f3t k\u00f6teles a legr\u00f6videbb id\u0151n bel\u00fcl az \u00dcTOE r\u00e9sz\u00e9re megfizetni. Abban az esetben, ha ez nem t\u00f6rt\u00e9nik meg, \u00fagy az \u00e1rver\u00e9sen nem jogosult r\u00e9szt venni.<\/li><li>A kauci\u00f3t az \u00e1rver\u00e9s v\u00e9g\u00e9n a Vev\u0151 visszakapja, abban az esetben, ha nem nyert licitet. Az a Vev\u0151, aki megnyerte a licitet \u00e9s nem k\u00f6vetett el szab\u00e1lytalans\u00e1got a szab\u00e1lyosan kit\u00f6lt\u00f6tt L\u00f3tulajdonos-v\u00e1ltoz\u00e1s Adatbejelent\u0151 Lap bemutat\u00e1sakor kapja vissza a kauci\u00f3 \u00f6sszeg\u00e9t, abban az esetben, ha t\u00f6bb licitet is nyert, \u00fagy az \u00f6sszes l\u00f3ra vonatkoz\u00f3 L\u00f3tulajdonos-v\u00e1ltoz\u00e1s Adatbejelent\u0151 Lap bemutat\u00e1sakor.<\/li><\/ul><\/li><\/ul>\n\n\n\n<ul><li><strong><u>Licit\u00e1l\u00e1s:<\/u><\/strong><ul><li>Az \u00e1rver\u00e9si Vev\u0151 az \u00e1rver\u00e9s folyam\u00e1n az\u00a0<strong>online<\/strong>\u00a0fel\u00fcleten kapott felhaszn\u00e1l\u00f3n\u00e9v jelsz\u00f3 p\u00e1rossal\u00a0<strong>licit\u00e1lhat<\/strong>. A licit\u00e1l\u00f3 csak saj\u00e1t nev\u00e9ben licit\u00e1lhat!<\/li><\/ul><ul><li>Amennyiben a Vev\u0151 a licitet megnyeri, \u00e9s nem k\u00f6ti meg az ad\u00e1sv\u00e9teli szerz\u0151d\u00e9st \u00e9s nem \u00e1ll fenn a szavatoss\u00e1gi hiba esete, a l\u00f3 tulajdonos\u00e1nak b\u00e1natp\u00e9nz megfizet\u00e9s\u00e9re k\u00f6teles. A b\u00e1natp\u00e9nz m\u00e9rt\u00e9ke a kialkudott v\u00e9tel\u00e1r 20 %-a.<\/li><\/ul><ul><li>Az aj\u00e1nlatt\u00e9tel \u00e9s az ad\u00e1sv\u00e9tel magyar forintban t\u00f6rt\u00e9nik (HUF). Az elad\u00e1s a magyar t\u00f6rv\u00e9nyeknek megfelel\u0151en t\u00f6rt\u00e9nik, az aj\u00e1nlat Elad\u00f3 \u00e1ltali elfogad\u00e1s\u00e1val. A kiki\u00e1lt\u00e1si, illetve az elad\u00e1si \u00e1r netto \u00e1r, melyet \u00c1FA terhel.<\/li><\/ul><ul><li>Az aj\u00e1nlatt\u00e9tel az online fel\u00fcleten a licit\u00e1l\u00f3 fel\u00fcletre be\u00edrt \u00e9s elk\u00fcld\u00f6tt aj\u00e1nlattal t\u00f6rt\u00e9nik.<\/li><\/ul><ul><li>Az aj\u00e1nlat 100.000 Ft-onk\u00e9nt emelhet\u0151. A licit\u00e1l\u00f3 Vev\u0151 tehet a fenti emel\u00e9sekn\u00e9l nagyobb m\u00e9rt\u00e9k\u0171t is, de kiz\u00e1r\u00f3lag olyan \u00f6sszeg\u0171t, mely a licitl\u00e9pcs\u0151k t\u00f6bbsz\u00f6r\u00f6s\u00e9nek megfelel. Az Elad\u00f3 \u00e1ltal jelzett minden inform\u00e1ci\u00f3, kit\u00e9tel \u00e9s megjegyz\u00e9s azon az oldalon, ahol a l\u00f3 szerepel, megjelenik.<\/li><\/ul><ul><li>T\u00f6bb aj\u00e1nlat eset\u00e9n a licitl\u00e9pcs\u0151nek megfelel\u0151en tehet aj\u00e1nlatot a v\u00e1s\u00e1rl\u00f3 mindaddig, am\u00edg csak egy aj\u00e1nlat marad, a l\u00f3 Elad\u00f3ja a licit\u00e1l\u00e1sban r\u00e9szt vehet. Az \u00fcget\u0151 megv\u00e1s\u00e1rl\u00e1s\u00e1nak jog\u00e1t \u00e9s k\u00f6telezetts\u00e9g\u00e9t a legt\u00f6bbet aj\u00e1nl\u00f3 licit\u00e1l\u00f3, Vev\u0151 szerzi meg, kiv\u00e9ve, ha a legt\u00f6bbet aj\u00e1nl\u00f3 az \u00fcget\u0151 tulajdonosa, Elad\u00f3ja. Ez esetben nem, minden m\u00e1s esetben a nyertes licit szerz\u0151d\u00e9sk\u00f6t\u00e9si k\u00f6telezetts\u00e9get eredm\u00e9nyez.<\/li><\/ul><ul><li>Amennyiben a Vev\u0151 a licitet megnyeri, a licit visszavon\u00e1sa nem lehets\u00e9ges, licitje megt\u00e9tel\u00e9vel a Vev\u0151 v\u00e1llalja, hogy megfizeti annak \u00f6sszeg\u00e9t.<\/li><\/ul><ul><li>Amennyiben a Vev\u0151 a licitet megnyeri, 2 \u00f3r\u00e1n bel\u00fcl k\u00f6teles a v\u00e9tel\u00e1r 20%-\u00e1t az Elad\u00f3nak b\u00e1natp\u00e9nzk\u00e9nt megfizetni. A Vev\u0151 a kezd\u0151 r\u00e9szlet befizet\u00e9se ut\u00e1n megvizsg\u00e1ltathatja a lovat, amennyiben ennek sz\u00fcks\u00e9g\u00e9t l\u00e1tja. Az \u00e1llatorvosi vizsg\u00e1lat ir\u00e1nya a szavatoss\u00e1gi hiba felder\u00edt\u00e9se. Az \u00e1llateg\u00e9szs\u00e9g\u00fcgyi szavatoss\u00e1gi hiba, az olyan elv\u00e1ltoz\u00e1s, amely nagy val\u00f3sz\u00edn\u0171s\u00e9ggel megakad\u00e1lyozza, hogy a l\u00f3 versenyekre val\u00f3 szakszer\u0171 felk\u00e9sz\u00edt\u00e9s\u00e9t az eg\u00e9szs\u00e9gi \u00e1llapot roml\u00e1sa n\u00e9lk\u00fcl v\u00e9gezhess\u00e9k.<\/li><\/ul><\/li><\/ul>\n\n\n\n<ul><li>Az \u00e1llatorvosi vizsg\u00e1lat eredm\u00e9nye:<ul><li>Amennyiben a vizsg\u00e1lat sor\u00e1n \u00e1llateg\u00e9szs\u00e9g\u00fcgyi szavatoss\u00e1gi hiba hitelt\u00e9rdeml\u0151 esete mer\u00fcl f\u00f6l \u00e9s azt az Elad\u00f3 elfogadja a kifizetett r\u00e9szletet visszafizeti a Vev\u0151nek. A Vev\u0151 k\u00f6vetkezm\u00e9ny n\u00e9lk\u00fcl el\u00e1llhat az ad\u00e1s-v\u00e9telt\u0151l.<\/li><\/ul><ul><li>Amennyiben nem mer\u00fcl f\u00f6l hitelt \u00e9rdeml\u0151en a szavatoss\u00e1gi hiba esete:<ul><li>a Vev\u0151 nem k\u00edv\u00e1nja megvizsg\u00e1ltatni a lovat a megnyert licit ut\u00e1n 3 napon bel\u00fcl, a Vev\u0151 k\u00f6teles az Elad\u00f3nak a teljes v\u00e9tel\u00e1rat legk\u00e9s\u0151bb a licit megnyer\u00e9se ut\u00e1ni harmadik napon megfizetni \u00e9s a lovat birtokba veheti. A l\u00f3 birtokbav\u00e9tele csak a teljes v\u00e9tel\u00e1r kifizet\u00e9se ut\u00e1n lehets\u00e9ges, ha ett\u0151l az Elad\u00f3 saj\u00e1t kock\u00e1zat\u00e1ra el nem t\u00e9r, vagy<\/li><\/ul><ul><li>a Vev\u0151 a licit megnyer\u00e9se ut\u00e1n 3 napon bel\u00fcl nem fizette meg a teljes v\u00e9tel\u00e1rat, az Elad\u00f3 a kifizetett r\u00e9szfizet\u00e9st b\u00e1natp\u00e9nzk\u00e9nt megtartja, a lovat nem k\u00f6teles a licitet megnyert Vev\u0151nek birtokba adni. A lovat az Elad\u00f3 a licitet megnyer\u0151 Vev\u0151 el\u0151tti legutols\u00f3 licit\u00e1l\u00f3nak k\u00edn\u00e1lhatja fel \u00e9rt\u00e9kes\u00edt\u00e9sre, azon az \u00e1ron, melyet az utols\u00f3 el\u0151tti liciten megtettek a l\u00f3ra. Az \u00faj Vev\u0151 jel\u00f6ltre ugyanazok a szab\u00e1lyok vonatkoznak, mint a licit\u00e1l\u00e1st megnyer\u0151 Vev\u0151re. Ett\u0151l az Elad\u00f3 elt\u00e9rhet, de azt \u00edr\u00e1sban kell jelezni a szervez\u0151 fel\u00e9.<\/li><\/ul><\/li><\/ul><\/li><\/ul>\n\n\n\n<ul><li>T\u00e1j\u00e9koztat\u00e1si k\u00f6telezetts\u00e9gek a szervez\u0151 fel\u00e9 (\u00edr\u00e1sban, elektronikusan):<ul><li>A megfizettet kezd\u0151r\u00e9szlet elk\u00fcld\u00e9s\u00e9r\u0151l a Vev\u0151 a szervez\u0151t elektronikusan t\u00e1j\u00e9koztatja.<\/li><\/ul><ul><li>A kezd\u0151r\u00e9szlet be\u00e9rkez\u00e9s\u00e9r\u0151l az Elad\u00f3 a szervez\u0151t elektronikusan t\u00e1j\u00e9koztatja.<\/li><\/ul><ul><li>A teljes v\u00e9tel\u00e1r kifizet\u00e9s\u00e9r\u0151l a Vev\u0151 a szervez\u0151t t\u00e1j\u00e9koztatja.<\/li><\/ul><ul><li>A teljes v\u00e9tel\u00e1r be\u00e9rkez\u00e9s\u00e9r\u0151l az Elad\u00f3 a szervez\u0151t t\u00e1j\u00e9koztatja.<\/li><\/ul><ul><li>Szavatoss\u00e1gi hiba gyan\u00faja eset\u00e9n a Vev\u0151 \u00e9s\/vagy az Elad\u00f3 a szervez\u0151t t\u00e1j\u00e9koztatja.<\/li><\/ul><ul><li>Amennyiben az Elad\u00f3 a lovat a Vev\u0151 r\u00e9sz\u00e9re birtokba adja a teljes v\u00e9tel\u00e1r megfizet\u00e9se el\u0151tt, azt saj\u00e1t kock\u00e1zat\u00e1ra teszi \u00e9s err\u0151l a Szervez\u0151t t\u00e1j\u00e9koztatja elektronikusan.<\/li><\/ul><ul><li>Amennyiben a Vev\u0151 \u00e9s az Elad\u00f3 szavatoss\u00e1gi hiba el\u0151fordul\u00e1sa n\u00e9lk\u00fcl, k\u00f6z\u00f6s megegyez\u00e9ssel d\u00f6ntenek \u00fagy, hogy az ad\u00e1sv\u00e9telt nem k\u00f6tik meg \u00e9s k\u00f6z\u00f6s akarattal \u00e1llnak el a l\u00f3 tulajdonjog\u00e1nak \u00e1truh\u00e1z\u00e1s\u00e1t\u00f3l a Szervez\u0151t err\u0151l t\u00e1j\u00e9koztatni kell. Ebben az esetben a regisztr\u00e1ci\u00f3s d\u00edjat a szervez\u0151 teny\u00e9szt\u00e9si c\u00e9lok t\u00e1mogat\u00e1s\u00e1ra visszatartja, arr\u00f3l teny\u00e9szt\u00e9si befizet\u00e9s sz\u00e1ml\u00e1t \u00e1ll\u00edt ki a Vev\u0151 fel\u00e9. Indokl\u00e1s: Az \u00e1rver\u00e9s a Szervez\u0151 r\u00e9sz\u00e9r\u0151l egy olyan nonprofit tev\u00e9kenys\u00e9g, mellyel az eg\u00e9szs\u00e9ges csik\u00f3k piacra ker\u00fcl\u00e9s\u00e9t seg\u00edti. Az \u00e1rver\u00e9sen, szavatoss\u00e1gi hiba n\u00e9lk\u00fcli, liciten megnyert lovak eg\u00e9szs\u00e9gesnek min\u0151s\u00edtet\u0151k. Az ad\u00e1sv\u00e9telt\u0151l val\u00f3 el\u00e1ll\u00e1s az \u00e1rver\u00e9si logika szerint nem indokolhat\u00f3, a szervez\u0151 azon c\u00e9lja nem val\u00f3sul meg, hogy az eg\u00e9szs\u00e9ges csik\u00f3 piacra ker\u00fclj\u00f6n \u00e9s ezt a szervez\u0151 szankcion\u00e1lja.<\/li><\/ul><ul><li>Amennyiben a Vev\u0151 a lovat a szab\u00e1lyok szerint birtokba vette, felel\u0151s\u00e9ggel tartozik \u00e9rte. Tudom\u00e1sul kell vennie, hogy a l\u00f3 egy \u00e9l\u0151l\u00e9ny, egy biol\u00f3giai egyens\u00falyban l\u00e9v\u0151, de dinamikus v\u00e1ltoz\u00e1sokra k\u00e9pes szervezet. A vele val\u00f3 b\u00e1n\u00e1sm\u00f3d, a tart\u00e1si k\u00f6r\u00fclm\u00e9ny, sz\u00e1ll\u00edt\u00e1s stb. ezt az egyens\u00falyt befoly\u00e1solhatja \u00e9s ez sok esetben a szavatoss\u00e1gi hib\u00e1n t\u00falmutat\u00f3, el\u0151re nem l\u00e1that\u00f3 biol\u00f3giai kock\u00e1zatot rejt mag\u00e1ban. Ezen biol\u00f3giai kock\u00e1zatokat mindig az v\u00e1llalja, akinek a birtok\u00e1ban van a l\u00f3. A nem szavatoss\u00e1gi hib\u00e1nak min\u0151s\u00fcl\u0151 biol\u00f3giai kock\u00e1zatok nem biztos\u00edtanak alapot a Vev\u0151nek az ad\u00e1sv\u00e9telt\u0151l val\u00f3 el\u00e1ll\u00e1sra.<\/li><\/ul><\/li><\/ul>\n\n\n\n<ul><li><strong><u>Ad\u00e1s \u2013 V\u00e9tel:<\/u><\/strong><ul><li>Elad\u00f3 k\u00f6teles Vev\u0151vel ad\u00e1sv\u00e9teli szerz\u0151d\u00e9st k\u00f6tni a licit lez\u00e1r\u00e1s\u00e1t k\u00f6vet\u0151 3 napon bel\u00fcl.<\/li><\/ul><ul><li>Az ad\u00e1sv\u00e9teli jogviszony k\u00f6zvetlen\u00fcl az Elad\u00f3 \u00e9s Vev\u0151 k\u00f6z\u00f6tt j\u00f6n l\u00e9tre, azzal a felt\u00e9tellel, hogy az Elad\u00f3 felel\u0151s az \u00fcget\u0151 \u00e1llapot\u00e1\u00e9rt az \u00e1rver\u00e9s id\u0151pontj\u00e1ban \u00e9s \u00edr\u00e1sban nyilatkozik arr\u00f3l, hogy a l\u00f3 \u00e1ltala ismert betegs\u00e9ggel, szavatoss\u00e1gi hib\u00e1val nem rendelkezik.<\/li><\/ul><ul><li>Amennyiben az \u00fcget\u0151 birtokbaad\u00e1s\u00e1ig olyan esem\u00e9ny t\u00f6rt\u00e9nik, ami befoly\u00e1solja az ad\u00e1sv\u00e9tel l\u00e9trej\u00f6tt\u00e9t (maradand\u00f3 s\u00e9r\u00fcl\u00e9s, elhull\u00e1s stb., az \u00dcTOE visszautalja Vev\u0151nek a kauci\u00f3 d\u00edj\u00e1t. A befoly\u00e1sol\u00f3 k\u00f6r\u00fclm\u00e9nyt \u00edr\u00e1sban kell r\u00f6gz\u00edtenie az \u00dcTOE \u00e1ltal kijel\u00f6lt \u00e1llatorvosnak.<\/li><\/ul><ul><li>Az \u00e1rver\u00e9s t\u00e1rgy\u00e1t k\u00e9pez\u0151 \u00fcget\u0151 kock\u00e1zata az \u00edr\u00e1sban igazolt birtokbaad\u00e1s napj\u00e1t\u00f3l a Vev\u0151re sz\u00e1ll.<\/li><\/ul><\/li><\/ul>\n\n\n\n<ul><li><strong><u>L\u00f3 kateg\u00f3ri\u00e1k:<\/u><\/strong><\/li><\/ul>\n\n\n\n<p>Az \u00e9rt\u00e9kes\u00edt\u00e9sre k\u00edn\u00e1lt lovak kateg\u00f3ri\u00e1i a k\u00f6vetkez\u0151k:<\/p>\n\n\n\n<ul><li>yearlingek (\u00e9ves csik\u00f3k),<\/li><li>k\u00e9t\u00e9vesek<\/li><\/ul>\n\n\n\n<p>*-gal jel\u00f6lt kanc\u00e1knak csak a futtat\u00e1si jog\u00e1t adja el a tulajdonos!<\/p>\n\n\n\n<ul><li><strong><u>Lovakra vonatkoz\u00f3 felt\u00e9telek:<\/u><\/strong><ul><li>Az \u00e1rver\u00e9sre csak l\u00f3\u00fatlev\u00e9llel rendelkez\u0151 lovak k\u00edn\u00e1lhat\u00f3ak fel, melyek tulajdonviszonya egy\u00e9rtelm\u0171.<\/li><\/ul><ul><li>A lovak abban az \u00e1llapotban ker\u00fclnek \u00e1rverez\u00e9sre, amelyben az \u00e1rver\u00e9s id\u0151pontj\u00e1ban vannak.<\/li><\/ul><\/li><\/ul>\n\n\n\n<ul><li><strong><u>Az Elad\u00f3 felel\u0151ss\u00e9ge:<\/u><\/strong><ul><li>Az \u00fcget\u0151 eg\u00e9szs\u00e9gi \u00e1llapot\u00e1\u00e9rt a birtokbaad\u00e1sig az Elad\u00f3 felel, azt a j\u00f3 gazda gondoss\u00e1g\u00e1val k\u00f6teles tartani. A Vev\u0151 a l\u00f3 eg\u00e9szs\u00e9gi \u00e1llapot\u00e1val kapcsolatos kifog\u00e1s\u00e1t a birtokba ad\u00e1sig teheti meg, a birtokba ad\u00e1s helysz\u00edn\u00e9n.<\/li><\/ul><\/li><\/ul>\n\n\n\n<ul><li><strong><u>Egyebek:<\/u><\/strong><ul><li>Az \u00e1rver\u00e9st az \u00dcTOE folyamatosan ellen\u0151rzi.<\/li><\/ul><ul><li>Az Elad\u00f3 hozz\u00e1j\u00e1rul ahhoz, hogy a sz\u00fcks\u00e9ges adatait a licit nyertes\u00e9nek az \u00e1rver\u00e9st k\u00f6vet\u0151en az \u00dcTOE megk\u00fcldje.<\/li><li>A szab\u00e1lyzat \u00e1ltal\u00e1nos \u00e9rv\u00e9ny\u0171, az \u00e1rver\u00e9s pontos id\u0151pontja a honlapon ker\u00fcl meghirdet\u00e9sre. Az \u00e1rverez\u0151 az utols\u00f3 licit be\u00e9rkez\u00e9s\u00e9t\u0151l sz\u00e1m\u00edtott 2 perc m\u00falva z\u00e1rja le az \u00e1rver\u00e9st. A lez\u00e1r\u00e1sig folyamatosan lehet licit\u00e1lni. A legmagasabb licit nyer.<\/li><li>Az \u00dcTOE fenntartja a jogot az \u00e1rver\u00e9s felt\u00e9teleinek megszab\u00e1s\u00e1ra, sz\u00fcks\u00e9g eset\u00e9n a felk\u00edn\u00e1lt \u00fcget\u0151 \u00e1rver\u00e9sen val\u00f3 megjelen\u00e9s\u00e9nek megtagad\u00e1s\u00e1ra, az \u00e1rver\u00e9s vagy az aj\u00e1nlat \u00e9rv\u00e9nytelen\u00edt\u00e9s\u00e9re, az \u00e1rver\u00e9s meghosszabb\u00edt\u00e1s\u00e1ra, felf\u00fcggeszt\u00e9s\u00e9re, lez\u00e1r\u00e1s\u00e1ra vagy egy\u00e9b sz\u00fcks\u00e9ges int\u00e9zked\u00e9s megt\u00e9tel\u00e9re.<\/li><\/ul><ul><li>A vit\u00e1s k\u00e9rd\u00e9seket a Felek igyekeznek megegyez\u00e9ses \u00faton rendezni, amennyiben ez nem lehets\u00e9ges, a k\u00f6zt\u00fck l\u00e9trej\u00f6tt ad\u00e1sv\u00e9teli szerz\u0151d\u00e9sben elfogadott b\u00edr\u00f3s\u00e1g illet\u00e9kess\u00e9g\u00e9t ismerik el.<\/li><\/ul><ul><li>Azt a Vev\u0151t, aki a megnyert licit ut\u00e1n nem k\u00f6t szerz\u0151d\u00e9st az Elad\u00f3val \u00e9s nem v\u00e1s\u00e1rolja meg az \u00e1ltala megnyert lovat, \u00e9s nem \u00e1ll f\u00f6nn a szavatos\u00e1gi hiba esete, a k\u00e9s\u0151bbi \u00e1rver\u00e9sekr\u0151l (\u00e9ves, illetve online) a Szervez\u0151 kitiltja, az \u00e1rver\u00e9sekre nem regisztr\u00e1lja. Az \u00c1SZF-re a magyar jog rendelkez\u00e9sei az ir\u00e1nyad\u00f3k.<\/li><\/ul><ul><li>Jelen \u00c1SZF az \u00dcTOE \u00e1ltali visszavon\u00e1sig vagy m\u00f3dos\u00edt\u00e1sig hat\u00e1lyban marad.<\/li><\/ul><\/li><\/ul>\n\n\n\n<p><\/p>\n","protected":false},"excerpt":{"rendered":"<p>Online \u00e1rver\u00e9s \u00c1ltal\u00e1nos szerz\u0151d\u00e9si felt\u00e9telek \u2013 Elad\u00f3k \u00e9s Vev\u0151k r\u00e9sz\u00e9reAz \u00dcget\u0151 Teny\u00e9szt\u0151k Orsz\u00e1gos Egyes\u00fclete \u00e1ltal szervezett \u00e1rver\u00e9sen. Szervez\u0151: Az \u00e1rver\u00e9s szervez\u0151je az \u00dcget\u0151 Teny\u00e9szt\u0151k Orsz\u00e1gos Egyes\u00fclete (Ad\u00f3sz\u00e1m: 18154300-2-42, Sz\u00e9khely: 1101 Budapest, Albertirsai \u00fat 2-4.) (tov\u00e1bbiakban: \u00dcTOE). Az Szervez\u0151 felel\u0151ss\u00e9ge: Az \u00dcget\u0151 Teny\u00e9szt\u0151k Orsz\u00e1gos Egyes\u00fclete az \u00e1rver\u00e9s szervez\u0151je, el\u0151k\u00e9sz\u00edt\u0151je \u00e9s lebonyol\u00edt\u00f3ja. Az ad\u00e1s-v\u00e9tel t\u00e1rgy\u00e1ban sem az &#8230; <a title=\"Szab\u00e1lyzat\" class=\"read-more\" href=\"https:\/\/arveres.ugeto.com\/?page_id=19\" aria-label=\"More on Szab\u00e1lyzat\">Read more<\/a><\/p>\n","protected":false},"author":1,"featured_media":0,"parent":0,"menu_order":0,"comment_status":"closed","ping_status":"closed","template":"","meta":[],"_links":{"self":[{"href":"https:\/\/arveres.ugeto.com\/index.php?rest_route=\/wp\/v2\/pages\/19"}],"collection":[{"href":"https:\/\/arveres.ugeto.com\/index.php?rest_route=\/wp\/v2\/pages"}],"about":[{"href":"https:\/\/arveres.ugeto.com\/index.php?rest_route=\/wp\/v2\/types\/page"}],"author":[{"embeddable":true,"href":"https:\/\/arveres.ugeto.com\/index.php?rest_route=\/wp\/v2\/users\/1"}],"replies":[{"embeddable":true,"href":"https:\/\/arveres.ugeto.com\/index.php?rest_route=%2Fwp%2Fv2%2Fcomments&post=19"}],"version-history":[{"count":41,"href":"https:\/\/arveres.ugeto.com\/index.php?rest_route=\/wp\/v2\/pages\/19\/revisions"}],"predecessor-version":[{"id":3846,"href":"https:\/\/arveres.ugeto.com\/index.php?rest_route=\/wp\/v2\/pages\/19\/revisions\/3846"}],"wp:attachment":[{"href":"https:\/\/arveres.ugeto.com\/index.php?rest_route=%2Fwp%2Fv2%2Fmedia&parent=19"}],"curies":[{"name":"wp","href":"https:\/\/api.w.org\/{rel}","templated":true}]}}