
{"id":1782,"date":"2022-09-16T07:20:26","date_gmt":"2022-09-16T07:20:26","guid":{"rendered":"https:\/\/arveres.ugeto.com\/?page_id=1782"},"modified":"2022-09-30T18:35:28","modified_gmt":"2022-09-30T18:35:28","slug":"30-fitt-lady","status":"publish","type":"page","link":"https:\/\/arveres.ugeto.com\/?page_id=1782","title":{"rendered":"30. Fitt Lady*"},"content":{"rendered":"\n<iframe src=\"https:\/\/arveres.ugeto.com\/arveres_allas4.php?tetel=2022100030\" height=\"40\" width=\"100%\"><\/iframe>\n\n\n\n<table><tr><td width='60%'><div class=\"alignnormal\"><div id=\"metaslider-id-2123\" style=\"width: 100%;\" class=\"ml-slider-3-19-1 metaslider metaslider-flex metaslider-2123 ml-slider\">\n    <div id=\"metaslider_container_2123\">\n        <div id=\"metaslider_2123\">\n            <ul aria-live=\"polite\" class=\"slides\">\n                <li style=\"display: none; width: 100%;\" class=\"slide-2124 ms-image\"><a href=\"https:\/\/arveres.ugeto.com\/wp-content\/uploads\/2022\/09\/FittLady_1.jpg\" target=\"_self\"><img width=\"1500\" height=\"1044\" src=\"https:\/\/arveres.ugeto.com\/wp-content\/uploads\/2022\/09\/FittLady_1.jpg\" class=\"slider-2123 slide-2124\" alt=\"\" loading=\"lazy\" rel=\"\" title=\"FittLady_1\" style=\"margin: 0 auto; width: 61.576354679803%\" \/><\/a><\/li>\n                <li style=\"display: none; width: 100%;\" class=\"slide-2125 ms-image\"><a href=\"https:\/\/arveres.ugeto.com\/wp-content\/uploads\/2022\/09\/FittLady_2.jpg\" target=\"_self\"><img width=\"1100\" height=\"1500\" src=\"https:\/\/arveres.ugeto.com\/wp-content\/uploads\/2022\/09\/FittLady_2.jpg\" class=\"slider-2123 slide-2125\" alt=\"\" loading=\"lazy\" rel=\"\" title=\"FittLady_2\" style=\"margin: 0 auto; width: 31.428571428571%\" \/><\/a><\/li>\n                <li style=\"display: none; width: 100%;\" class=\"slide-2126 ms-image\"><a href=\"https:\/\/arveres.ugeto.com\/wp-content\/uploads\/2022\/09\/FittLady_3.jpg\" target=\"_self\"><img width=\"1500\" height=\"1040\" src=\"https:\/\/arveres.ugeto.com\/wp-content\/uploads\/2022\/09\/FittLady_3.jpg\" class=\"slider-2123 slide-2126\" alt=\"\" loading=\"lazy\" rel=\"\" title=\"FittLady_3\" style=\"margin: 0 auto; width: 61.813186813187%\" \/><\/a><\/li>\n                <li style=\"display: none; width: 100%;\" class=\"slide-2127 ms-image\"><a href=\"https:\/\/arveres.ugeto.com\/wp-content\/uploads\/2022\/09\/FittLady_4.jpg\" target=\"_self\"><img width=\"1079\" height=\"1500\" src=\"https:\/\/arveres.ugeto.com\/wp-content\/uploads\/2022\/09\/FittLady_4-1.jpg\" class=\"slider-2123 slide-2127\" alt=\"\" loading=\"lazy\" rel=\"\" title=\"FittLady_4\" style=\"margin: 0 auto; width: 30.828571428571%\" \/><\/a><\/li>\n            <\/ul>\n        <\/div>\n        \n    <\/div>\n<\/div><\/div><\/td><td  width='40%'><p class=\"has-small-font-size\">Sz\u00fcletett: 2021.06.14 <br>\nSz\u00edne: pej <br>\nNeme: kanca<br>\nApja: Calypso Capar <br>\nAnyja: Tit\u00e1n Lady <br>\nRekord:<br>\n\u00c9letnyerem\u00e9ny:<br>\nTulajdonos: Kabala M\u00e9nes Kft. <br>\nTeny\u00e9szt\u0151: Kabala M\u00e9nes Kft. <br>\nKateg\u00f3ria: Yearling<br>\nSz\u00e1rmaz\u00e1sa: <a href=\"http:\/\/www.ugeto.com\/pedigre-loker\/140924\" target=\"_blank\" rel=\"noopener noreferrer\">Adatb\u00e1zis megtekint\u00e9se &gt;&gt;<\/a><\/p>\n<\/td><\/tr><\/table>\n\n\n\n<figure class=\"wp-block-embed-youtube wp-block-embed is-type-video is-provider-youtube wp-embed-aspect-16-9 wp-has-aspect-ratio\"><div class=\"wp-block-embed__wrapper\">\n<iframe title=\"Fitt Lady\" width=\"1200\" height=\"675\" src=\"https:\/\/www.youtube.com\/embed\/TF6dCGQRX90?feature=oembed\" frameborder=\"0\" allow=\"accelerometer; autoplay; clipboard-write; encrypted-media; gyroscope; picture-in-picture\" allowfullscreen><\/iframe>\n<\/div><\/figure>\n\n\n\n<p class=\"has-small-font-size\"><table align=\"center\">\n<tr><td style=\"border:none\" width=\"50%\"><form method=\"post\" action=\"ajanlat-tetel.php\" target=\"_blank\">\n              <input type=\"hidden\" name=\"fsz\" value=\"1\"><input type=\"hidden\" name=\"tetel\" value=\"2022100030\">\n    Felhaszn\u00e1l\u00f3 n\u00e9v:<\/td><td style=\"border:none\" width=\"50%\"><input type=\"text\" name=\"user\" value=\"\"><\/td><\/tr>\n    <tr><td style=\"border:none\">Jelsz\u00f3:<\/td><td style=\"border:none\"><input type=\"password\" name=\"adat\" value=\"\"><\/td><\/tr>\n    <tr><td style=\"border:none\">Licit \u00f6sszege:<\/td><td style=\"border:none\"><input type=\"number\" name=\"ajanlat\" value=\"\"><\/td><\/tr>\n    <tr><td style=\"border:none\">Adatokat ellen\u0151riztem:<\/td><td style=\"border:none\"><input type=\"checkbox\" name=\"checked\" value=\"1\"><\/td><\/tr>\n  <tr><td style=\"border:none\"><\/td><td style=\"border:none\">          <input type=\"submit\" value=\"ELK\u00dcLD\u00c9S\"><\/td><\/tr><\/table>\n    \n    <\/form><\/p>\n<br>\n","protected":false},"excerpt":{"rendered":"<p>Sz\u00fcletett: 2021.06.14 Sz\u00edne: pej Neme: kanca Apja: Calypso Capar Anyja: Tit\u00e1n Lady Rekord: \u00c9letnyerem\u00e9ny: Tulajdonos: Kabala M\u00e9nes Kft. Teny\u00e9szt\u0151: Kabala M\u00e9nes Kft. Kateg\u00f3ria: Yearling Sz\u00e1rmaz\u00e1sa: Adatb\u00e1zis megtekint\u00e9se &gt;&gt; Felhaszn\u00e1l\u00f3 n\u00e9v: Jelsz\u00f3: Licit \u00f6sszege: Adatokat ellen\u0151riztem:<\/p>\n","protected":false},"author":1,"featured_media":0,"parent":0,"menu_order":0,"comment_status":"closed","ping_status":"closed","template":"","meta":[],"_links":{"self":[{"href":"https:\/\/arveres.ugeto.com\/index.php?rest_route=\/wp\/v2\/pages\/1782"}],"collection":[{"href":"https:\/\/arveres.ugeto.com\/index.php?rest_route=\/wp\/v2\/pages"}],"about":[{"href":"https:\/\/arveres.ugeto.com\/index.php?rest_route=\/wp\/v2\/types\/page"}],"author":[{"embeddable":true,"href":"https:\/\/arveres.ugeto.com\/index.php?rest_route=\/wp\/v2\/users\/1"}],"replies":[{"embeddable":true,"href":"https:\/\/arveres.ugeto.com\/index.php?rest_route=%2Fwp%2Fv2%2Fcomments&post=1782"}],"version-history":[{"count":5,"href":"https:\/\/arveres.ugeto.com\/index.php?rest_route=\/wp\/v2\/pages\/1782\/revisions"}],"predecessor-version":[{"id":2133,"href":"https:\/\/arveres.ugeto.com\/index.php?rest_route=\/wp\/v2\/pages\/1782\/revisions\/2133"}],"wp:attachment":[{"href":"https:\/\/arveres.ugeto.com\/index.php?rest_route=%2Fwp%2Fv2%2Fmedia&parent=1782"}],"curies":[{"name":"wp","href":"https:\/\/api.w.org\/{rel}","templated":true}]}}