
{"id":1741,"date":"2022-09-16T06:19:33","date_gmt":"2022-09-16T06:19:33","guid":{"rendered":"https:\/\/arveres.ugeto.com\/?page_id=1741"},"modified":"2022-10-08T09:38:57","modified_gmt":"2022-10-08T09:38:57","slug":"16-flicka-tim","status":"publish","type":"page","link":"https:\/\/arveres.ugeto.com\/?page_id=1741","title":{"rendered":"16. Flicka TIM"},"content":{"rendered":"\nEladva: 1 000 000 Ft Lazic Dejan\n\n\n\n<table><tr><td width='60%'><div class=\"alignnormal\"><div id=\"metaslider-id-1917\" style=\"width: 100%;\" class=\"ml-slider-3-19-1 metaslider metaslider-flex metaslider-1917 ml-slider\">\n    <div id=\"metaslider_container_1917\">\n        <div id=\"metaslider_1917\">\n            <ul aria-live=\"polite\" class=\"slides\">\n                <li style=\"display: none; width: 100%;\" class=\"slide-1918 ms-image\"><a href=\"https:\/\/arveres.ugeto.com\/202210\/flickatim\/flickatim0.jpeg\" target=\"_self\"><img width=\"1120\" height=\"1680\" src=\"https:\/\/arveres.ugeto.com\/wp-content\/uploads\/2022\/09\/flickatim0.jpeg\" class=\"slider-1917 slide-1918\" alt=\"\" loading=\"lazy\" rel=\"\" title=\"flickatim0\" style=\"margin: 0 auto; width: 28.571428571429%\" \/><\/a><\/li>\n                <li style=\"display: none; width: 100%;\" class=\"slide-1919 ms-image\"><a href=\"https:\/\/arveres.ugeto.com\/202210\/flickatim\/flickatim1.jpeg\" target=\"_self\"><img width=\"1066\" height=\"1600\" src=\"https:\/\/arveres.ugeto.com\/wp-content\/uploads\/2022\/09\/flickatim1.jpeg\" class=\"slider-1917 slide-1919\" alt=\"\" loading=\"lazy\" rel=\"\" title=\"flickatim1\" style=\"margin: 0 auto; width: 28.553571428571%\" \/><\/a><\/li>\n                <li style=\"display: none; width: 100%;\" class=\"slide-1920 ms-image\"><a href=\"https:\/\/arveres.ugeto.com\/202210\/flickatim\/flickatim2.jpeg\" target=\"_self\"><img width=\"1600\" height=\"1066\" src=\"https:\/\/arveres.ugeto.com\/wp-content\/uploads\/2022\/09\/flickatim2.jpeg\" class=\"slider-1917 slide-1920\" alt=\"\" loading=\"lazy\" rel=\"\" title=\"flickatim2\" style=\"margin: 0 auto; width: 64.325917984455%\" \/><\/a><\/li>\n                <li style=\"display: none; width: 100%;\" class=\"slide-1921 ms-image\"><a href=\"https:\/\/arveres.ugeto.com\/202210\/flickatim\/flickatim3.jpeg\" target=\"_self\"><img width=\"1066\" height=\"1600\" src=\"https:\/\/arveres.ugeto.com\/wp-content\/uploads\/2022\/09\/flickatim3.jpeg\" class=\"slider-1917 slide-1921\" alt=\"\" loading=\"lazy\" rel=\"\" title=\"flickatim3\" style=\"margin: 0 auto; width: 28.553571428571%\" \/><\/a><\/li>\n                <li style=\"display: none; width: 100%;\" class=\"slide-1922 ms-image\"><a href=\"https:\/\/arveres.ugeto.com\/202210\/flickatim\/flickatim4.jpeg\" target=\"_self\"><img width=\"1066\" height=\"1600\" src=\"https:\/\/arveres.ugeto.com\/wp-content\/uploads\/2022\/09\/flickatim4.jpeg\" class=\"slider-1917 slide-1922\" alt=\"\" loading=\"lazy\" rel=\"\" title=\"flickatim4\" style=\"margin: 0 auto; width: 28.553571428571%\" \/><\/a><\/li>\n                <li style=\"display: none; width: 100%;\" class=\"slide-1929 ms-image\"><a href=\"https:\/\/arveres.ugeto.com\/202210\/flickatim\/flickatim5.jpeg\" target=\"_self\"><img width=\"1600\" height=\"1066\" src=\"https:\/\/arveres.ugeto.com\/wp-content\/uploads\/2022\/09\/flickatim5.jpeg\" class=\"slider-1917 slide-1929\" alt=\"\" loading=\"lazy\" rel=\"\" title=\"flickatim5\" style=\"margin: 0 auto; width: 64.325917984455%\" \/><\/a><\/li>\n            <\/ul>\n        <\/div>\n        \n    <\/div>\n<\/div><\/div><\/td><td  width='40%'><p class=\"has-small-font-size\">Sz\u00fcletett: 2021.06.10 <br>\nSz\u00edne: pej <br>\nNeme: kanca<br>\nApja:  Calypso Capar<br>\nAnyja:  Victoria Tim<br>\nRekord:<br>\n\u00c9letnyerem\u00e9ny:<br>\nTulajdonos: Milan Tisma  <br>\nTeny\u00e9szt\u0151:  Milan Tisma<br>\nKateg\u00f3ria: Yearling<br>\nSz\u00e1rmaz\u00e1sa: <a href=\"http:\/\/www.ugeto.com\/pedigre-loker\/141019\" target=\"_blank\" rel=\"noopener noreferrer\">Adatb\u00e1zis megtekint\u00e9se &gt;&gt;<\/a><\/p>\n<\/td><\/tr><\/table>\n\n\n\n<figure class=\"wp-block-embed-youtube wp-block-embed is-type-video is-provider-youtube wp-embed-aspect-16-9 wp-has-aspect-ratio\"><div class=\"wp-block-embed__wrapper\">\n<iframe title=\"16. Flicka TIM\" width=\"1200\" height=\"675\" src=\"https:\/\/www.youtube.com\/embed\/skGav66G-MU?feature=oembed\" frameborder=\"0\" allow=\"accelerometer; autoplay; clipboard-write; encrypted-media; gyroscope; picture-in-picture\" allowfullscreen><\/iframe>\n<\/div><\/figure>\n\n\n\n<p class=\"has-small-font-size\"><table align=\"center\">\n<tr><td style=\"border:none\" width=\"50%\"><form method=\"post\" action=\"ajanlat-tetel.php\" target=\"_blank\">\n              <input type=\"hidden\" name=\"fsz\" value=\"1\"><input type=\"hidden\" name=\"tetel\" value=\"2022100016\">\n    Felhaszn\u00e1l\u00f3 n\u00e9v:<\/td><td style=\"border:none\" width=\"50%\"><input type=\"text\" name=\"user\" value=\"\"><\/td><\/tr>\n    <tr><td style=\"border:none\">Jelsz\u00f3:<\/td><td style=\"border:none\"><input type=\"password\" name=\"adat\" value=\"\"><\/td><\/tr>\n    <tr><td style=\"border:none\">Licit \u00f6sszege:<\/td><td style=\"border:none\"><input type=\"number\" name=\"ajanlat\" value=\"\"><\/td><\/tr>\n    <tr><td style=\"border:none\">Adatokat ellen\u0151riztem:<\/td><td style=\"border:none\"><input type=\"checkbox\" name=\"checked\" value=\"1\"><\/td><\/tr>\n  <tr><td style=\"border:none\"><\/td><td style=\"border:none\">          <input type=\"submit\" value=\"ELK\u00dcLD\u00c9S\"><\/td><\/tr><\/table>\n    \n    <\/form><\/p>\n<br>\n","protected":false},"excerpt":{"rendered":"<p>Eladva: 1 000 000 Ft Lazic Dejan Sz\u00fcletett: 2021.06.10 Sz\u00edne: pej Neme: kanca Apja: Calypso Capar Anyja: Victoria Tim Rekord: \u00c9letnyerem\u00e9ny: Tulajdonos: Milan Tisma Teny\u00e9szt\u0151: Milan Tisma Kateg\u00f3ria: Yearling Sz\u00e1rmaz\u00e1sa: Adatb\u00e1zis megtekint\u00e9se &gt;&gt; Felhaszn\u00e1l\u00f3 n\u00e9v: Jelsz\u00f3: Licit \u00f6sszege: Adatokat ellen\u0151riztem:<\/p>\n","protected":false},"author":1,"featured_media":0,"parent":0,"menu_order":0,"comment_status":"closed","ping_status":"closed","template":"","meta":[],"_links":{"self":[{"href":"https:\/\/arveres.ugeto.com\/index.php?rest_route=\/wp\/v2\/pages\/1741"}],"collection":[{"href":"https:\/\/arveres.ugeto.com\/index.php?rest_route=\/wp\/v2\/pages"}],"about":[{"href":"https:\/\/arveres.ugeto.com\/index.php?rest_route=\/wp\/v2\/types\/page"}],"author":[{"embeddable":true,"href":"https:\/\/arveres.ugeto.com\/index.php?rest_route=\/wp\/v2\/users\/1"}],"replies":[{"embeddable":true,"href":"https:\/\/arveres.ugeto.com\/index.php?rest_route=%2Fwp%2Fv2%2Fcomments&post=1741"}],"version-history":[{"count":8,"href":"https:\/\/arveres.ugeto.com\/index.php?rest_route=\/wp\/v2\/pages\/1741\/revisions"}],"predecessor-version":[{"id":2333,"href":"https:\/\/arveres.ugeto.com\/index.php?rest_route=\/wp\/v2\/pages\/1741\/revisions\/2333"}],"wp:attachment":[{"href":"https:\/\/arveres.ugeto.com\/index.php?rest_route=%2Fwp%2Fv2%2Fmedia&parent=1741"}],"curies":[{"name":"wp","href":"https:\/\/api.w.org\/{rel}","templated":true}]}}