
{"id":1698,"date":"2022-09-15T19:58:05","date_gmt":"2022-09-15T19:58:05","guid":{"rendered":"https:\/\/arveres.ugeto.com\/?page_id=1698"},"modified":"2022-09-29T14:21:36","modified_gmt":"2022-09-29T14:21:36","slug":"5-franko","status":"publish","type":"page","link":"https:\/\/arveres.ugeto.com\/?page_id=1698","title":{"rendered":"5. Frank\u00f3"},"content":{"rendered":"\n<iframe src=\"https:\/\/arveres.ugeto.com\/arveres_allas4.php?tetel=2022100005\" height=\"40\" width=\"100%\"><\/iframe>\n\n\n\n<table><tr><td width='60%'><div class=\"alignnormal\"><div id=\"metaslider-id-1998\" style=\"width: 100%;\" class=\"ml-slider-3-19-1 metaslider metaslider-flex metaslider-1998 ml-slider\">\n    <div id=\"metaslider_container_1998\">\n        <div id=\"metaslider_1998\">\n            <ul aria-live=\"polite\" class=\"slides\">\n                <li style=\"display: none; width: 100%;\" class=\"slide-2001 ms-image\"><a href=\"https:\/\/arveres.ugeto.com\/wp-content\/uploads\/2022\/09\/Franko_1.jpg\" target=\"_self\"><img width=\"1200\" height=\"897\" src=\"https:\/\/arveres.ugeto.com\/wp-content\/uploads\/2022\/09\/Franko_1.jpg\" class=\"slider-1998 slide-2001\" alt=\"\" loading=\"lazy\" rel=\"\" title=\"Franko_1\" style=\"margin: 0 auto; width: 57.333970377449%\" \/><\/a><\/li>\n                <li style=\"display: none; width: 100%;\" class=\"slide-2003 ms-image\"><a href=\"https:\/\/arveres.ugeto.com\/wp-content\/uploads\/2022\/09\/Franko_2.jpg\" target=\"_self\"><img width=\"982\" height=\"1200\" src=\"https:\/\/arveres.ugeto.com\/wp-content\/uploads\/2022\/09\/Franko_2.jpg\" class=\"slider-1998 slide-2003\" alt=\"\" loading=\"lazy\" rel=\"\" title=\"Franko_2\" style=\"margin: 0 auto; width: 35.071428571429%\" \/><\/a><\/li>\n                <li style=\"display: none; width: 100%;\" class=\"slide-2005 ms-image\"><a href=\"https:\/\/arveres.ugeto.com\/wp-content\/uploads\/2022\/09\/Franko_3.jpg\" target=\"_self\"><img width=\"1200\" height=\"788\" src=\"https:\/\/arveres.ugeto.com\/wp-content\/uploads\/2022\/09\/Franko_3.jpg\" class=\"slider-1998 slide-2005\" alt=\"\" loading=\"lazy\" rel=\"\" title=\"Franko_3\" style=\"margin: 0 auto; width: 65.264684554025%\" \/><\/a><\/li>\n                <li style=\"display: none; width: 100%;\" class=\"slide-2007 ms-image\"><a href=\"https:\/\/arveres.ugeto.com\/wp-content\/uploads\/2022\/09\/Franko_4.jpg\" target=\"_self\"><img width=\"1200\" height=\"764\" src=\"https:\/\/arveres.ugeto.com\/wp-content\/uploads\/2022\/09\/Franko_4.jpg\" class=\"slider-1998 slide-2007\" alt=\"\" loading=\"lazy\" rel=\"\" title=\"Franko_4\" style=\"margin: 0 auto; width: 67.314884068811%\" \/><\/a><\/li>\n            <\/ul>\n        <\/div>\n        \n    <\/div>\n<\/div><\/div><\/td><td  width='40%'><p class=\"has-small-font-size\">Sz\u00fcletett: 2021.04.08 <br>\nSz\u00edne: s\u00f6t\u00e9tpej <br>\nNeme: m\u00e9n<br>\nApja: Maximus Lindy<br>\nAnyja: Beautiful Barbie<br>\nRekord:<br>\n\u00c9letnyerem\u00e9ny:<br>\nTulajdonos: Zs\u00e1lek Zsolt <br>\nTeny\u00e9szt\u0151: Zs\u00e1lek Zsolt<br>\nKateg\u00f3ria: Yearling<br>\nSz\u00e1rmaz\u00e1sa: <a href=\"http:\/\/www.ugeto.com\/pedigre-loker\/140909\" target=\"_blank\" rel=\"noopener noreferrer\">Adatb\u00e1zis megtekint\u00e9se &gt;&gt;<\/a><\/p>\n<\/td><\/tr><\/table>\n\n\n\n<p class=\"has-small-font-size\"><table align=\"center\">\n<tr><td style=\"border:none\" width=\"50%\"><form method=\"post\" action=\"ajanlat-tetel.php\" target=\"_blank\">\n              <input type=\"hidden\" name=\"fsz\" value=\"1\"><input type=\"hidden\" name=\"tetel\" value=\"2022100005\">\n    Felhaszn\u00e1l\u00f3 n\u00e9v:<\/td><td style=\"border:none\" width=\"50%\"><input type=\"text\" name=\"user\" value=\"\"><\/td><\/tr>\n    <tr><td style=\"border:none\">Jelsz\u00f3:<\/td><td style=\"border:none\"><input type=\"password\" name=\"adat\" value=\"\"><\/td><\/tr>\n    <tr><td style=\"border:none\">Licit \u00f6sszege:<\/td><td style=\"border:none\"><input type=\"number\" name=\"ajanlat\" value=\"\"><\/td><\/tr>\n    <tr><td style=\"border:none\">Adatokat ellen\u0151riztem:<\/td><td style=\"border:none\"><input type=\"checkbox\" name=\"checked\" value=\"1\"><\/td><\/tr>\n  <tr><td style=\"border:none\"><\/td><td style=\"border:none\">          <input type=\"submit\" value=\"ELK\u00dcLD\u00c9S\"><\/td><\/tr><\/table>\n    \n    <\/form><\/p>\n<br>\n","protected":false},"excerpt":{"rendered":"<p>Sz\u00fcletett: 2021.04.08 Sz\u00edne: s\u00f6t\u00e9tpej Neme: m\u00e9n Apja: Maximus Lindy Anyja: Beautiful Barbie Rekord: \u00c9letnyerem\u00e9ny: Tulajdonos: Zs\u00e1lek Zsolt Teny\u00e9szt\u0151: Zs\u00e1lek Zsolt Kateg\u00f3ria: Yearling Sz\u00e1rmaz\u00e1sa: Adatb\u00e1zis megtekint\u00e9se &gt;&gt; Felhaszn\u00e1l\u00f3 n\u00e9v: Jelsz\u00f3: Licit \u00f6sszege: Adatokat ellen\u0151riztem:<\/p>\n","protected":false},"author":1,"featured_media":0,"parent":0,"menu_order":0,"comment_status":"closed","ping_status":"closed","template":"","meta":[],"_links":{"self":[{"href":"https:\/\/arveres.ugeto.com\/index.php?rest_route=\/wp\/v2\/pages\/1698"}],"collection":[{"href":"https:\/\/arveres.ugeto.com\/index.php?rest_route=\/wp\/v2\/pages"}],"about":[{"href":"https:\/\/arveres.ugeto.com\/index.php?rest_route=\/wp\/v2\/types\/page"}],"author":[{"embeddable":true,"href":"https:\/\/arveres.ugeto.com\/index.php?rest_route=\/wp\/v2\/users\/1"}],"replies":[{"embeddable":true,"href":"https:\/\/arveres.ugeto.com\/index.php?rest_route=%2Fwp%2Fv2%2Fcomments&post=1698"}],"version-history":[{"count":4,"href":"https:\/\/arveres.ugeto.com\/index.php?rest_route=\/wp\/v2\/pages\/1698\/revisions"}],"predecessor-version":[{"id":2008,"href":"https:\/\/arveres.ugeto.com\/index.php?rest_route=\/wp\/v2\/pages\/1698\/revisions\/2008"}],"wp:attachment":[{"href":"https:\/\/arveres.ugeto.com\/index.php?rest_route=%2Fwp%2Fv2%2Fmedia&parent=1698"}],"curies":[{"name":"wp","href":"https:\/\/api.w.org\/{rel}","templated":true}]}}